{"id":46337,"date":"2024-02-29T05:39:01","date_gmt":"2024-02-29T05:39:01","guid":{"rendered":"https:\/\/e.kosmolat.eu\/product\/hs-crazy-hair-trihologiskais-galvas-ad-pil-ar-laima-un-piparmetr-arom-100-ml\/"},"modified":"2026-04-20T07:58:30","modified_gmt":"2026-04-20T07:58:30","slug":"hs-crazy-hair-trihologiskais-galvas-ad-pil-ar-laima-un-piparmetr-arom-100-ml","status":"publish","type":"product","link":"https:\/\/e.kosmolat.eu\/lv\/product\/hs-crazy-hair-trihologiskais-galvas-ad-pil-ar-laima-un-piparmetr-arom-100-ml\/","title":{"rendered":"HS Crazy Hair Triholo\u0123iskais galvas \u0101d. p\u012bl. ar laima un piparm\u0113tr. arom, 100 ml"},"content":{"rendered":"<p>P\u012blings ar 3% mande\u013csk\u0101bi pa\u0101trina epidermas atjauno&scaron;an\u0101s procesu, regul\u0113 tauku dziedzeru darb\u012bbu un atjauno galvas \u0101das l\u012bdzsvaru. Triholo\u0123iskais p\u012blings ir b\u016btisks galvas \u0101das un matu kop&scaron;anas elements. Regul\u0101ri p\u012blingi pal\u012bdz atbr\u012bvoties no atmiru&scaron;aj\u0101m epidermas &scaron;\u016bn\u0101m, k\u0101 ar\u012b efekt\u012bvi att\u012bra un atsvaidzina galvas \u0101du.<\/p>\n<p><strong>Kas nodro&scaron;ina WOW efektu?<\/strong><\/p>\n<ul>\n<li>3% mande\u013csk\u0101be<strong> <\/strong>&ndash; att\u012bra matu folikulus, un vitam\u012bns B3 regul\u0113 sebuma izdal\u012b&scaron;anos.<\/li>\n<li>Niacinam\u012bds (B3 vitam\u012bns)<strong> <\/strong>&ndash; efekt\u012bvi c\u012bn\u0101s ar blaugzn\u0101m, regul\u0113 sebuma izdal\u012b&scaron;anos un samazina matu izkri&scaron;anu.<\/li>\n<li>Trehaloze un ur\u012bnviela &ndash; lieliski mitrina un m\u012bkstina, k\u0101 ar\u012b paaugstina akt\u012bvo sast\u0101vda\u013cu efektivit\u0101ti &scaron;aj\u0101 formul\u0101.<\/li>\n<li>\u0100bolu sidra eti\u0137is &ndash; atjauno galvas \u0101das dab\u012bgo pH l\u012bmeni un stiprina galvas \u0101du.<\/li>\n<li>Lavandas, saldo apels\u012bnu un laima e\u013c\u013cas &ndash; t\u0101m piem\u012bt aromterapeitisks efekts un t\u0101m ir relaks\u0113jo&scaron;a iedarb\u012bba.<\/li>\n<\/ul>\n<p><strong>Lieto&scaron;ana: <\/strong>uzkl\u0101jiet nepiecie&scaron;amo produkta daudzumu uz sausas galvas \u0101das, sadalot matus &scaron;\u0137ipsn\u0101s. P\u0113c tam maigi iemas\u0113jiet galvas \u0101d\u0101. P\u0113c apm\u0113ram 10-15 min\u016bt\u0113m r\u016bp\u012bgi noskalojiet ar siltu \u016bdeni.<\/p>\n<p>Dermatolo\u0123iski p\u0101rbaud\u012bts.<br \/>\n&nbsp;<\/p>\n","protected":false},"excerpt":{"rendered":"<p>P\u012blings ar 3% mande\u013csk\u0101bi pa\u0101trina epidermas atjauno&scaron;an\u0101s procesu, regul\u0113 tauku dziedzeru darb\u012bbu un atjauno galvas \u0101das l\u012bdzsvaru. Triholo\u0123iskais p\u012blings ir b\u016btisks galvas \u0101das un matu kop&scaron;anas elements. Regul\u0101ri p\u012blingi pal\u012bdz atbr\u012bvoties no atmiru&scaron;aj\u0101m epidermas &scaron;\u016bn\u0101m, k\u0101 ar\u012b efekt\u012bvi att\u012bra un atsvaidzina galvas \u0101du. Kas nodro&scaron;ina WOW efektu? 3% mande\u013csk\u0101be &ndash; att\u012bra matu folikulus, un vitam\u012bns [&#8230;]\n","protected":false},"featured_media":90630,"template":"","meta":[],"product_cat":[1346],"product_tag":[],"class_list":{"0":"post-46337","1":"product","2":"type-product","3":"status-publish","4":"has-post-thumbnail","6":"product_brand-hiskin_pl","7":"product_cat-1346","9":"first","10":"instock","11":"taxable","12":"shipping-taxable","13":"product-type-simple"},"_links":{"self":[{"href":"https:\/\/e.kosmolat.eu\/lv\/wp-json\/wp\/v2\/product\/46337","targetHints":{"allow":["GET"]}}],"collection":[{"href":"https:\/\/e.kosmolat.eu\/lv\/wp-json\/wp\/v2\/product"}],"about":[{"href":"https:\/\/e.kosmolat.eu\/lv\/wp-json\/wp\/v2\/types\/product"}],"wp:featuredmedia":[{"embeddable":true,"href":"https:\/\/e.kosmolat.eu\/lv\/wp-json\/wp\/v2\/media\/90630"}],"wp:attachment":[{"href":"https:\/\/e.kosmolat.eu\/lv\/wp-json\/wp\/v2\/media?parent=46337"}],"wp:term":[{"taxonomy":"product_cat","embeddable":true,"href":"https:\/\/e.kosmolat.eu\/lv\/wp-json\/wp\/v2\/product_cat?post=46337"},{"taxonomy":"product_tag","embeddable":true,"href":"https:\/\/e.kosmolat.eu\/lv\/wp-json\/wp\/v2\/product_tag?post=46337"}],"curies":[{"name":"wp","href":"https:\/\/api.w.org\/{rel}","templated":true}]}}