{"id":46329,"date":"2024-02-29T05:38:42","date_gmt":"2024-02-29T05:38:42","guid":{"rendered":"https:\/\/e.kosmolat.eu\/product\/hs-crazy-hair-losjons-galvas-ad-ar-lavandas-arom-100-ml\/"},"modified":"2026-04-21T06:50:06","modified_gmt":"2026-04-21T06:50:06","slug":"hs-crazy-hair-losjons-galvas-ad-ar-lavandas-arom-100-ml","status":"publish","type":"product","link":"https:\/\/e.kosmolat.eu\/lv\/product\/hs-crazy-hair-losjons-galvas-ad-ar-lavandas-arom-100-ml\/","title":{"rendered":"HS Crazy Hair Losjons galvas \u0101d. ar lavandas arom., 100 ml"},"content":{"rendered":"<p>Alkoholu nesaturo&scaron;a formula stimul\u0113 matu aug&scaron;anu un samazina matu izkri&scaron;anu. Ikdienas galvas \u0101das mas\u0101\u017ea ar &scaron;o losjonu ir lielisks veids, k\u0101 atp\u016bsties un stimul\u0113t galvas \u0101das mikrocirkul\u0101ciju.<br \/>\n\u012apa&scaron;i izstr\u0101d\u0101tas losjona akt\u012bvo sast\u0101vda\u013cu komplekss pal\u012bdz atjaunot boj\u0101tus matus. Papildus relaks\u0101cijai, losjons stiprina matu folikulus un stimul\u0113 jaunu matu aug&scaron;anu.<\/p>\n<p><strong>Kas nodro&scaron;ina WOW efektu?<\/strong><\/p>\n<ul>\n<li>Vara pept\u012bdi &ndash; veicina matu aug&scaron;anu un blo\u0137\u0113 enz\u012bmus, kas ir atbild\u012bgi par matu izkri&scaron;anu.<\/li>\n<li>Baobaba, alvejas un za\u013c\u0101s t\u0113jas ekstrakts &ndash; mitrina un nomierina galvas \u0101du.<\/li>\n<li>Kofe\u012bns &ndash; aktiviz\u0113 matu aug&scaron;anu.<\/li>\n<li>Trehaloze un ur\u012bnviela &ndash; lieliski mitrina un m\u012bkstina galvas \u0101du, k\u0101 ar\u012b paaugstina akt\u012bvo sast\u0101vda\u013cu efektivit\u0101ti &scaron;aj\u0101 formul\u0101.<\/li>\n<li>Ka\u0146epju e\u013c\u013ca un CBD &ndash; regul\u0113 tauku dziedzeru darb\u012bbu, samazinot galvas \u0101das taukain\u012bbu.<\/li>\n<li>Lavandas e\u013c\u013ca &ndash; tai piem\u012bt aromterapeitiska iedarb\u012bba un tai ir relaks\u0113jo&scaron;s arom\u0101ts.<\/li>\n<\/ul>\n<p><strong>Lieto&scaron;ana:<\/strong> vienm\u0113r\u012bgi uzkl\u0101t l\u012bdzekli uz galvas \u0101das, p\u0113c tam maigi iemas\u0113t.<\/p>\n<p><strong>Noder\u012bgi!&nbsp;<\/strong><br \/>\nLai sasniegtu lab\u0101kus rezult\u0101tus, uzkl\u0101jiet losjonu uz sausas, att\u012br\u012btas galvas \u0101das. Ieteicams lietot m\u0113ne&scaron;a garum\u0101, katru dienu, veicot ned\u0113\u013cas partraukumu.&nbsp;<\/p>\n<p>Dermatolo\u0123iski p\u0101rbaud\u012bts.<\/p>\n<p>\n&nbsp;<\/p>\n","protected":false},"excerpt":{"rendered":"<p>Alkoholu nesaturo&scaron;a formula stimul\u0113 matu aug&scaron;anu un samazina matu izkri&scaron;anu. Ikdienas galvas \u0101das mas\u0101\u017ea ar &scaron;o losjonu ir lielisks veids, k\u0101 atp\u016bsties un stimul\u0113t galvas \u0101das mikrocirkul\u0101ciju. \u012apa&scaron;i izstr\u0101d\u0101tas losjona akt\u012bvo sast\u0101vda\u013cu komplekss pal\u012bdz atjaunot boj\u0101tus matus. Papildus relaks\u0101cijai, losjons stiprina matu folikulus un stimul\u0113 jaunu matu aug&scaron;anu. Kas nodro&scaron;ina WOW efektu? Vara pept\u012bdi &ndash; [&#8230;]\n","protected":false},"featured_media":90626,"template":"","meta":[],"product_cat":[2182],"product_tag":[],"class_list":{"0":"post-46329","1":"product","2":"type-product","3":"status-publish","4":"has-post-thumbnail","6":"product_brand-hiskin_pl","7":"product_cat-bez-kategorijas-ru","9":"first","10":"instock","11":"taxable","12":"shipping-taxable","13":"product-type-simple"},"_links":{"self":[{"href":"https:\/\/e.kosmolat.eu\/lv\/wp-json\/wp\/v2\/product\/46329","targetHints":{"allow":["GET"]}}],"collection":[{"href":"https:\/\/e.kosmolat.eu\/lv\/wp-json\/wp\/v2\/product"}],"about":[{"href":"https:\/\/e.kosmolat.eu\/lv\/wp-json\/wp\/v2\/types\/product"}],"wp:featuredmedia":[{"embeddable":true,"href":"https:\/\/e.kosmolat.eu\/lv\/wp-json\/wp\/v2\/media\/90626"}],"wp:attachment":[{"href":"https:\/\/e.kosmolat.eu\/lv\/wp-json\/wp\/v2\/media?parent=46329"}],"wp:term":[{"taxonomy":"product_cat","embeddable":true,"href":"https:\/\/e.kosmolat.eu\/lv\/wp-json\/wp\/v2\/product_cat?post=46329"},{"taxonomy":"product_tag","embeddable":true,"href":"https:\/\/e.kosmolat.eu\/lv\/wp-json\/wp\/v2\/product_tag?post=46329"}],"curies":[{"name":"wp","href":"https:\/\/api.w.org\/{rel}","templated":true}]}}