{"id":46321,"date":"2024-02-29T05:38:23","date_gmt":"2024-02-29T05:38:23","guid":{"rendered":"https:\/\/e.kosmolat.eu\/product\/hs-crazy-hair-atjaunojos-matu-maska-ar-mell-arom-300-ml\/"},"modified":"2026-04-23T09:57:05","modified_gmt":"2026-04-23T09:57:05","slug":"hs-crazy-hair-atjaunojos-matu-maska-ar-mell-arom-300-ml","status":"publish","type":"product","link":"https:\/\/e.kosmolat.eu\/lv\/product\/hs-crazy-hair-atjaunojos-matu-maska-ar-mell-arom-300-ml\/","title":{"rendered":"HS Crazy Hair Atjaunojo\u0161. matu maska ar mell. arom., 300 ml"},"content":{"rendered":"<p>Atjaunojo&scaron;a matu maska par\u016bp\u0113sies par j\u016bsu matiem, kam\u0113r j\u016bs atp\u016b&scaron;aties. Maska satur olbaltumvielas, m\u012bkstino&scaron;as un mitrino&scaron;as sast\u0101vda\u013cas, kas nodro&scaron;in\u0101s j\u016bsu matiem nepiecie&scaron;amos komponentus matu baro&scaron;anai un stiprin\u0101&scaron;anai &#8211; visu vien\u0101 proced\u016br\u0101!<\/p>\n<p><strong>PEH l\u012bdzsvars:<\/strong><br \/>\nProdukta sast\u0101vs ir izstr\u0101d\u0101ts, lai uztur\u0113tu l\u012bdzsvaru starp olbaltumviel\u0101m, m\u012bkstin\u0101t\u0101jiem un mitrin\u0101t\u0101jiem (PEH) &#8211; trim galvenajiem matu kop&scaron;anas elementiem.<\/p>\n<p><strong>Kas nodro&scaron;ina WOW efektu?&nbsp;<\/strong><\/p>\n<ul>\n<li>Argin\u012bns &ndash; ir dabiskas izcelsmesaminosk\u0101be. Argin\u012bns pie&scaron;\u0137ir matiem papildu apjomu un stimul\u0113 to aug&scaron;anu, veicinot akt\u012bvo vielu iek\u013c\u016b&scaron;anu galvas \u0101d\u0101.<\/li>\n<li>Hidroliz\u0113tie r\u012bsu, kukur\u016bzas un kvie&scaron;u prote\u012bni &ndash; nov\u0113r&scaron; matu elektriz\u0113&scaron;anos, m\u012bkstina un padara matus glud\u0101kus.<\/li>\n<li>Gard\u0113nijas ekstrakts &ndash; pasarg\u0101 matus no p\u016bko&scaron;an\u0101s.&nbsp;<\/li>\n<li>Saldo mande\u013cu e\u013c\u013ca &ndash; aizver matu kutikulu, padarot tos glud\u0101kus.<\/li>\n<li>Glikonolaktons, trehaloze&nbsp;un ur\u012bnviela<strong> <\/strong>&ndash; nodro&scaron;ina superhidrat\u0101ciju un uztur mitrumu matu strukt\u016br\u0101.<\/li>\n<\/ul>\n<p><strong>Lieto&scaron;ana: <\/strong>uzkl\u0101jiet nelielu daudzumu uz mitriem matiem. Izmantojiet \u0137emmi ar platiem zobiem un vienm\u0113r\u012bgi sadaliet masku, izvairoties no matu sakn\u0113m. Atst\u0101jiet uz 15 min\u016bt\u0113m vai ilg\u0101k, p\u0113c tam noskalojiet ar siltu \u016bdeni.<\/p>\n<p>Dermatolo\u0123iski p\u0101rbaud\u012bts.<br \/>\n&nbsp;<\/p>\n","protected":false},"excerpt":{"rendered":"<p>Atjaunojo&scaron;a matu maska par\u016bp\u0113sies par j\u016bsu matiem, kam\u0113r j\u016bs atp\u016b&scaron;aties. Maska satur olbaltumvielas, m\u012bkstino&scaron;as un mitrino&scaron;as sast\u0101vda\u013cas, kas nodro&scaron;in\u0101s j\u016bsu matiem nepiecie&scaron;amos komponentus matu baro&scaron;anai un stiprin\u0101&scaron;anai &#8211; visu vien\u0101 proced\u016br\u0101! PEH l\u012bdzsvars: Produkta sast\u0101vs ir izstr\u0101d\u0101ts, lai uztur\u0113tu l\u012bdzsvaru starp olbaltumviel\u0101m, m\u012bkstin\u0101t\u0101jiem un mitrin\u0101t\u0101jiem (PEH) &#8211; trim galvenajiem matu kop&scaron;anas elementiem. Kas nodro&scaron;ina WOW [&#8230;]\n","protected":false},"featured_media":90622,"template":"","meta":[],"product_cat":[1257],"product_tag":[],"class_list":{"0":"post-46321","1":"product","2":"type-product","3":"status-publish","4":"has-post-thumbnail","6":"product_brand-hiskin_pl","7":"product_cat-1257","9":"first","10":"instock","11":"taxable","12":"shipping-taxable","13":"product-type-simple"},"_links":{"self":[{"href":"https:\/\/e.kosmolat.eu\/lv\/wp-json\/wp\/v2\/product\/46321","targetHints":{"allow":["GET"]}}],"collection":[{"href":"https:\/\/e.kosmolat.eu\/lv\/wp-json\/wp\/v2\/product"}],"about":[{"href":"https:\/\/e.kosmolat.eu\/lv\/wp-json\/wp\/v2\/types\/product"}],"wp:featuredmedia":[{"embeddable":true,"href":"https:\/\/e.kosmolat.eu\/lv\/wp-json\/wp\/v2\/media\/90622"}],"wp:attachment":[{"href":"https:\/\/e.kosmolat.eu\/lv\/wp-json\/wp\/v2\/media?parent=46321"}],"wp:term":[{"taxonomy":"product_cat","embeddable":true,"href":"https:\/\/e.kosmolat.eu\/lv\/wp-json\/wp\/v2\/product_cat?post=46321"},{"taxonomy":"product_tag","embeddable":true,"href":"https:\/\/e.kosmolat.eu\/lv\/wp-json\/wp\/v2\/product_tag?post=46321"}],"curies":[{"name":"wp","href":"https:\/\/api.w.org\/{rel}","templated":true}]}}