{"id":46313,"date":"2024-02-29T05:38:03","date_gmt":"2024-02-29T05:38:03","guid":{"rendered":"https:\/\/e.kosmolat.eu\/product\/hs-crazy-hair-maigi-attir-samp-ar-laima-un-kivi-arom-300-ml\/"},"modified":"2026-04-23T09:56:47","modified_gmt":"2026-04-23T09:56:47","slug":"hs-crazy-hair-maigi-attir-samp-ar-laima-un-kivi-arom-300-ml","status":"publish","type":"product","link":"https:\/\/e.kosmolat.eu\/lv\/product\/hs-crazy-hair-maigi-attir-samp-ar-laima-un-kivi-arom-300-ml\/","title":{"rendered":"HS Crazy Hair Maigi att\u012br. \u0161amp. ar laima un kivi arom., 300 ml"},"content":{"rendered":"<p>Maigs &scaron;amp\u016bns ikdienas galvas \u0101das un matu att\u012br\u012b&scaron;anai. \u013boti maigi att\u012bra galvas \u0101du un matus, pie&scaron;\u0137irot matiem sp\u012bdumu un apjomu un sagatavojot matus n\u0101kamajiem kop&scaron;anas posmiem!<\/p>\n<p><strong>Galvas \u0101das lip\u012bdu l\u012bdzsvars:<\/strong><br \/>\nR\u016bp\u012bgi izstr\u0101d\u0101ta att\u012bro&scaron;o komponentu un akt\u012bvo sast\u0101vda\u013cu kombin\u0101cija &nbsp;normaliz\u0113 galvas \u0101das lip\u012bdu l\u012bdzsvaru.<\/p>\n<p><strong>K\u0101 tas darbojas?&nbsp;<\/strong><br \/>\nSast\u0101v\u0101 eso&scaron;ais<strong> laurilglikoz\u012bds un kokamidopropilbetains<\/strong> &#8211; ir maigs nejonu un amfoterisko virsmakt\u012bvo vielu savienojums, kas nekairina galvas \u0101du, labi att\u012bra un veido biezas putas.<\/p>\n<p><strong>Kas nodro&scaron;ina WOW efektu?<\/strong><br \/>\nAlvejas sula kombin\u0101cij\u0101 ar trehalozi un ur\u012bnvielu nodro&scaron;ina superhidrat\u0101ciju un saglab\u0101 \u016bdeni matu strukt\u016br\u0101.<br \/>\nArgin\u012bns kombin\u0101cij\u0101 ar rozmar\u012bnu un za\u013c\u0101s t\u0113jas ekstraktu stiprina matus, atjauno un aizsarg\u0101 pret \u0101r\u0113jo faktoru kait\u012bgo iedarb\u012bbu.<\/p>\n<p><strong>Lieto&scaron;ana: <\/strong>uzkl\u0101t &scaron;amp\u016bnu uz rok\u0101m un maigi iemas\u0113t mitros matos un galvas \u0101d\u0101. Saputot un r\u016bp\u012bgi noskalot ar siltu \u016bdeni.<\/p>\n<p><strong>Noder\u012bgi padomi!&nbsp;<\/strong><\/p>\n<ul>\n<li>Ir ieteicams mazg\u0101t tikai galvu. Nav nepiecie&scaron;ams uzkl\u0101t &scaron;amp\u016bnu vis\u0101 matu garum\u0101.<\/li>\n<li>&Scaron;is &scaron;amp\u016bns lieliski piem\u0113rots matu mazg\u0101&scaron;anai, izmantojot OMO metodi, kas sast\u0101v no trim posmiem: kondicionieris-&scaron;amp\u016bns-kondicionieris, jo &scaron;aj\u0101 metod\u0113 ir svar\u012bgi, lai &scaron;amp\u016bna sast\u0101v\u0101 neb\u016btu SLS un t\u0101 atvasin\u0101jumu.<\/li>\n<\/ul>\n<p>Dermatolo\u0123iski p\u0101rbaud\u012bts.<\/p>\n<p>\n&nbsp;<\/p>\n","protected":false},"excerpt":{"rendered":"<p>Maigs &scaron;amp\u016bns ikdienas galvas \u0101das un matu att\u012br\u012b&scaron;anai. \u013boti maigi att\u012bra galvas \u0101du un matus, pie&scaron;\u0137irot matiem sp\u012bdumu un apjomu un sagatavojot matus n\u0101kamajiem kop&scaron;anas posmiem! Galvas \u0101das lip\u012bdu l\u012bdzsvars: R\u016bp\u012bgi izstr\u0101d\u0101ta att\u012bro&scaron;o komponentu un akt\u012bvo sast\u0101vda\u013cu kombin\u0101cija &nbsp;normaliz\u0113 galvas \u0101das lip\u012bdu l\u012bdzsvaru. K\u0101 tas darbojas?&nbsp; Sast\u0101v\u0101 eso&scaron;ais laurilglikoz\u012bds un kokamidopropilbetains &#8211; ir maigs nejonu [&#8230;]\n","protected":false},"featured_media":78067,"template":"","meta":[],"product_cat":[1252],"product_tag":[],"class_list":{"0":"post-46313","1":"product","2":"type-product","3":"status-publish","4":"has-post-thumbnail","6":"product_brand-hiskin_pl","7":"product_cat-1252","9":"first","10":"instock","11":"taxable","12":"shipping-taxable","13":"product-type-simple"},"_links":{"self":[{"href":"https:\/\/e.kosmolat.eu\/lv\/wp-json\/wp\/v2\/product\/46313","targetHints":{"allow":["GET"]}}],"collection":[{"href":"https:\/\/e.kosmolat.eu\/lv\/wp-json\/wp\/v2\/product"}],"about":[{"href":"https:\/\/e.kosmolat.eu\/lv\/wp-json\/wp\/v2\/types\/product"}],"wp:featuredmedia":[{"embeddable":true,"href":"https:\/\/e.kosmolat.eu\/lv\/wp-json\/wp\/v2\/media\/78067"}],"wp:attachment":[{"href":"https:\/\/e.kosmolat.eu\/lv\/wp-json\/wp\/v2\/media?parent=46313"}],"wp:term":[{"taxonomy":"product_cat","embeddable":true,"href":"https:\/\/e.kosmolat.eu\/lv\/wp-json\/wp\/v2\/product_cat?post=46313"},{"taxonomy":"product_tag","embeddable":true,"href":"https:\/\/e.kosmolat.eu\/lv\/wp-json\/wp\/v2\/product_tag?post=46313"}],"curies":[{"name":"wp","href":"https:\/\/api.w.org\/{rel}","templated":true}]}}