{"id":46305,"date":"2024-02-29T05:37:40","date_gmt":"2024-02-29T05:37:40","guid":{"rendered":"https:\/\/e.kosmolat.eu\/product\/hs-much-more-than-sild-modelej-kerm-sviests-170-ml\/"},"modified":"2025-09-20T03:07:36","modified_gmt":"2025-09-20T03:07:36","slug":"i_hs-much-more-than-sild-modelej-kerm-sviests-170-ml","status":"publish","type":"product","link":"https:\/\/e.kosmolat.eu\/lv\/product\/i_hs-much-more-than-sild-modelej-kerm-sviests-170-ml\/","title":{"rendered":"I_HS Much More Than Sild. Model\u0113j. \u0137erm. sviests, 170 ml"},"content":{"rendered":"<p>Daudz vair\u0101k&#8230; tas ir vair\u0101k nek\u0101 klasisk\u0101 \u0101das kop&scaron;ana \ud83d\ude42 Atkl\u0101j mas\u0101\u017eas sp\u0113ku, kas saglab\u0101s j\u016bsu \u0101du lab\u0101 form\u0101 uz ilgu laiku.<\/p>\n<p><strong>Akt\u012bv\u0101s sast\u0101vda\u013cas:<\/strong><\/p>\n<p><strong>Kakao sviests<\/strong> &ndash; iee\u013c\u013co un atjauno \u0101du, uzlabojot elast\u012bbu un nodro&scaron;inot sl\u012bd\u0113&scaron;anu mas\u0101\u017eas laik\u0101.<br \/>\n<strong>Kofe\u012bns<\/strong> &ndash; nov\u0113r&scaron; tauku uzkr\u0101&scaron;anos &scaron;\u016bn\u0101s. Tam piem\u012bt pretcelul\u012bta un detoksik\u0101cijas iedarb\u012bba uz \u0101du.<\/p>\n<p><strong>Lieto&scaron;ana:<\/strong> uzkl\u0101jiet pl\u0101n\u0101 k\u0101rt\u0101 uz viet\u0101m, kur ir lieki taukaudi(v\u0113ders, viduklis, gurni, s\u0113\u017eamvieta, s\u0101ni, rokas) . Veiciet intens\u012bvu mas\u0101\u017eu, l\u012bdz piln\u012bb\u0101 uzs\u016bcas. Lietojiet no r\u012bta un vakar\u0101. Pat\u012bkama siltuma saj\u016bta un neliels \u0101das aps\u0101rtums var palikt uz \u0101das pat vair\u0101kas min\u016btes p\u0113c uzkl\u0101&scaron;anas.<\/p>\n<p><strong>Piesardz\u012bbas pas\u0101kumi:<\/strong> nav ieteicams lietot person\u0101m ar jut\u012bgu \u0101du, ar noslieci uz asinsvadu pl\u012bsumiem vai varikoz\u0101m v\u0113n\u0101m. Izvairieties no saskares ar ac\u012bm.<\/p>\n<p>Dermatolo\u0123iski p\u0101rbaud\u012bts.<br \/>\n&nbsp;<\/p>\n","protected":false},"excerpt":{"rendered":"<p>Daudz vair\u0101k&#8230; tas ir vair\u0101k nek\u0101 klasisk\u0101 \u0101das kop&scaron;ana \ud83d\ude42 Atkl\u0101j mas\u0101\u017eas sp\u0113ku, kas saglab\u0101s j\u016bsu \u0101du lab\u0101 form\u0101 uz ilgu laiku. Akt\u012bv\u0101s sast\u0101vda\u013cas: Kakao sviests &ndash; iee\u013c\u013co un atjauno \u0101du, uzlabojot elast\u012bbu un nodro&scaron;inot sl\u012bd\u0113&scaron;anu mas\u0101\u017eas laik\u0101. Kofe\u012bns &ndash; nov\u0113r&scaron; tauku uzkr\u0101&scaron;anos &scaron;\u016bn\u0101s. Tam piem\u012bt pretcelul\u012bta un detoksik\u0101cijas iedarb\u012bba uz \u0101du. Lieto&scaron;ana: uzkl\u0101jiet pl\u0101n\u0101 [&#8230;]\n","protected":false},"featured_media":90618,"template":"","meta":[],"product_cat":[1999],"product_tag":[],"class_list":{"0":"post-46305","1":"product","2":"type-product","3":"status-publish","4":"has-post-thumbnail","6":"product_brand-hiskin_pl","7":"product_cat-bez-kategorijas","9":"first","10":"outofstock","11":"taxable","12":"shipping-taxable","13":"product-type-simple"},"_links":{"self":[{"href":"https:\/\/e.kosmolat.eu\/lv\/wp-json\/wp\/v2\/product\/46305","targetHints":{"allow":["GET"]}}],"collection":[{"href":"https:\/\/e.kosmolat.eu\/lv\/wp-json\/wp\/v2\/product"}],"about":[{"href":"https:\/\/e.kosmolat.eu\/lv\/wp-json\/wp\/v2\/types\/product"}],"wp:featuredmedia":[{"embeddable":true,"href":"https:\/\/e.kosmolat.eu\/lv\/wp-json\/wp\/v2\/media\/90618"}],"wp:attachment":[{"href":"https:\/\/e.kosmolat.eu\/lv\/wp-json\/wp\/v2\/media?parent=46305"}],"wp:term":[{"taxonomy":"product_cat","embeddable":true,"href":"https:\/\/e.kosmolat.eu\/lv\/wp-json\/wp\/v2\/product_cat?post=46305"},{"taxonomy":"product_tag","embeddable":true,"href":"https:\/\/e.kosmolat.eu\/lv\/wp-json\/wp\/v2\/product_tag?post=46305"}],"curies":[{"name":"wp","href":"https:\/\/api.w.org\/{rel}","templated":true}]}}