{"id":46297,"date":"2024-02-29T05:37:19","date_gmt":"2024-02-29T05:37:19","guid":{"rendered":"https:\/\/e.kosmolat.eu\/product\/hs-much-more-than-atves-pretcelul-kerm-sviests-220-ml\/"},"modified":"2025-09-20T03:07:19","modified_gmt":"2025-09-20T03:07:19","slug":"i_hs-much-more-than-atves-pretcelul-kerm-sviests-220-ml","status":"publish","type":"product","link":"https:\/\/e.kosmolat.eu\/lv\/product\/i_hs-much-more-than-atves-pretcelul-kerm-sviests-220-ml\/","title":{"rendered":"I_HS Much More Than Atv\u0113s. Pretcelul. \u0137erm. sviests, 220 ml"},"content":{"rendered":"<p>Daudz vair\u0101k&#8230; tas ir vair\u0101k nek\u0101 klasisk\u0101 \u0101das kop&scaron;ana \ud83d\ude42 Atkl\u0101j mas\u0101\u017eas sp\u0113ku, kas saglab\u0101s j\u016bsu \u0101du lab\u0101 form\u0101 uz ilgu laiku.<\/p>\n<p><strong>Akt\u012bv\u0101s sast\u0101vda\u013cas:<\/strong><\/p>\n<p><strong>Pretcelul\u012bta e\u013c\u013ca:<\/strong> unik\u0101ls sast\u0101vda\u013cu komplekss ar pretcelul\u012bta iedarb\u012bbu.&nbsp;<br \/>\n<strong>Biomim\u0113tiskie pept\u012bdi:<\/strong> veicina kolag\u0113na sint\u0113zi, stiprina \u0101du un palielina t\u0101s elast\u012bbu.<\/p>\n<p><strong>Lieto&scaron;ana:<\/strong> uzkl\u0101jiet uz \u0101das pl\u0101n\u0101 k\u0101rt\u0101. Veiciet intens\u012bvu mas\u0101\u017eu, l\u012bdz l\u012bdzeklis piln\u012bb\u0101 uzs\u016bcas. Lietojiet no r\u012bta un vakar\u0101. Pat\u012bkama atv\u0113sino&scaron;a iedarb\u012bba uz \u0101das var saglab\u0101ties pat vair\u0101kas min\u016btes p\u0113c uzkl\u0101&scaron;anas.<\/p>\n<p>Dermatolo\u0123iski p\u0101rbaud\u012bts.<\/p>\n","protected":false},"excerpt":{"rendered":"<p>Daudz vair\u0101k&#8230; tas ir vair\u0101k nek\u0101 klasisk\u0101 \u0101das kop&scaron;ana \ud83d\ude42 Atkl\u0101j mas\u0101\u017eas sp\u0113ku, kas saglab\u0101s j\u016bsu \u0101du lab\u0101 form\u0101 uz ilgu laiku. Akt\u012bv\u0101s sast\u0101vda\u013cas: Pretcelul\u012bta e\u013c\u013ca: unik\u0101ls sast\u0101vda\u013cu komplekss ar pretcelul\u012bta iedarb\u012bbu.&nbsp; Biomim\u0113tiskie pept\u012bdi: veicina kolag\u0113na sint\u0113zi, stiprina \u0101du un palielina t\u0101s elast\u012bbu. Lieto&scaron;ana: uzkl\u0101jiet uz \u0101das pl\u0101n\u0101 k\u0101rt\u0101. Veiciet intens\u012bvu mas\u0101\u017eu, l\u012bdz l\u012bdzeklis piln\u012bb\u0101 [&#8230;]\n","protected":false},"featured_media":90614,"template":"","meta":[],"product_cat":[1999],"product_tag":[],"class_list":{"0":"post-46297","1":"product","2":"type-product","3":"status-publish","4":"has-post-thumbnail","6":"product_brand-hiskin_pl","7":"product_cat-bez-kategorijas","9":"first","10":"outofstock","11":"taxable","12":"shipping-taxable","13":"product-type-simple"},"_links":{"self":[{"href":"https:\/\/e.kosmolat.eu\/lv\/wp-json\/wp\/v2\/product\/46297","targetHints":{"allow":["GET"]}}],"collection":[{"href":"https:\/\/e.kosmolat.eu\/lv\/wp-json\/wp\/v2\/product"}],"about":[{"href":"https:\/\/e.kosmolat.eu\/lv\/wp-json\/wp\/v2\/types\/product"}],"wp:featuredmedia":[{"embeddable":true,"href":"https:\/\/e.kosmolat.eu\/lv\/wp-json\/wp\/v2\/media\/90614"}],"wp:attachment":[{"href":"https:\/\/e.kosmolat.eu\/lv\/wp-json\/wp\/v2\/media?parent=46297"}],"wp:term":[{"taxonomy":"product_cat","embeddable":true,"href":"https:\/\/e.kosmolat.eu\/lv\/wp-json\/wp\/v2\/product_cat?post=46297"},{"taxonomy":"product_tag","embeddable":true,"href":"https:\/\/e.kosmolat.eu\/lv\/wp-json\/wp\/v2\/product_tag?post=46297"}],"curies":[{"name":"wp","href":"https:\/\/api.w.org\/{rel}","templated":true}]}}