{"id":46289,"date":"2024-02-29T05:37:00","date_gmt":"2024-02-29T05:37:00","guid":{"rendered":"https:\/\/e.kosmolat.eu\/product\/hs-much-more-than-liftinga-kr-kakla-un-dekolte-zon-130-ml\/"},"modified":"2026-04-08T06:13:48","modified_gmt":"2026-04-08T06:13:48","slug":"i_hs-much-more-than-liftinga-kr-kakla-un-dekolte-zon-130-ml","status":"publish","type":"product","link":"https:\/\/e.kosmolat.eu\/lv\/product\/i_hs-much-more-than-liftinga-kr-kakla-un-dekolte-zon-130-ml\/","title":{"rendered":"I_HS Much More Than Liftinga kr. kakla un dekolt\u0113 zon., 130 ml"},"content":{"rendered":"<p>Daudz vair\u0101k&#8230; tas ir vair\u0101k nek\u0101 klasisk\u0101 \u0101das kop&scaron;ana \ud83d\ude42 Atkl\u0101j mas\u0101\u017eas sp\u0113ku, kas saglab\u0101s j\u016bsu \u0101du lab\u0101 form\u0101 uz ilgu laiku.<\/p>\n<p><strong>Akt\u012bv\u0101s sast\u0101vda\u013cas:<\/strong><\/p>\n<p><strong>M\u0113nessakmens ekstrakts<\/strong> &ndash; stimul\u0113 kolag\u0113na un elast\u012bna sint\u0113zi, uzlabo \u0101das elast\u012bbu, padara \u0101du gai&scaron;\u0101ku un nodro&scaron;ina t\u0101s mitrin\u0101&scaron;anu.<br \/>\n<strong>SynchrolifeTM<\/strong> &ndash; nodro&scaron;ina \u0101das atjauno&scaron;anos miega laik\u0101, pasarg\u0101jot to pret zil\u0101s gaismas kait\u012bgo ietekmi. Tas uzlabo \u0101das toni, izl\u012bdzina grumbas un samazina noguruma paz\u012bmes.<\/p>\n<p><strong>Lieto&scaron;ana:<\/strong> uzkl\u0101jiet l\u012bdzekli uz att\u012br\u012btas kakla un dekolt\u0113 zonas. Mas\u0113jiet no apak&scaron;as uz aug&scaron;u un atst\u0101jiet, l\u012bdz piln\u012bb\u0101 ies\u016bcas. Lietojiet no r\u012bta un vakar\u0101.<\/p>\n<p>Dermatolo\u0123iski p\u0101rbaud\u012bts.<br \/>\n&nbsp;<\/p>\n","protected":false},"excerpt":{"rendered":"<p>Daudz vair\u0101k&#8230; tas ir vair\u0101k nek\u0101 klasisk\u0101 \u0101das kop&scaron;ana \ud83d\ude42 Atkl\u0101j mas\u0101\u017eas sp\u0113ku, kas saglab\u0101s j\u016bsu \u0101du lab\u0101 form\u0101 uz ilgu laiku. Akt\u012bv\u0101s sast\u0101vda\u013cas: M\u0113nessakmens ekstrakts &ndash; stimul\u0113 kolag\u0113na un elast\u012bna sint\u0113zi, uzlabo \u0101das elast\u012bbu, padara \u0101du gai&scaron;\u0101ku un nodro&scaron;ina t\u0101s mitrin\u0101&scaron;anu. SynchrolifeTM &ndash; nodro&scaron;ina \u0101das atjauno&scaron;anos miega laik\u0101, pasarg\u0101jot to pret zil\u0101s gaismas kait\u012bgo [&#8230;]\n","protected":false},"featured_media":90610,"template":"","meta":[],"product_cat":[1999],"product_tag":[],"class_list":{"0":"post-46289","1":"product","2":"type-product","3":"status-publish","4":"has-post-thumbnail","6":"product_brand-hiskin_pl","7":"product_cat-bez-kategorijas","9":"first","10":"instock","11":"taxable","12":"shipping-taxable","13":"product-type-simple"},"_links":{"self":[{"href":"https:\/\/e.kosmolat.eu\/lv\/wp-json\/wp\/v2\/product\/46289","targetHints":{"allow":["GET"]}}],"collection":[{"href":"https:\/\/e.kosmolat.eu\/lv\/wp-json\/wp\/v2\/product"}],"about":[{"href":"https:\/\/e.kosmolat.eu\/lv\/wp-json\/wp\/v2\/types\/product"}],"wp:featuredmedia":[{"embeddable":true,"href":"https:\/\/e.kosmolat.eu\/lv\/wp-json\/wp\/v2\/media\/90610"}],"wp:attachment":[{"href":"https:\/\/e.kosmolat.eu\/lv\/wp-json\/wp\/v2\/media?parent=46289"}],"wp:term":[{"taxonomy":"product_cat","embeddable":true,"href":"https:\/\/e.kosmolat.eu\/lv\/wp-json\/wp\/v2\/product_cat?post=46289"},{"taxonomy":"product_tag","embeddable":true,"href":"https:\/\/e.kosmolat.eu\/lv\/wp-json\/wp\/v2\/product_tag?post=46289"}],"curies":[{"name":"wp","href":"https:\/\/api.w.org\/{rel}","templated":true}]}}