{"id":46273,"date":"2024-02-29T05:36:20","date_gmt":"2024-02-29T05:36:20","guid":{"rendered":"https:\/\/e.kosmolat.eu\/product\/hs-much-more-than-mitrinoss-kr-adai-ap-acim-18-ml\/"},"modified":"2026-04-21T11:39:04","modified_gmt":"2026-04-21T11:39:04","slug":"i_hs-much-more-than-mitrinoss-kr-adai-ap-acim-18-ml","status":"publish","type":"product","link":"https:\/\/e.kosmolat.eu\/lv\/product\/i_hs-much-more-than-mitrinoss-kr-adai-ap-acim-18-ml\/","title":{"rendered":"I_HS Much More Than Mitrino\u0161s kr. \u0101dai ap ac\u012bm, 18 ml"},"content":{"rendered":"<p>Daudz vair\u0101k&#8230; tas ir vair\u0101k nek\u0101 klasisk\u0101 \u0101das kop&scaron;ana \ud83d\ude42 Atkl\u0101j mas\u0101\u017eas sp\u0113ku, kas saglab\u0101s j\u016bsu \u0101du lab\u0101 form\u0101 uz ilgu laiku. Met\u0101la aplikators atsvaidzina \u0101du, atvieglojot acu zonas mas\u0101\u017eu un samazinot tum&scaron;os lokus.&nbsp;<\/p>\n<p><strong>Akt\u012bv\u0101s sast\u0101vda\u013cas:<\/strong><\/p>\n<p><strong>Trehaloze<\/strong> &ndash; lieliski mitrina \u0101du un aizsarg\u0101 to pret \u0101r\u0113jo faktoru kait\u012bgo ietekmi.&nbsp;<br \/>\n<strong>Hialuronsk\u0101be<\/strong> &nbsp;&ndash; sast\u0101vda\u013ca, kas ir biolo\u0123iski sader\u012bga ar \u0101du, nov\u0113r&scaron; mitruma zudumu no epidermas, t\u0101d\u0113j\u0101di intens\u012bvi mitrina un atjauno \u0101du.<\/p>\n<p><strong>Lieto&scaron;ana: <\/strong>katru r\u012btu un vakaru uzkl\u0101jiet kr\u0113mu uz att\u012br\u012btas \u0101das ap ac\u012bm un maigi iemas\u0113jiet ar pirkstu galiem. Uzkl\u0101jiet atbilsto&scaron;i nor\u0101d\u012bjumiem, kas nor\u0101d\u012bti infografik\u0101 uz iepakojuma.<\/p>\n<p>Dermatolo\u0123iski p\u0101rbaud\u012bts.<br \/>\n&nbsp;<\/p>\n","protected":false},"excerpt":{"rendered":"<p>Daudz vair\u0101k&#8230; tas ir vair\u0101k nek\u0101 klasisk\u0101 \u0101das kop&scaron;ana \ud83d\ude42 Atkl\u0101j mas\u0101\u017eas sp\u0113ku, kas saglab\u0101s j\u016bsu \u0101du lab\u0101 form\u0101 uz ilgu laiku. Met\u0101la aplikators atsvaidzina \u0101du, atvieglojot acu zonas mas\u0101\u017eu un samazinot tum&scaron;os lokus.&nbsp; Akt\u012bv\u0101s sast\u0101vda\u013cas: Trehaloze &ndash; lieliski mitrina \u0101du un aizsarg\u0101 to pret \u0101r\u0113jo faktoru kait\u012bgo ietekmi.&nbsp; Hialuronsk\u0101be &nbsp;&ndash; sast\u0101vda\u013ca, kas ir biolo\u0123iski [&#8230;]\n","protected":false},"featured_media":90602,"template":"","meta":[],"product_cat":[2181],"product_tag":[],"class_list":{"0":"post-46273","1":"product","2":"type-product","3":"status-publish","4":"has-post-thumbnail","6":"product_brand-hiskin_pl","7":"product_cat-bez-kategorijas-lt","9":"first","10":"instock","11":"taxable","12":"shipping-taxable","13":"product-type-simple"},"_links":{"self":[{"href":"https:\/\/e.kosmolat.eu\/lv\/wp-json\/wp\/v2\/product\/46273","targetHints":{"allow":["GET"]}}],"collection":[{"href":"https:\/\/e.kosmolat.eu\/lv\/wp-json\/wp\/v2\/product"}],"about":[{"href":"https:\/\/e.kosmolat.eu\/lv\/wp-json\/wp\/v2\/types\/product"}],"wp:featuredmedia":[{"embeddable":true,"href":"https:\/\/e.kosmolat.eu\/lv\/wp-json\/wp\/v2\/media\/90602"}],"wp:attachment":[{"href":"https:\/\/e.kosmolat.eu\/lv\/wp-json\/wp\/v2\/media?parent=46273"}],"wp:term":[{"taxonomy":"product_cat","embeddable":true,"href":"https:\/\/e.kosmolat.eu\/lv\/wp-json\/wp\/v2\/product_cat?post=46273"},{"taxonomy":"product_tag","embeddable":true,"href":"https:\/\/e.kosmolat.eu\/lv\/wp-json\/wp\/v2\/product_tag?post=46273"}],"curies":[{"name":"wp","href":"https:\/\/api.w.org\/{rel}","templated":true}]}}