{"id":46253,"date":"2024-02-29T05:35:32","date_gmt":"2024-02-29T05:35:32","guid":{"rendered":"https:\/\/e.kosmolat.eu\/product\/test-smarzudens-sievietem-bijou-sweet-vanilla\/"},"modified":"2025-09-19T22:46:16","modified_gmt":"2025-09-19T22:46:16","slug":"test-smarzudens-sievietem-bijou-sweet-vanilla","status":"publish","type":"product","link":"https:\/\/e.kosmolat.eu\/lv\/product\/test-smarzudens-sievietem-bijou-sweet-vanilla\/","title":{"rendered":"Test. Smar\u017e\u016bdens sieviet\u0113m \u00abBijou Sweet Vanilla\u00bb"},"content":{"rendered":"","protected":false},"excerpt":{"rendered":"","protected":false},"featured_media":0,"template":"","meta":[],"product_cat":[2182],"product_tag":[],"class_list":{"0":"post-46253","1":"product","2":"type-product","3":"status-publish","5":"product_brand-dilis-kosmetik_by","6":"product_cat-bez-kategorijas-ru","8":"first","9":"outofstock","10":"taxable","11":"shipping-taxable","12":"product-type-simple"},"_links":{"self":[{"href":"https:\/\/e.kosmolat.eu\/lv\/wp-json\/wp\/v2\/product\/46253","targetHints":{"allow":["GET"]}}],"collection":[{"href":"https:\/\/e.kosmolat.eu\/lv\/wp-json\/wp\/v2\/product"}],"about":[{"href":"https:\/\/e.kosmolat.eu\/lv\/wp-json\/wp\/v2\/types\/product"}],"wp:attachment":[{"href":"https:\/\/e.kosmolat.eu\/lv\/wp-json\/wp\/v2\/media?parent=46253"}],"wp:term":[{"taxonomy":"product_cat","embeddable":true,"href":"https:\/\/e.kosmolat.eu\/lv\/wp-json\/wp\/v2\/product_cat?post=46253"},{"taxonomy":"product_tag","embeddable":true,"href":"https:\/\/e.kosmolat.eu\/lv\/wp-json\/wp\/v2\/product_tag?post=46253"}],"curies":[{"name":"wp","href":"https:\/\/api.w.org\/{rel}","templated":true}]}}