{"id":46229,"date":"2024-02-29T05:33:27","date_gmt":"2024-02-29T05:33:27","guid":{"rendered":"https:\/\/e.kosmolat.eu\/product\/n-tonika-4-0-tonejoss-balzams-sokolade\/"},"modified":"2025-09-19T16:10:28","modified_gmt":"2025-09-19T16:10:28","slug":"n-tonika-4-0-tonejoss-balzams-sokolade","status":"publish","type":"product","link":"https:\/\/e.kosmolat.eu\/lv\/product\/n-tonika-4-0-tonejoss-balzams-sokolade\/","title":{"rendered":"N TONIKA 4.0 Ton\u0113jo\u0161s balzams \u0160okol\u0101de"},"content":{"rendered":"<p>NULL<\/p>\n","protected":false},"excerpt":{"rendered":"<p>NULL<\/p>\n","protected":false},"featured_media":0,"template":"","meta":[],"product_cat":[1297],"product_tag":[],"class_list":{"0":"post-46229","1":"product","2":"type-product","3":"status-publish","5":"product_brand-vecie-kodi","6":"product_cat-matu-tonesanas-lidzekli","8":"first","9":"outofstock","10":"taxable","11":"shipping-taxable","12":"product-type-simple"},"_links":{"self":[{"href":"https:\/\/e.kosmolat.eu\/lv\/wp-json\/wp\/v2\/product\/46229","targetHints":{"allow":["GET"]}}],"collection":[{"href":"https:\/\/e.kosmolat.eu\/lv\/wp-json\/wp\/v2\/product"}],"about":[{"href":"https:\/\/e.kosmolat.eu\/lv\/wp-json\/wp\/v2\/types\/product"}],"wp:attachment":[{"href":"https:\/\/e.kosmolat.eu\/lv\/wp-json\/wp\/v2\/media?parent=46229"}],"wp:term":[{"taxonomy":"product_cat","embeddable":true,"href":"https:\/\/e.kosmolat.eu\/lv\/wp-json\/wp\/v2\/product_cat?post=46229"},{"taxonomy":"product_tag","embeddable":true,"href":"https:\/\/e.kosmolat.eu\/lv\/wp-json\/wp\/v2\/product_tag?post=46229"}],"curies":[{"name":"wp","href":"https:\/\/api.w.org\/{rel}","templated":true}]}}