{"id":46221,"date":"2024-02-29T05:33:10","date_gmt":"2024-02-29T05:33:10","guid":{"rendered":"https:\/\/e.kosmolat.eu\/product\/911-zeleja-balzams-kermenim-varnkaja-100-ml\/"},"modified":"2025-09-19T22:42:08","modified_gmt":"2025-09-19T22:42:08","slug":"911-zeleja-balzams-kermenim-varnkaja-100-ml","status":"publish","type":"product","link":"https:\/\/e.kosmolat.eu\/lv\/product\/911-zeleja-balzams-kermenim-varnkaja-100-ml\/","title":{"rendered":"911 \u017deleja-balzams \u0137ermenim &#8220;V\u0101rnk\u0101ja&#8221;, 100 ml"},"content":{"rendered":"<p>Formula uz v\u0113rt\u012bg\u0101 v\u0101rnk\u0101jas ekstrakta, kas ir pastiprin\u0101ta ar glikozam\u012bnu, hondroit\u012bnu un \u0113terisko e\u013c\u013cu kompleksu, sniedz atjaunojo\u0161u efektu, labv\u0113l\u012bgi iedarbojas uz \u0101das virsmu un pal\u012bdz atvieglot diskomforta saj\u016btu. \u017delejveida tekst\u016bra ir labi izsm\u0113r\u0113jama pa \u0101du un viegli uzs\u016bcas.<\/p>\n<div>Lieto\u0161ana:\n<\/div>\n<div>Uzkl\u0101t uz priek\u0161laic\u012bgi att\u012br\u012btas \u0101das problem\u0101tiskiem laukumiem ap\u013cveida kust\u012bb\u0101m 2 reizes dien\u0101 l\u012bdz tas piln\u012bb\u0101 uzs\u016bcas.\n<\/div>\n<div>Piesardz\u012bbas pas\u0101kumi:\n<\/div>\n<div>Izvair\u012bties no iek\u013c\u016b\u0161anas ac\u012bs un uz g\u013cot\u0101das. Iek\u013c\u016b\u0161anas gad\u012bjum\u0101 r\u016bp\u012bgi nomazg\u0101t ar lielu silt\u0101 \u016bdens daudzumu. Tikai \u0101r\u012bgai lieto\u0161anai. Ir iesp\u0113jama individu\u0101l\u0101 sast\u0101vda\u013cu nepanesam\u012bba. Nav \u0101rstniecisks l\u012bdzeklis.<\/div>\n","protected":false},"excerpt":{"rendered":"<p>Formula uz v\u0113rt\u012bg\u0101 v\u0101rnk\u0101jas ekstrakta, kas ir pastiprin\u0101ta ar glikozam\u012bnu, hondroit\u012bnu un \u0113terisko e\u013c\u013cu kompleksu, sniedz atjaunojo\u0161u efektu, labv\u0113l\u012bgi iedarbojas uz \u0101das virsmu un pal\u012bdz atvieglot diskomforta saj\u016btu. \u017delejveida tekst\u016bra ir labi izsm\u0113r\u0113jama pa \u0101du un viegli uzs\u016bcas. Lieto\u0161ana: Uzkl\u0101t uz priek\u0161laic\u012bgi att\u012br\u012btas \u0101das problem\u0101tiskiem laukumiem ap\u013cveida kust\u012bb\u0101m 2 reizes dien\u0101 l\u012bdz tas piln\u012bb\u0101 uzs\u016bcas. [&#8230;]\n","protected":false},"featured_media":86374,"template":"","meta":[],"product_cat":[1388],"product_tag":[],"class_list":{"0":"post-46221","1":"product","2":"type-product","3":"status-publish","4":"has-post-thumbnail","6":"product_brand-malina-akcija","7":"product_cat-kermena-kremi-pienini-sviesti","9":"first","10":"outofstock","11":"taxable","12":"shipping-taxable","13":"product-type-simple"},"_links":{"self":[{"href":"https:\/\/e.kosmolat.eu\/lv\/wp-json\/wp\/v2\/product\/46221","targetHints":{"allow":["GET"]}}],"collection":[{"href":"https:\/\/e.kosmolat.eu\/lv\/wp-json\/wp\/v2\/product"}],"about":[{"href":"https:\/\/e.kosmolat.eu\/lv\/wp-json\/wp\/v2\/types\/product"}],"wp:featuredmedia":[{"embeddable":true,"href":"https:\/\/e.kosmolat.eu\/lv\/wp-json\/wp\/v2\/media\/86374"}],"wp:attachment":[{"href":"https:\/\/e.kosmolat.eu\/lv\/wp-json\/wp\/v2\/media?parent=46221"}],"wp:term":[{"taxonomy":"product_cat","embeddable":true,"href":"https:\/\/e.kosmolat.eu\/lv\/wp-json\/wp\/v2\/product_cat?post=46221"},{"taxonomy":"product_tag","embeddable":true,"href":"https:\/\/e.kosmolat.eu\/lv\/wp-json\/wp\/v2\/product_tag?post=46221"}],"curies":[{"name":"wp","href":"https:\/\/api.w.org\/{rel}","templated":true}]}}