{"id":46197,"date":"2024-02-29T05:32:07","date_gmt":"2024-02-29T05:32:07","guid":{"rendered":"https:\/\/e.kosmolat.eu\/product\/smarzudens-viriesiem-100-ml-acumen-saphir\/"},"modified":"2025-09-19T22:40:51","modified_gmt":"2025-09-19T22:40:51","slug":"acumen-saphir-smarzudens-viriesiem-100-ml","status":"publish","type":"product","link":"https:\/\/e.kosmolat.eu\/lv\/product\/acumen-saphir-smarzudens-viriesiem-100-ml\/","title":{"rendered":"\u00abAcumen Saphir\u00bb Smar\u017e\u016bdens v\u012brie\u0161iem, 100 ml"},"content":{"rendered":"<div>S\u0101kuma notis: anan\u0101si, v\u012bbotne, lavanda, salvija.<\/div>\n<div>Vidus notis: melnie pipari, ingvers, kokosrieksti.<\/div>\n<div>Beigu notis: ciedrs, vani\u013ca, s\u016bnas, baltais muskuss.<\/div>\n<div>\n<\/div>\n","protected":false},"excerpt":{"rendered":"<p>S\u0101kuma notis: anan\u0101si, v\u012bbotne, lavanda, salvija. Vidus notis: melnie pipari, ingvers, kokosrieksti. Beigu notis: ciedrs, vani\u013ca, s\u016bnas, baltais muskuss.<\/p>\n","protected":false},"featured_media":86350,"template":"","meta":[],"product_cat":[1438],"product_tag":[],"class_list":{"0":"post-46197","1":"product","2":"type-product","3":"status-publish","4":"has-post-thumbnail","6":"product_brand-dilis-kosmetik_by","7":"product_cat-kvepalai-ir-tualetinis-vanduo-vyrams","9":"first","10":"outofstock","11":"taxable","12":"shipping-taxable","13":"product-type-simple"},"_links":{"self":[{"href":"https:\/\/e.kosmolat.eu\/lv\/wp-json\/wp\/v2\/product\/46197","targetHints":{"allow":["GET"]}}],"collection":[{"href":"https:\/\/e.kosmolat.eu\/lv\/wp-json\/wp\/v2\/product"}],"about":[{"href":"https:\/\/e.kosmolat.eu\/lv\/wp-json\/wp\/v2\/types\/product"}],"wp:featuredmedia":[{"embeddable":true,"href":"https:\/\/e.kosmolat.eu\/lv\/wp-json\/wp\/v2\/media\/86350"}],"wp:attachment":[{"href":"https:\/\/e.kosmolat.eu\/lv\/wp-json\/wp\/v2\/media?parent=46197"}],"wp:term":[{"taxonomy":"product_cat","embeddable":true,"href":"https:\/\/e.kosmolat.eu\/lv\/wp-json\/wp\/v2\/product_cat?post=46197"},{"taxonomy":"product_tag","embeddable":true,"href":"https:\/\/e.kosmolat.eu\/lv\/wp-json\/wp\/v2\/product_tag?post=46197"}],"curies":[{"name":"wp","href":"https:\/\/api.w.org\/{rel}","templated":true}]}}