{"id":46189,"date":"2024-02-29T05:31:49","date_gmt":"2024-02-29T05:31:49","guid":{"rendered":"https:\/\/e.kosmolat.eu\/product\/acumen-noir-smarzudens-viriesiem-100-ml\/"},"modified":"2025-09-19T19:49:27","modified_gmt":"2025-09-19T19:49:27","slug":"acumen-noir-smarzudens-viriesiem-100-ml","status":"publish","type":"product","link":"https:\/\/e.kosmolat.eu\/lv\/product\/acumen-noir-smarzudens-viriesiem-100-ml\/","title":{"rendered":"\u00abAcumen Noir\u00bb Smar\u017e\u016bdens v\u012brie\u0161iem, 100 ml"},"content":{"rendered":"<p>Galven\u0101s notis: bergamots.\n<\/p>\n<p>Sirds notis: lavanda, pipari, muskatrieksts, an\u012bss.\n<\/p>\n<p>Pamatnotis: vani\u013ca, ambroks\u0101ns.<\/p>\n","protected":false},"excerpt":{"rendered":"<p>Galven\u0101s notis: bergamots. Sirds notis: lavanda, pipari, muskatrieksts, an\u012bss. Pamatnotis: vani\u013ca, ambroks\u0101ns.<\/p>\n","protected":false},"featured_media":83230,"template":"","meta":[],"product_cat":[1436],"product_tag":[],"class_list":{"0":"post-46189","1":"product","2":"type-product","3":"status-publish","4":"has-post-thumbnail","6":"product_brand-dilis-kosmetik_by","7":"product_cat-viriesu-smarzas-un-tualetes-udeni","9":"first","10":"outofstock","11":"taxable","12":"shipping-taxable","13":"product-type-simple"},"_links":{"self":[{"href":"https:\/\/e.kosmolat.eu\/lv\/wp-json\/wp\/v2\/product\/46189","targetHints":{"allow":["GET"]}}],"collection":[{"href":"https:\/\/e.kosmolat.eu\/lv\/wp-json\/wp\/v2\/product"}],"about":[{"href":"https:\/\/e.kosmolat.eu\/lv\/wp-json\/wp\/v2\/types\/product"}],"wp:featuredmedia":[{"embeddable":true,"href":"https:\/\/e.kosmolat.eu\/lv\/wp-json\/wp\/v2\/media\/83230"}],"wp:attachment":[{"href":"https:\/\/e.kosmolat.eu\/lv\/wp-json\/wp\/v2\/media?parent=46189"}],"wp:term":[{"taxonomy":"product_cat","embeddable":true,"href":"https:\/\/e.kosmolat.eu\/lv\/wp-json\/wp\/v2\/product_cat?post=46189"},{"taxonomy":"product_tag","embeddable":true,"href":"https:\/\/e.kosmolat.eu\/lv\/wp-json\/wp\/v2\/product_tag?post=46189"}],"curies":[{"name":"wp","href":"https:\/\/api.w.org\/{rel}","templated":true}]}}