{"id":46181,"date":"2024-02-29T05:31:32","date_gmt":"2024-02-29T05:31:32","guid":{"rendered":"https:\/\/e.kosmolat.eu\/product\/smarzu-ekstrakts-nr-39-dilis-classic-collection-30-ml\/"},"modified":"2025-09-19T19:41:17","modified_gmt":"2025-09-19T19:41:17","slug":"smarzu-ekstrakts-nr-39-dilis-classic-collection-30-ml","status":"publish","type":"product","link":"https:\/\/e.kosmolat.eu\/lv\/product\/smarzu-ekstrakts-nr-39-dilis-classic-collection-30-ml\/","title":{"rendered":"Smar\u017eu ekstrakts Nr.39 Dilis Classic Collection, 30 ml"},"content":{"rendered":"<p>Galven\u0101s notis: bergamots, greipfr\u016bts, citrons.\n<\/p>\n<p>Sirds notis: osmantuss, bumbieris, apels\u012bns.\n<\/p>\n<p>Pamatnotis: ozola s\u016bnas, ciedrs, muskuss.\n<\/p>\n<p>UZGLAB\u0100\u0160ANAS NOSAC\u012aJUMI: parfim\u0113rijas izstr\u0101d\u0101jumus nedr\u012bkst glab\u0101t tie\u0161as saules gaismas iedarb\u012bb\u0101 un sildo\u0161u iek\u0101rtu tuvum\u0101. Neizsmidzin\u0101t atkl\u0101tas liesmas tuvum\u0101. \u0100r\u0113jai lieto\u0161anai. Izvair\u012bties no nok\u013c\u016b\u0161anas ac\u012bs.\n<\/p>\n<p>Uzglab\u0101t temperat\u016br\u0101 no +5\u00b0C l\u012bdz +25\u00b0C.<\/p>\n","protected":false},"excerpt":{"rendered":"<p>Galven\u0101s notis: bergamots, greipfr\u016bts, citrons. Sirds notis: osmantuss, bumbieris, apels\u012bns. Pamatnotis: ozola s\u016bnas, ciedrs, muskuss. UZGLAB\u0100\u0160ANAS NOSAC\u012aJUMI: parfim\u0113rijas izstr\u0101d\u0101jumus nedr\u012bkst glab\u0101t tie\u0161as saules gaismas iedarb\u012bb\u0101 un sildo\u0161u iek\u0101rtu tuvum\u0101. Neizsmidzin\u0101t atkl\u0101tas liesmas tuvum\u0101. \u0100r\u0113jai lieto\u0161anai. Izvair\u012bties no nok\u013c\u016b\u0161anas ac\u012bs. Uzglab\u0101t temperat\u016br\u0101 no +5\u00b0C l\u012bdz +25\u00b0C.<\/p>\n","protected":false},"featured_media":83078,"template":"","meta":[],"product_cat":[1445],"product_tag":[],"class_list":{"0":"post-46181","1":"product","2":"type-product","3":"status-publish","4":"has-post-thumbnail","6":"product_brand-dilis-kosmetik_by","7":"product_cat-sieviesu-smarzas-un-tualetes-udeni","9":"first","10":"outofstock","11":"taxable","12":"shipping-taxable","13":"product-type-simple"},"_links":{"self":[{"href":"https:\/\/e.kosmolat.eu\/lv\/wp-json\/wp\/v2\/product\/46181","targetHints":{"allow":["GET"]}}],"collection":[{"href":"https:\/\/e.kosmolat.eu\/lv\/wp-json\/wp\/v2\/product"}],"about":[{"href":"https:\/\/e.kosmolat.eu\/lv\/wp-json\/wp\/v2\/types\/product"}],"wp:featuredmedia":[{"embeddable":true,"href":"https:\/\/e.kosmolat.eu\/lv\/wp-json\/wp\/v2\/media\/83078"}],"wp:attachment":[{"href":"https:\/\/e.kosmolat.eu\/lv\/wp-json\/wp\/v2\/media?parent=46181"}],"wp:term":[{"taxonomy":"product_cat","embeddable":true,"href":"https:\/\/e.kosmolat.eu\/lv\/wp-json\/wp\/v2\/product_cat?post=46181"},{"taxonomy":"product_tag","embeddable":true,"href":"https:\/\/e.kosmolat.eu\/lv\/wp-json\/wp\/v2\/product_tag?post=46181"}],"curies":[{"name":"wp","href":"https:\/\/api.w.org\/{rel}","templated":true}]}}