{"id":46097,"date":"2024-02-29T05:27:49","date_gmt":"2024-02-29T05:27:49","guid":{"rendered":"https:\/\/e.kosmolat.eu\/product\/hs-much-more-than-atves-elastibu-piesk-kerm-losjons-220-ml\/"},"modified":"2025-09-20T03:05:51","modified_gmt":"2025-09-20T03:05:51","slug":"i_hs-much-more-than-atves-elastibu-piesk-kerm-losjons-220-ml","status":"publish","type":"product","link":"https:\/\/e.kosmolat.eu\/lv\/product\/i_hs-much-more-than-atves-elastibu-piesk-kerm-losjons-220-ml\/","title":{"rendered":"I_HS Much More Than Atv\u0113s. Elast\u012bbu pie\u0161\u0137. \u0137erm. losjons, 220 ml"},"content":{"rendered":"<p>Daudz vair\u0101k&#8230; tas ir vair\u0101k nek\u0101 klasisk\u0101 \u0101das kop&scaron;ana \ud83d\ude42 Atkl\u0101j mas\u0101\u017eas sp\u0113ku, kas saglab\u0101s j\u016bsu \u0101du lab\u0101 form\u0101 uz ilgu laiku.<\/p>\n<p><strong>Akt\u012bv\u0101s sast\u0101vda\u013cas:<\/strong><\/p>\n<p><strong>Prebiotiku komplekss<\/strong> &#8211; akt\u012bvi atbalsta \u0101das mikrobiomu, padarot to iztur\u012bg\u0101ku pret \u0101r\u0113jiem faktoriem un uztur optim\u0101lu mitruma l\u012bmeni.<br \/>\n<strong>Keram\u012bdu komplekss<\/strong> &ndash; uzlabo hidrolip\u012bdu barjeru, papildina keram\u012bdu un lip\u012bdu defic\u012btu \u0101d\u0101, mitrina un izl\u012bdzina to.<\/p>\n<p><strong>Lieto&scaron;ana:<\/strong> uzkl\u0101jiet uz \u0101das pl\u0101n\u0101 k\u0101rt\u0101. Veiciet intens\u012bvu mas\u0101\u017eu, l\u012bdz l\u012bdzeklis piln\u012bb\u0101 uzs\u016bcas. Lietojiet no r\u012bta un vakar\u0101. Pat\u012bkama atv\u0113sino&scaron;a iedarb\u012bba uz \u0101das var saglab\u0101ties pat vair\u0101kas min\u016btes p\u0113c uzkl\u0101&scaron;anas.<\/p>\n<p>Dermatolo\u0123iski p\u0101rbaud\u012bts.<\/p>\n","protected":false},"excerpt":{"rendered":"<p>Daudz vair\u0101k&#8230; tas ir vair\u0101k nek\u0101 klasisk\u0101 \u0101das kop&scaron;ana \ud83d\ude42 Atkl\u0101j mas\u0101\u017eas sp\u0113ku, kas saglab\u0101s j\u016bsu \u0101du lab\u0101 form\u0101 uz ilgu laiku. Akt\u012bv\u0101s sast\u0101vda\u013cas: Prebiotiku komplekss &#8211; akt\u012bvi atbalsta \u0101das mikrobiomu, padarot to iztur\u012bg\u0101ku pret \u0101r\u0113jiem faktoriem un uztur optim\u0101lu mitruma l\u012bmeni. Keram\u012bdu komplekss &ndash; uzlabo hidrolip\u012bdu barjeru, papildina keram\u012bdu un lip\u012bdu defic\u012btu \u0101d\u0101, mitrina [&#8230;]\n","protected":false},"featured_media":90590,"template":"","meta":[],"product_cat":[1999],"product_tag":[],"class_list":{"0":"post-46097","1":"product","2":"type-product","3":"status-publish","4":"has-post-thumbnail","6":"product_brand-hiskin_pl","7":"product_cat-bez-kategorijas","9":"first","10":"outofstock","11":"taxable","12":"shipping-taxable","13":"product-type-simple"},"_links":{"self":[{"href":"https:\/\/e.kosmolat.eu\/lv\/wp-json\/wp\/v2\/product\/46097","targetHints":{"allow":["GET"]}}],"collection":[{"href":"https:\/\/e.kosmolat.eu\/lv\/wp-json\/wp\/v2\/product"}],"about":[{"href":"https:\/\/e.kosmolat.eu\/lv\/wp-json\/wp\/v2\/types\/product"}],"wp:featuredmedia":[{"embeddable":true,"href":"https:\/\/e.kosmolat.eu\/lv\/wp-json\/wp\/v2\/media\/90590"}],"wp:attachment":[{"href":"https:\/\/e.kosmolat.eu\/lv\/wp-json\/wp\/v2\/media?parent=46097"}],"wp:term":[{"taxonomy":"product_cat","embeddable":true,"href":"https:\/\/e.kosmolat.eu\/lv\/wp-json\/wp\/v2\/product_cat?post=46097"},{"taxonomy":"product_tag","embeddable":true,"href":"https:\/\/e.kosmolat.eu\/lv\/wp-json\/wp\/v2\/product_tag?post=46097"}],"curies":[{"name":"wp","href":"https:\/\/api.w.org\/{rel}","templated":true}]}}