{"id":46073,"date":"2024-02-29T05:26:43","date_gmt":"2024-02-29T05:26:43","guid":{"rendered":"https:\/\/e.kosmolat.eu\/product\/hs-much-more-than-izlidzinoss-kr-adai-ap-acim-18-ml\/"},"modified":"2026-04-23T12:40:34","modified_gmt":"2026-04-23T12:40:34","slug":"i_hs-much-more-than-izlidzinoss-kr-adai-ap-acim-18-ml","status":"publish","type":"product","link":"https:\/\/e.kosmolat.eu\/lv\/product\/i_hs-much-more-than-izlidzinoss-kr-adai-ap-acim-18-ml\/","title":{"rendered":"I_HS Much More Than Izl\u012bdzino\u0161s kr. \u0101dai ap ac\u012bm, 18 ml"},"content":{"rendered":"<p>Daudz vair\u0101k&#8230; tas ir vair\u0101k nek\u0101 klasisk\u0101 \u0101das kop&scaron;ana \ud83d\ude42 Atkl\u0101j mas\u0101\u017eas sp\u0113ku, kas saglab\u0101s j\u016bsu \u0101du lab\u0101 form\u0101 uz ilgu laiku. Met\u0101la aplikators atsvaidzina \u0101du, atvieglojot acu zonas mas\u0101\u017eu un samazinot tum&scaron;os lokus.&nbsp;<\/p>\n<p><strong>Akt\u012bv\u0101s sast\u0101vda\u013cas:<\/strong><\/p>\n<p><strong>Niacinam\u012bds<\/strong> &ndash; stimul\u0113 kolag\u0113na sint\u0113zi, t\u0101d\u0113j\u0101di aizkav\u0113jot noveco&scaron;an\u0101s procesus. Tam ir balino&scaron;s un mitrino&scaron;s efekts.&nbsp;<br \/>\n<strong>Baku\u010diols<\/strong> &ndash; augu alternat\u012bva retinolam, kas nostiprina \u0101du, aizkav\u0113 \u0101das noveco&scaron;an\u0101s procesu un izl\u012bdzina \u0101das toni.<\/p>\n<p><strong>Lieto&scaron;ana:<\/strong> katru r\u012btu un vakaru uzkl\u0101jiet kr\u0113mu uz att\u012br\u012btas \u0101das ap ac\u012bm un maigi iemas\u0113jiet ar pirkstu galiem. Uzkl\u0101jiet atbilsto&scaron;i nor\u0101d\u012bjumiem, kas nor\u0101d\u012bti infografik\u0101 uz iepakojuma.<\/p>\n<p>Dermatolo\u0123iski p\u0101rbaud\u012bts.<br \/>\n&nbsp;<\/p>\n","protected":false},"excerpt":{"rendered":"<p>Daudz vair\u0101k&#8230; tas ir vair\u0101k nek\u0101 klasisk\u0101 \u0101das kop&scaron;ana \ud83d\ude42 Atkl\u0101j mas\u0101\u017eas sp\u0113ku, kas saglab\u0101s j\u016bsu \u0101du lab\u0101 form\u0101 uz ilgu laiku. Met\u0101la aplikators atsvaidzina \u0101du, atvieglojot acu zonas mas\u0101\u017eu un samazinot tum&scaron;os lokus.&nbsp; Akt\u012bv\u0101s sast\u0101vda\u013cas: Niacinam\u012bds &ndash; stimul\u0113 kolag\u0113na sint\u0113zi, t\u0101d\u0113j\u0101di aizkav\u0113jot noveco&scaron;an\u0101s procesus. Tam ir balino&scaron;s un mitrino&scaron;s efekts.&nbsp; Baku\u010diols &ndash; augu alternat\u012bva [&#8230;]\n","protected":false},"featured_media":90578,"template":"","meta":[],"product_cat":[1588],"product_tag":[],"class_list":{"0":"post-46073","1":"product","2":"type-product","3":"status-publish","4":"has-post-thumbnail","6":"product_brand-hiskin_pl","7":"product_cat-acu-kremi","9":"first","10":"outofstock","11":"taxable","12":"shipping-taxable","13":"product-type-simple"},"_links":{"self":[{"href":"https:\/\/e.kosmolat.eu\/lv\/wp-json\/wp\/v2\/product\/46073","targetHints":{"allow":["GET"]}}],"collection":[{"href":"https:\/\/e.kosmolat.eu\/lv\/wp-json\/wp\/v2\/product"}],"about":[{"href":"https:\/\/e.kosmolat.eu\/lv\/wp-json\/wp\/v2\/types\/product"}],"wp:featuredmedia":[{"embeddable":true,"href":"https:\/\/e.kosmolat.eu\/lv\/wp-json\/wp\/v2\/media\/90578"}],"wp:attachment":[{"href":"https:\/\/e.kosmolat.eu\/lv\/wp-json\/wp\/v2\/media?parent=46073"}],"wp:term":[{"taxonomy":"product_cat","embeddable":true,"href":"https:\/\/e.kosmolat.eu\/lv\/wp-json\/wp\/v2\/product_cat?post=46073"},{"taxonomy":"product_tag","embeddable":true,"href":"https:\/\/e.kosmolat.eu\/lv\/wp-json\/wp\/v2\/product_tag?post=46073"}],"curies":[{"name":"wp","href":"https:\/\/api.w.org\/{rel}","templated":true}]}}