{"id":46065,"date":"2024-02-29T05:26:25","date_gmt":"2024-02-29T05:26:25","guid":{"rendered":"https:\/\/e.kosmolat.eu\/product\/hs-much-more-than-barojoss-sejas-serums-40-ml\/"},"modified":"2026-04-01T07:41:15","modified_gmt":"2026-04-01T07:41:15","slug":"i_hs-much-more-than-barojoss-sejas-serums-40-ml","status":"publish","type":"product","link":"https:\/\/e.kosmolat.eu\/lv\/product\/i_hs-much-more-than-barojoss-sejas-serums-40-ml\/","title":{"rendered":"I_HS Much More Than Barojo\u0161s sejas serums, 40 ml"},"content":{"rendered":"<p>Daudz vair\u0101k&#8230; tas ir vair\u0101k nek\u0101 klasisk\u0101 \u0101das kop&scaron;ana \ud83d\ude42<\/p>\n<p><strong>Lieto&scaron;ana: <\/strong>uzkl\u0101jiet produktu uz att\u012br\u012btas sejas \u0101das. Mas\u0113jiet no iek&scaron;puses uz \u0101ru un atst\u0101jiet, l\u012bdz tas piln\u012bb\u0101 uzs\u016bcas. Lietojiet no r\u012bta un vakar\u0101.<\/p>\n<p>Dermatolo\u0123iski p\u0101rbaud\u012bts.<\/p>\n","protected":false},"excerpt":{"rendered":"<p>Daudz vair\u0101k&#8230; tas ir vair\u0101k nek\u0101 klasisk\u0101 \u0101das kop&scaron;ana \ud83d\ude42 Lieto&scaron;ana: uzkl\u0101jiet produktu uz att\u012br\u012btas sejas \u0101das. Mas\u0113jiet no iek&scaron;puses uz \u0101ru un atst\u0101jiet, l\u012bdz tas piln\u012bb\u0101 uzs\u016bcas. Lietojiet no r\u012bta un vakar\u0101. Dermatolo\u0123iski p\u0101rbaud\u012bts.<\/p>\n","protected":false},"featured_media":90574,"template":"","meta":[],"product_cat":[1325],"product_tag":[],"class_list":{"0":"post-46065","1":"product","2":"type-product","3":"status-publish","4":"has-post-thumbnail","6":"product_brand-sale","7":"product_cat-serumi","9":"first","10":"instock","11":"taxable","12":"shipping-taxable","13":"product-type-simple"},"_links":{"self":[{"href":"https:\/\/e.kosmolat.eu\/lv\/wp-json\/wp\/v2\/product\/46065","targetHints":{"allow":["GET"]}}],"collection":[{"href":"https:\/\/e.kosmolat.eu\/lv\/wp-json\/wp\/v2\/product"}],"about":[{"href":"https:\/\/e.kosmolat.eu\/lv\/wp-json\/wp\/v2\/types\/product"}],"wp:featuredmedia":[{"embeddable":true,"href":"https:\/\/e.kosmolat.eu\/lv\/wp-json\/wp\/v2\/media\/90574"}],"wp:attachment":[{"href":"https:\/\/e.kosmolat.eu\/lv\/wp-json\/wp\/v2\/media?parent=46065"}],"wp:term":[{"taxonomy":"product_cat","embeddable":true,"href":"https:\/\/e.kosmolat.eu\/lv\/wp-json\/wp\/v2\/product_cat?post=46065"},{"taxonomy":"product_tag","embeddable":true,"href":"https:\/\/e.kosmolat.eu\/lv\/wp-json\/wp\/v2\/product_tag?post=46065"}],"curies":[{"name":"wp","href":"https:\/\/api.w.org\/{rel}","templated":true}]}}