{"id":46049,"date":"2024-02-29T05:25:50","date_gmt":"2024-02-29T05:25:50","guid":{"rendered":"https:\/\/e.kosmolat.eu\/product\/hs-much-more-than-atves-nostipr-kerm-serums-220-ml\/"},"modified":"2025-09-20T03:04:18","modified_gmt":"2025-09-20T03:04:18","slug":"i_hs-much-more-than-atves-nostipr-kerm-serums-220-ml","status":"publish","type":"product","link":"https:\/\/e.kosmolat.eu\/lv\/product\/i_hs-much-more-than-atves-nostipr-kerm-serums-220-ml\/","title":{"rendered":"I_HS Much More Than Atv\u0113s. Nostipr. \u0137erm. serums, 220 ml"},"content":{"rendered":"<p>Daudz vair\u0101k&#8230; tas ir vair\u0101k nek\u0101 klasisk\u0101 \u0101das kop&scaron;ana \ud83d\ude42 Atkl\u0101j mas\u0101\u017eas sp\u0113ku, kas saglab\u0101s j\u016bsu \u0101du lab\u0101 form\u0101 uz ilgu laiku.<\/p>\n<p><strong>Akt\u012bv\u0101s sast\u0101vda\u013cas:<\/strong><\/p>\n<p><strong>J\u016brasz\u0101les<\/strong>&nbsp;&ndash;&nbsp;ekstrakts no j\u016bras a\u013c\u0123\u0113m, kas pieder br\u016bna\u013c\u0123u \u0123imenei. Tas nostiprina un padara \u0101du elast\u012bg\u0101ku.<br \/>\n<strong>Acai ogas <\/strong>&ndash; dabisks antioksidants, kas aizsarg\u0101 \u0101du pret apk\u0101rt\u0113j\u0101s vides negat\u012bvo ietekmi. &nbsp;<\/p>\n<p><strong>Lieto&scaron;ana:<\/strong> uzkl\u0101jiet uz \u0101das pl\u0101n\u0101 k\u0101rt\u0101. Veiciet intens\u012bvu mas\u0101\u017eu, l\u012bdz l\u012bdzeklis piln\u012bb\u0101 uzs\u016bcas. Lietojiet no r\u012bta un vakar\u0101. Pat\u012bkama atv\u0113sino&scaron;a iedarb\u012bba uz \u0101das var saglab\u0101ties pat vair\u0101kas min\u016btes p\u0113c uzkl\u0101&scaron;anas.<\/p>\n<p>Dermatolo\u0123iski p\u0101rbaud\u012bts.<\/p>\n","protected":false},"excerpt":{"rendered":"<p>Daudz vair\u0101k&#8230; tas ir vair\u0101k nek\u0101 klasisk\u0101 \u0101das kop&scaron;ana \ud83d\ude42 Atkl\u0101j mas\u0101\u017eas sp\u0113ku, kas saglab\u0101s j\u016bsu \u0101du lab\u0101 form\u0101 uz ilgu laiku. Akt\u012bv\u0101s sast\u0101vda\u013cas: J\u016brasz\u0101les&nbsp;&ndash;&nbsp;ekstrakts no j\u016bras a\u013c\u0123\u0113m, kas pieder br\u016bna\u013c\u0123u \u0123imenei. Tas nostiprina un padara \u0101du elast\u012bg\u0101ku. Acai ogas &ndash; dabisks antioksidants, kas aizsarg\u0101 \u0101du pret apk\u0101rt\u0113j\u0101s vides negat\u012bvo ietekmi. &nbsp; Lieto&scaron;ana: uzkl\u0101jiet uz [&#8230;]\n","protected":false},"featured_media":90566,"template":"","meta":[],"product_cat":[1999],"product_tag":[],"class_list":{"0":"post-46049","1":"product","2":"type-product","3":"status-publish","4":"has-post-thumbnail","6":"product_brand-hiskin_pl","7":"product_cat-bez-kategorijas","9":"first","10":"outofstock","11":"taxable","12":"shipping-taxable","13":"product-type-simple"},"_links":{"self":[{"href":"https:\/\/e.kosmolat.eu\/lv\/wp-json\/wp\/v2\/product\/46049","targetHints":{"allow":["GET"]}}],"collection":[{"href":"https:\/\/e.kosmolat.eu\/lv\/wp-json\/wp\/v2\/product"}],"about":[{"href":"https:\/\/e.kosmolat.eu\/lv\/wp-json\/wp\/v2\/types\/product"}],"wp:featuredmedia":[{"embeddable":true,"href":"https:\/\/e.kosmolat.eu\/lv\/wp-json\/wp\/v2\/media\/90566"}],"wp:attachment":[{"href":"https:\/\/e.kosmolat.eu\/lv\/wp-json\/wp\/v2\/media?parent=46049"}],"wp:term":[{"taxonomy":"product_cat","embeddable":true,"href":"https:\/\/e.kosmolat.eu\/lv\/wp-json\/wp\/v2\/product_cat?post=46049"},{"taxonomy":"product_tag","embeddable":true,"href":"https:\/\/e.kosmolat.eu\/lv\/wp-json\/wp\/v2\/product_tag?post=46049"}],"curies":[{"name":"wp","href":"https:\/\/api.w.org\/{rel}","templated":true}]}}