{"id":46041,"date":"2024-02-29T05:25:31","date_gmt":"2024-02-29T05:25:31","guid":{"rendered":"https:\/\/e.kosmolat.eu\/product\/hs-much-more-than-atjaunin-kr-kakla-un-dekolte-zon-130-ml\/"},"modified":"2026-04-01T07:41:03","modified_gmt":"2026-04-01T07:41:03","slug":"i_hs-much-more-than-atjaunin-kr-kakla-un-dekolte-zon-130-ml","status":"publish","type":"product","link":"https:\/\/e.kosmolat.eu\/lv\/product\/i_hs-much-more-than-atjaunin-kr-kakla-un-dekolte-zon-130-ml\/","title":{"rendered":"I_HS Much More Than Atjaunin. kr. kakla un dekolt\u0113 zon., 130 ml"},"content":{"rendered":"<p>Daudz vair\u0101k&#8230; tas ir vair\u0101k nek\u0101 klasisk\u0101 \u0101das kop&scaron;ana \ud83d\ude42&nbsp;Atkl\u0101j mas\u0101\u017eas sp\u0113ku, kas saglab\u0101s j\u016bsu \u0101du lab\u0101 form\u0101 uz ilgu laiku.<\/p>\n<p><strong>Akt\u012bv\u0101s sast\u0101vda\u013cas:<\/strong><\/p>\n<p><strong>Matcha t\u0113ja<\/strong> &#8211; za\u013c\u0101s t\u0113jas lapu ekstrakts ir bag\u0101ts ar antioksidantiem un lieliski nomierina un mitrina \u0101du.<br \/>\n<strong>Wakame a\u013c\u0123es<\/strong> &#8211; lieliski mitrina, t\u0101m piem\u012bt stiprino&scaron;a iedarb\u012bba, sp\u0113c\u012bgas antioksidantu \u012bpa&scaron;\u012bbas un t\u0101s mazina \u0101das noveco&scaron;an\u0101s paz\u012bmes.<br \/>\n<strong>Lamin\u0101rijas a\u013c\u0123es<\/strong> &#8211; t\u0101m piem\u012bt atjaunojo&scaron;as un mitrino&scaron;as \u012bpa&scaron;\u012bbas. T\u0101s stimul\u0113 kolag\u0113na sint\u0113zi un uzlabo \u0101das elast\u012bbu.<\/p>\n<p><strong>Lieto&scaron;ana:<\/strong> uzkl\u0101jiet l\u012bdzekli uz att\u012br\u012btas kakla un dekolt\u0113 zonas. Mas\u0113jiet no apak&scaron;as uz aug&scaron;u un atst\u0101jiet, l\u012bdz piln\u012bb\u0101 ies\u016bcas. Lietojiet no r\u012bta un vakar\u0101.<\/p>\n<p>Dermatolo\u0123iski p\u0101rbaud\u012bts.<br \/>\n&nbsp;<\/p>\n","protected":false},"excerpt":{"rendered":"<p>Daudz vair\u0101k&#8230; tas ir vair\u0101k nek\u0101 klasisk\u0101 \u0101das kop&scaron;ana \ud83d\ude42&nbsp;Atkl\u0101j mas\u0101\u017eas sp\u0113ku, kas saglab\u0101s j\u016bsu \u0101du lab\u0101 form\u0101 uz ilgu laiku. Akt\u012bv\u0101s sast\u0101vda\u013cas: Matcha t\u0113ja &#8211; za\u013c\u0101s t\u0113jas lapu ekstrakts ir bag\u0101ts ar antioksidantiem un lieliski nomierina un mitrina \u0101du. Wakame a\u013c\u0123es &#8211; lieliski mitrina, t\u0101m piem\u012bt stiprino&scaron;a iedarb\u012bba, sp\u0113c\u012bgas antioksidantu \u012bpa&scaron;\u012bbas un t\u0101s mazina [&#8230;]\n","protected":false},"featured_media":90562,"template":"","meta":[],"product_cat":[1320],"product_tag":[],"class_list":{"0":"post-46041","1":"product","2":"type-product","3":"status-publish","4":"has-post-thumbnail","6":"product_brand-hiskin_pl","7":"product_cat-sejas-kremi","9":"first","10":"instock","11":"taxable","12":"shipping-taxable","13":"product-type-simple"},"_links":{"self":[{"href":"https:\/\/e.kosmolat.eu\/lv\/wp-json\/wp\/v2\/product\/46041","targetHints":{"allow":["GET"]}}],"collection":[{"href":"https:\/\/e.kosmolat.eu\/lv\/wp-json\/wp\/v2\/product"}],"about":[{"href":"https:\/\/e.kosmolat.eu\/lv\/wp-json\/wp\/v2\/types\/product"}],"wp:featuredmedia":[{"embeddable":true,"href":"https:\/\/e.kosmolat.eu\/lv\/wp-json\/wp\/v2\/media\/90562"}],"wp:attachment":[{"href":"https:\/\/e.kosmolat.eu\/lv\/wp-json\/wp\/v2\/media?parent=46041"}],"wp:term":[{"taxonomy":"product_cat","embeddable":true,"href":"https:\/\/e.kosmolat.eu\/lv\/wp-json\/wp\/v2\/product_cat?post=46041"},{"taxonomy":"product_tag","embeddable":true,"href":"https:\/\/e.kosmolat.eu\/lv\/wp-json\/wp\/v2\/product_tag?post=46041"}],"curies":[{"name":"wp","href":"https:\/\/api.w.org\/{rel}","templated":true}]}}