{"id":46001,"date":"2024-02-29T05:23:45","date_gmt":"2024-02-29T05:23:45","guid":{"rendered":"https:\/\/e.kosmolat.eu\/product\/hs-home-aromatu-difuzors-roze-un-vanila-90-ml\/"},"modified":"2026-04-01T07:40:11","modified_gmt":"2026-04-01T07:40:11","slug":"hs-home-aromatu-difuzors-roze-un-vanila-90-ml","status":"publish","type":"product","link":"https:\/\/e.kosmolat.eu\/lv\/product\/hs-home-aromatu-difuzors-roze-un-vanila-90-ml\/","title":{"rendered":"HS Home Arom\u0101tu difuzors Roze un vani\u013ca, 90 ml"},"content":{"rendered":"<p><strong>Lieto&scaron;ana:<\/strong>&nbsp;atveriet v\u0101ci\u0146u. Ievietojiet arom\u0101tiskos koci\u0146us pudel\u0113. Izvairieties no tie&scaron;as koci\u0146u saskares ar jebkuru virsmu, jo tie var izrais\u012bt virsmas boj\u0101jumus nepareizas lieto&scaron;anas d\u0113\u013c. Ja rodas &scaron;\u0101da saskare, nekav\u0113joties noslaukiet virsmu un\/vai arom\u0101tisko difuzora pudeli ar mitru dr\u0101nu. Produkts nav paredz\u0113ts iek&scaron;\u0113jai lieto&scaron;anai. Ra\u017eot\u0101js nav atbild\u012bgs par sek\u0101m, kas rodas, lietojot produktu neatbilsto&scaron;i nor\u0101d\u012bjumiem un paredz\u0113tajam lietojumam.<\/p>\n<p>&nbsp;<\/p>\n<p><strong><img decoding=\"async\" alt=\"\" src=\"file:\/\/\/C:\/Users\/masha\/Desktop\/GHS%2002.jpg\" style=\"height:40px; width:40px\" \/>GHS02 <img decoding=\"async\" alt=\"\" src=\"file:\/\/\/C:\/Users\/masha\/Desktop\/GHS07.png\" style=\"height:40px; width:40px\" \/>GHS07 B\u012bstami<\/strong><br \/>\n<strong>H225<\/strong> Viegli uzliesmojo&scaron;s &scaron;\u0137idrums un tvaiki.<br \/>\n<strong>H319<\/strong> Izraisa nopietnu acu kairin\u0101jumu.<br \/>\n<strong>H336<\/strong> Var izrais\u012bt miegain\u012bbu vai reibo\u0146us.<\/p>\n<p>Dro&scaron;\u012bbas pras\u012bbu apz\u012bm\u0113jumi:<br \/>\nP102 Sarg\u0101t no b\u0113rniem.<br \/>\nP210 Sarg\u0101t no karstuma, karst\u0101m virsm\u0101m, dzirkstel\u0113m, atkl\u0101tas uguns un citiem aizdeg&scaron;an\u0101s avotiem. Nesm\u0113\u0137\u0113t.<br \/>\nP233 Tvertni stingri nosl\u0113gt.<br \/>\nP243 Nodro&scaron;in\u0101ties pret statisk\u0101s ener\u0123ijas izl\u0101di.<br \/>\nP261 Izvair\u012bties ieelpot tvaikus\/smidzin\u0101jumu.<br \/>\nP273 Izvair\u012bties no izplat\u012b&scaron;anas apk\u0101rt\u0113j\u0101 vid\u0113.<br \/>\nP280 Izmantot aizsargcimdus\/aizsargdr\u0113bes\/acu aizsargus\/sejas aizsargus.<\/p>\n<p>P303+P361+P353 SASKAR\u0112 AR \u0100DU (vai matiem): Nekav\u0113joties novilkt visu pies\u0101r\u0146oto ap\u0123\u0113rbu. Noskalot \u0101du ar \u016bdeni [vai iet du&scaron;\u0101].<br \/>\nP304+P340 IEELPO&Scaron;ANAS GAD\u012aJUM\u0100: nog\u0101d\u0101t cietu&scaron;o svaig\u0101 gais\u0101 un nodro&scaron;in\u0101t netrauc\u0113tu elpo&scaron;anu.<br \/>\nP305+P351+P338 SASKAR\u0112 AR AC\u012aM: Uzman\u012bgi izskalot ar \u016bdeni vair\u0101kas min\u016btes. Iz\u0146emt kontaktl\u0113cas, ja t\u0101s ir ievietotas un ja to var vienk\u0101r&scaron;i izdar\u012bt. Turpin\u0101t skalot.<br \/>\nP337+P313 Ja acu iekaisums nep\u0101riet: l\u016bdziet medi\u0137u pal\u012bdz\u012bbu.&nbsp;<br \/>\nP403+P235 Glab\u0101t labi v\u0113din\u0101m\u0101s telp\u0101s. Tur\u0113t v\u0113sum\u0101.<br \/>\nP391 Sav\u0101kt iz&scaron;\u013cakst\u012bto &scaron;\u0137idrumu.<br \/>\nP501 Atbr\u012bvoties no satura\/tvertnes\/iepakojuma saska\u0146\u0101 ar valsts noteikumiem.<br \/>\n&nbsp;<\/p>\n","protected":false},"excerpt":{"rendered":"<p>Lieto&scaron;ana:&nbsp;atveriet v\u0101ci\u0146u. Ievietojiet arom\u0101tiskos koci\u0146us pudel\u0113. Izvairieties no tie&scaron;as koci\u0146u saskares ar jebkuru virsmu, jo tie var izrais\u012bt virsmas boj\u0101jumus nepareizas lieto&scaron;anas d\u0113\u013c. Ja rodas &scaron;\u0101da saskare, nekav\u0113joties noslaukiet virsmu un\/vai arom\u0101tisko difuzora pudeli ar mitru dr\u0101nu. Produkts nav paredz\u0113ts iek&scaron;\u0113jai lieto&scaron;anai. Ra\u017eot\u0101js nav atbild\u012bgs par sek\u0101m, kas rodas, lietojot produktu neatbilsto&scaron;i nor\u0101d\u012bjumiem un paredz\u0113tajam [&#8230;]\n","protected":false},"featured_media":90542,"template":"","meta":[],"product_cat":[1522],"product_tag":[],"class_list":{"0":"post-46001","1":"product","2":"type-product","3":"status-publish","4":"has-post-thumbnail","6":"product_brand-hiskin_pl","7":"product_cat-gaisa-atsvaidzinataji-majas-aromati","9":"first","10":"outofstock","11":"taxable","12":"shipping-taxable","13":"product-type-simple"},"_links":{"self":[{"href":"https:\/\/e.kosmolat.eu\/lv\/wp-json\/wp\/v2\/product\/46001","targetHints":{"allow":["GET"]}}],"collection":[{"href":"https:\/\/e.kosmolat.eu\/lv\/wp-json\/wp\/v2\/product"}],"about":[{"href":"https:\/\/e.kosmolat.eu\/lv\/wp-json\/wp\/v2\/types\/product"}],"wp:featuredmedia":[{"embeddable":true,"href":"https:\/\/e.kosmolat.eu\/lv\/wp-json\/wp\/v2\/media\/90542"}],"wp:attachment":[{"href":"https:\/\/e.kosmolat.eu\/lv\/wp-json\/wp\/v2\/media?parent=46001"}],"wp:term":[{"taxonomy":"product_cat","embeddable":true,"href":"https:\/\/e.kosmolat.eu\/lv\/wp-json\/wp\/v2\/product_cat?post=46001"},{"taxonomy":"product_tag","embeddable":true,"href":"https:\/\/e.kosmolat.eu\/lv\/wp-json\/wp\/v2\/product_tag?post=46001"}],"curies":[{"name":"wp","href":"https:\/\/api.w.org\/{rel}","templated":true}]}}