{"id":45977,"date":"2024-02-29T05:22:33","date_gmt":"2024-02-29T05:22:33","guid":{"rendered":"https:\/\/e.kosmolat.eu\/product\/hs-kids-bernu-samp-vannas-zel-2-in-1-persiks-280-ml\/"},"modified":"2026-04-20T12:10:42","modified_gmt":"2026-04-20T12:10:42","slug":"i_hs-kids-bernu-samp-vannas-zel-2-in-1-persiks-280-ml","status":"publish","type":"product","link":"https:\/\/e.kosmolat.eu\/lv\/product\/i_hs-kids-bernu-samp-vannas-zel-2-in-1-persiks-280-ml\/","title":{"rendered":"I_HS Kids B\u0113rnu \u0161amp. + vannas \u017eel. 2 in 1 Persiks, 280 ml"},"content":{"rendered":"<p>Satur 98% dabiskas izcelsmes sast\u0101vda\u013cu.&nbsp;<\/p>\n<p>Maigs 2-in-1 produkts J\u016bsu b\u0113rna \u0101das un matu kop&scaron;anai. Pateicoties maig\u0101m mazg\u0101jo&scaron;\u0101m sast\u0101vda\u013c\u0101m, produkts lieliski att\u012bra un kopj jut\u012bgu \u0101du.<\/p>\n<p><strong>Lieto&scaron;ana:<\/strong> uzkl\u0101jiet nelielu daudzumu uz rokas vai du&scaron;as &scaron;vammes un uzkl\u0101jiet uz b\u0113rna \u0101das un matiem. Noskalojiet ar \u016bdeni.<\/p>\n<p>Dermatolo\u0123iski p\u0101rbaud\u012bts.<br \/>\n&nbsp;<\/p>\n","protected":false},"excerpt":{"rendered":"<p>Satur 98% dabiskas izcelsmes sast\u0101vda\u013cu.&nbsp; Maigs 2-in-1 produkts J\u016bsu b\u0113rna \u0101das un matu kop&scaron;anai. Pateicoties maig\u0101m mazg\u0101jo&scaron;\u0101m sast\u0101vda\u013c\u0101m, produkts lieliski att\u012bra un kopj jut\u012bgu \u0101du. Lieto&scaron;ana: uzkl\u0101jiet nelielu daudzumu uz rokas vai du&scaron;as &scaron;vammes un uzkl\u0101jiet uz b\u0113rna \u0101das un matiem. Noskalojiet ar \u016bdeni. Dermatolo\u0123iski p\u0101rbaud\u012bts. &nbsp;<\/p>\n","protected":false},"featured_media":90534,"template":"","meta":[],"product_cat":[1791],"product_tag":[],"class_list":{"0":"post-45977","1":"product","2":"type-product","3":"status-publish","4":"has-post-thumbnail","6":"product_brand-hiskin_pl","7":"product_cat-matu-kopsana-berniem","9":"first","10":"outofstock","11":"taxable","12":"shipping-taxable","13":"product-type-simple"},"_links":{"self":[{"href":"https:\/\/e.kosmolat.eu\/lv\/wp-json\/wp\/v2\/product\/45977","targetHints":{"allow":["GET"]}}],"collection":[{"href":"https:\/\/e.kosmolat.eu\/lv\/wp-json\/wp\/v2\/product"}],"about":[{"href":"https:\/\/e.kosmolat.eu\/lv\/wp-json\/wp\/v2\/types\/product"}],"wp:featuredmedia":[{"embeddable":true,"href":"https:\/\/e.kosmolat.eu\/lv\/wp-json\/wp\/v2\/media\/90534"}],"wp:attachment":[{"href":"https:\/\/e.kosmolat.eu\/lv\/wp-json\/wp\/v2\/media?parent=45977"}],"wp:term":[{"taxonomy":"product_cat","embeddable":true,"href":"https:\/\/e.kosmolat.eu\/lv\/wp-json\/wp\/v2\/product_cat?post=45977"},{"taxonomy":"product_tag","embeddable":true,"href":"https:\/\/e.kosmolat.eu\/lv\/wp-json\/wp\/v2\/product_tag?post=45977"}],"curies":[{"name":"wp","href":"https:\/\/api.w.org\/{rel}","templated":true}]}}