{"id":45961,"date":"2024-02-29T05:21:56","date_gmt":"2024-02-29T05:21:56","guid":{"rendered":"https:\/\/e.kosmolat.eu\/product\/hs-kids-bernu-putas-roku-un-kerm-mazgas-mellene-300-ml\/"},"modified":"2026-04-01T07:39:18","modified_gmt":"2026-04-01T07:39:18","slug":"hs-kids-bernu-putas-roku-un-kerm-mazgas-mellene-300-ml","status":"publish","type":"product","link":"https:\/\/e.kosmolat.eu\/lv\/product\/hs-kids-bernu-putas-roku-un-kerm-mazgas-mellene-300-ml\/","title":{"rendered":"HS Kids B\u0113rnu putas roku un \u0137erm. mazg\u0101\u0161. Mellene, 300 ml"},"content":{"rendered":"<p>Satur 98% dabiskas izcelsmes sast\u0101vda\u013cu. Nesatur alerg\u0113nus.<\/p>\n<p><strong>Lieto&scaron;ana:<\/strong> novietojiet putas uz stabilas un l\u012bdzenas virsmas. No\u0146emiet aizsargv\u0101ci\u0146u un novietojiet roku uz dozatora. M\u0113\u0123iniet piln\u012bb\u0101 p\u0101rkl\u0101t dozatoru ar roku. Viegli nospiediet dozatoru, l\u012bdz j\u016btat pretest\u012bbu. J\u016bsu rok\u0101 par\u0101d\u012bsies zil\u0101s putas zieda form\u0101 ar izteiktu melle\u0146u smar\u017eu. J\u016bs varat izmantot putas k\u0101 roku ziepes vai du&scaron;as \u017eeleju. Lietojot l\u012bdzekli pirmo reizi, ieteicams nospiest dozatoru vair\u0101kas reizes. Lietojiet tikai pieaugu&scaron;o uzraudz\u012bb\u0101. Paredz\u0113ts tikai \u0101r\u012bgai lieto&scaron;anai.<\/p>\n<p>Dermatolo\u0123iski p\u0101rbaud\u012bts.<\/p>\n<p>&nbsp;<\/p>\n","protected":false},"excerpt":{"rendered":"<p>Satur 98% dabiskas izcelsmes sast\u0101vda\u013cu. Nesatur alerg\u0113nus. Lieto&scaron;ana: novietojiet putas uz stabilas un l\u012bdzenas virsmas. No\u0146emiet aizsargv\u0101ci\u0146u un novietojiet roku uz dozatora. M\u0113\u0123iniet piln\u012bb\u0101 p\u0101rkl\u0101t dozatoru ar roku. Viegli nospiediet dozatoru, l\u012bdz j\u016btat pretest\u012bbu. J\u016bsu rok\u0101 par\u0101d\u012bsies zil\u0101s putas zieda form\u0101 ar izteiktu melle\u0146u smar\u017eu. J\u016bs varat izmantot putas k\u0101 roku ziepes vai du&scaron;as \u017eeleju. [&#8230;]\n","protected":false},"featured_media":90522,"template":"","meta":[],"product_cat":[1746],"product_tag":[],"class_list":{"0":"post-45961","1":"product","2":"type-product","3":"status-publish","4":"has-post-thumbnail","6":"product_brand-hiskin_pl","7":"product_cat-skidras-ziepes","9":"first","10":"outofstock","11":"taxable","12":"shipping-taxable","13":"product-type-simple"},"_links":{"self":[{"href":"https:\/\/e.kosmolat.eu\/lv\/wp-json\/wp\/v2\/product\/45961","targetHints":{"allow":["GET"]}}],"collection":[{"href":"https:\/\/e.kosmolat.eu\/lv\/wp-json\/wp\/v2\/product"}],"about":[{"href":"https:\/\/e.kosmolat.eu\/lv\/wp-json\/wp\/v2\/types\/product"}],"wp:featuredmedia":[{"embeddable":true,"href":"https:\/\/e.kosmolat.eu\/lv\/wp-json\/wp\/v2\/media\/90522"}],"wp:attachment":[{"href":"https:\/\/e.kosmolat.eu\/lv\/wp-json\/wp\/v2\/media?parent=45961"}],"wp:term":[{"taxonomy":"product_cat","embeddable":true,"href":"https:\/\/e.kosmolat.eu\/lv\/wp-json\/wp\/v2\/product_cat?post=45961"},{"taxonomy":"product_tag","embeddable":true,"href":"https:\/\/e.kosmolat.eu\/lv\/wp-json\/wp\/v2\/product_tag?post=45961"}],"curies":[{"name":"wp","href":"https:\/\/api.w.org\/{rel}","templated":true}]}}