{"id":45945,"date":"2024-02-29T05:21:18","date_gmt":"2024-02-29T05:21:18","guid":{"rendered":"https:\/\/e.kosmolat.eu\/product\/hs-crazy-body-pretcelul-ella-kerm-ar-tropisko-auglu-aromatu-150-ml\/"},"modified":"2025-09-20T02:48:13","modified_gmt":"2025-09-20T02:48:13","slug":"i_hs-crazy-body-pretcelul-ella-kerm-ar-tropisko-auglu-aromatu-150-ml","status":"publish","type":"product","link":"https:\/\/e.kosmolat.eu\/lv\/product\/i_hs-crazy-body-pretcelul-ella-kerm-ar-tropisko-auglu-aromatu-150-ml\/","title":{"rendered":"I_HS Crazy Body Pretcelul. e\u013cla \u0137erm. ar tropisko aug\u013cu arom\u0101tu, 150 ml"},"content":{"rendered":"<p>Pretcelul\u012bta e\u013c\u013ca nodro&scaron;in\u0101s Jums gludu, elast\u012bgu un mitrin\u0101tu \u0101du. E\u013c\u013cai ir uzmundrino&scaron;s arom\u0101ts un t\u0101 ir pat\u012bkama uz \u0101das. &Scaron;\u012b e\u013c\u013ca ir lielisks papildin\u0101jums \u0137erme\u0146a birstes mas\u0101\u017eai. Lai ieg\u016btu lab\u0101kus rezult\u0101tus, produktu ir ieteicams lietot katru dienu.<\/p>\n<p><strong>Lieto&scaron;ana:<\/strong> uzkl\u0101jiet nelielu daudzumu e\u013c\u013cas uz sausas \u0101das un maigi iemas\u0113jiet ar ap\u013cveida kust\u012bb\u0101m, l\u012bdz t\u0101 piln\u012bb\u0101 uzs\u016bcas.<\/p>\n<p>Dermatolo\u0123iski p\u0101rbaud\u012bts.<br \/>\n&nbsp;<\/p>\n","protected":false},"excerpt":{"rendered":"<p>Pretcelul\u012bta e\u013c\u013ca nodro&scaron;in\u0101s Jums gludu, elast\u012bgu un mitrin\u0101tu \u0101du. E\u013c\u013cai ir uzmundrino&scaron;s arom\u0101ts un t\u0101 ir pat\u012bkama uz \u0101das. &Scaron;\u012b e\u013c\u013ca ir lielisks papildin\u0101jums \u0137erme\u0146a birstes mas\u0101\u017eai. Lai ieg\u016btu lab\u0101kus rezult\u0101tus, produktu ir ieteicams lietot katru dienu. Lieto&scaron;ana: uzkl\u0101jiet nelielu daudzumu e\u013c\u013cas uz sausas \u0101das un maigi iemas\u0113jiet ar ap\u013cveida kust\u012bb\u0101m, l\u012bdz t\u0101 piln\u012bb\u0101 uzs\u016bcas. [&#8230;]\n","protected":false},"featured_media":90306,"template":"","meta":[],"product_cat":[1621],"product_tag":[],"class_list":{"0":"post-45945","1":"product","2":"type-product","3":"status-publish","4":"has-post-thumbnail","6":"product_brand-hiskin_pl","7":"product_cat-aliejai","9":"first","10":"outofstock","11":"taxable","12":"shipping-taxable","13":"product-type-simple"},"_links":{"self":[{"href":"https:\/\/e.kosmolat.eu\/lv\/wp-json\/wp\/v2\/product\/45945","targetHints":{"allow":["GET"]}}],"collection":[{"href":"https:\/\/e.kosmolat.eu\/lv\/wp-json\/wp\/v2\/product"}],"about":[{"href":"https:\/\/e.kosmolat.eu\/lv\/wp-json\/wp\/v2\/types\/product"}],"wp:featuredmedia":[{"embeddable":true,"href":"https:\/\/e.kosmolat.eu\/lv\/wp-json\/wp\/v2\/media\/90306"}],"wp:attachment":[{"href":"https:\/\/e.kosmolat.eu\/lv\/wp-json\/wp\/v2\/media?parent=45945"}],"wp:term":[{"taxonomy":"product_cat","embeddable":true,"href":"https:\/\/e.kosmolat.eu\/lv\/wp-json\/wp\/v2\/product_cat?post=45945"},{"taxonomy":"product_tag","embeddable":true,"href":"https:\/\/e.kosmolat.eu\/lv\/wp-json\/wp\/v2\/product_tag?post=45945"}],"curies":[{"name":"wp","href":"https:\/\/api.w.org\/{rel}","templated":true}]}}