{"id":45937,"date":"2024-02-29T05:21:00","date_gmt":"2024-02-29T05:21:00","guid":{"rendered":"https:\/\/e.kosmolat.eu\/product\/hs-crazy-body-sildoss-kerm-losjons-ar-cukurvates-aromatu-300-ml\/"},"modified":"2025-09-20T02:47:57","modified_gmt":"2025-09-20T02:47:57","slug":"i_hs-crazy-body-sildoss-kerm-losjons-ar-cukurvates-aromatu-300-ml","status":"publish","type":"product","link":"https:\/\/e.kosmolat.eu\/lv\/product\/i_hs-crazy-body-sildoss-kerm-losjons-ar-cukurvates-aromatu-300-ml\/","title":{"rendered":"I_HS Crazy Body Sildo\u0161s \u0137erm. losjons ar cukurvates arom\u0101tu, 300 ml"},"content":{"rendered":"<p>J\u016bsu uzticamais pal\u012bgs, lai padar\u012btu \u0101du gludu un elast\u012bgu! Tas iesai\u0146os j\u016bsu \u0137ermeni, k\u0101 silta sega un nomierin\u0101s j\u016bsu saj\u016btas ar vilino&scaron;u cukurvates arom\u0101tu. Ieteicams ikdienas lieto&scaron;anai.<\/p>\n<p><strong>Kas nodro&scaron;ina WOW efektu?&nbsp;<\/strong><\/p>\n<ul>\n<li><strong>Aso piparu aug\u013cu ekstrakts un kapsaic\u012bns<\/strong> &ndash; sasilda \u0101du un uzlabo mikrocirkul\u0101ciju.&nbsp;<\/li>\n<li><strong>Kofe\u012bns<\/strong> &ndash; nodro&scaron;ina dren\u0101\u017eas efektu un stimul\u0113 mikrocirkul\u0101ciju.&nbsp;<\/li>\n<li><strong>&Scaron;\u012b sviests un kakao sviests<\/strong> &ndash; mitrina un atjauno \u0101du, ide\u0101li piem\u0113roti mas\u0101\u017eai.<\/li>\n<\/ul>\n<p><strong>Lieto&scaron;ana:<\/strong> uzkl\u0101jiet nelielu daudzumu uz sausas \u0101das un maigi mas\u0113jiet apl\u012b ar ap\u013cveida kust\u012bb\u0101m, l\u012bdz tas piln\u012bb\u0101 uzs\u016bcas.<\/p>\n<p><strong>Piesardz\u012bbas pas\u0101kumi:<\/strong> izvair\u012bties no saskares ar ac\u012bm. Nelietot uz boj\u0101tas \u0101das. Ja rodas aler\u0123iska reakcija, p\u0101rtrauciet lieto&scaron;anu.<\/p>\n<p>Dermatolo\u0123iski p\u0101rbaud\u012bts.<br \/>\n&nbsp;<\/p>\n","protected":false},"excerpt":{"rendered":"<p>J\u016bsu uzticamais pal\u012bgs, lai padar\u012btu \u0101du gludu un elast\u012bgu! Tas iesai\u0146os j\u016bsu \u0137ermeni, k\u0101 silta sega un nomierin\u0101s j\u016bsu saj\u016btas ar vilino&scaron;u cukurvates arom\u0101tu. Ieteicams ikdienas lieto&scaron;anai. Kas nodro&scaron;ina WOW efektu?&nbsp; Aso piparu aug\u013cu ekstrakts un kapsaic\u012bns &ndash; sasilda \u0101du un uzlabo mikrocirkul\u0101ciju.&nbsp; Kofe\u012bns &ndash; nodro&scaron;ina dren\u0101\u017eas efektu un stimul\u0113 mikrocirkul\u0101ciju.&nbsp; &Scaron;\u012b sviests un kakao [&#8230;]\n","protected":false},"featured_media":90302,"template":"","meta":[],"product_cat":[1390],"product_tag":[],"class_list":{"0":"post-45937","1":"product","2":"type-product","3":"status-publish","4":"has-post-thumbnail","6":"product_brand-hiskin_pl","7":"product_cat-kremai-aliejai-kuno-pienelis","9":"first","10":"outofstock","11":"taxable","12":"shipping-taxable","13":"product-type-simple"},"_links":{"self":[{"href":"https:\/\/e.kosmolat.eu\/lv\/wp-json\/wp\/v2\/product\/45937","targetHints":{"allow":["GET"]}}],"collection":[{"href":"https:\/\/e.kosmolat.eu\/lv\/wp-json\/wp\/v2\/product"}],"about":[{"href":"https:\/\/e.kosmolat.eu\/lv\/wp-json\/wp\/v2\/types\/product"}],"wp:featuredmedia":[{"embeddable":true,"href":"https:\/\/e.kosmolat.eu\/lv\/wp-json\/wp\/v2\/media\/90302"}],"wp:attachment":[{"href":"https:\/\/e.kosmolat.eu\/lv\/wp-json\/wp\/v2\/media?parent=45937"}],"wp:term":[{"taxonomy":"product_cat","embeddable":true,"href":"https:\/\/e.kosmolat.eu\/lv\/wp-json\/wp\/v2\/product_cat?post=45937"},{"taxonomy":"product_tag","embeddable":true,"href":"https:\/\/e.kosmolat.eu\/lv\/wp-json\/wp\/v2\/product_tag?post=45937"}],"curies":[{"name":"wp","href":"https:\/\/api.w.org\/{rel}","templated":true}]}}