{"id":45929,"date":"2024-02-29T05:20:44","date_gmt":"2024-02-29T05:20:44","guid":{"rendered":"https:\/\/e.kosmolat.eu\/product\/hs-crazy-body-atvesinoss-kerm-losj-ar-arbuza-un-piparm-arom-300-ml\/"},"modified":"2025-09-20T02:47:38","modified_gmt":"2025-09-20T02:47:38","slug":"i_hs-crazy-body-atvesinoss-kerm-losj-ar-arbuza-un-piparm-arom-300-ml","status":"publish","type":"product","link":"https:\/\/e.kosmolat.eu\/lv\/product\/i_hs-crazy-body-atvesinoss-kerm-losj-ar-arbuza-un-piparm-arom-300-ml\/","title":{"rendered":"I_HS Crazy Body Atv\u0113sino\u0161s \u0137erm. losj. ar arb\u016bza un piparm. arom., 300 ml"},"content":{"rendered":"<p>J\u016bsu uzticamais pal\u012bgs, lai padar\u012btu \u0101du super mitrin\u0101tu, gludu un elast\u012bgu! Atv\u0113sino&scaron;s piparm\u0113tru un sald\u0113ta arb\u016bza arom\u0101ts uzlabos noska\u0146ojumu visai dienai:) Ir piem\u0113rots ikdienas lieto&scaron;anai.<\/p>\n<p><strong>Kas nodro&scaron;ina WOW efektu?<\/strong><\/p>\n<ul>\n<li>Saldo mande\u013cu, hohobas un sezama e\u013c\u013cu komplekss &ndash; izl\u012bdzina \u0101du un padara to elast\u012bgu, maigu un mitrin\u0101tu.<\/li>\n<li>Mentols &ndash; pat\u012bkami atv\u0113sina un atsvaidzina \u0101du.<\/li>\n<li>Kofe\u012bns &ndash; nov\u0113r&scaron; tauku uzkr\u0101&scaron;anos &scaron;\u016bn\u0101s,tam piem\u012bt pretcelul\u012bta un detoksik\u0101cijas iedarb\u012bba uz \u0101du.<\/li>\n<li>Guarana &ndash; mazina piet\u016bkumu, izl\u012bdzina un stiprina \u0101du.<\/li>\n<li>Acai ekstrakts &ndash; ir lielisks antioksidants, kas palielina \u0101das tvirtumu un elast\u012bbu.<\/li>\n<\/ul>\n<p><strong>Noder\u012bgi!<\/strong><br \/>\nLosjons ir ide\u0101ls papildin\u0101jums sausai \u0137erme\u0146a mas\u0101\u017eai ar birsti.<\/p>\n<p><strong>Lieto&scaron;ana:<\/strong> uzkl\u0101jiet nelielu daudzumu uz sausas \u0101das un maigi mas\u0113jiet apl\u012b ar ap\u013cveida kust\u012bb\u0101m, l\u012bdz tas piln\u012bb\u0101 uzs\u016bcas.<\/p>\n<p>Dermatolo\u0123iski p\u0101rbaud\u012bts.<br \/>\n&nbsp;<\/p>\n","protected":false},"excerpt":{"rendered":"<p>J\u016bsu uzticamais pal\u012bgs, lai padar\u012btu \u0101du super mitrin\u0101tu, gludu un elast\u012bgu! Atv\u0113sino&scaron;s piparm\u0113tru un sald\u0113ta arb\u016bza arom\u0101ts uzlabos noska\u0146ojumu visai dienai:) Ir piem\u0113rots ikdienas lieto&scaron;anai. Kas nodro&scaron;ina WOW efektu? Saldo mande\u013cu, hohobas un sezama e\u013c\u013cu komplekss &ndash; izl\u012bdzina \u0101du un padara to elast\u012bgu, maigu un mitrin\u0101tu. Mentols &ndash; pat\u012bkami atv\u0113sina un atsvaidzina \u0101du. Kofe\u012bns &ndash; [&#8230;]\n","protected":false},"featured_media":90298,"template":"","meta":[],"product_cat":[1616],"product_tag":[],"class_list":{"0":"post-45929","1":"product","2":"type-product","3":"status-publish","4":"has-post-thumbnail","6":"product_brand-hiskin_pl","7":"product_cat-pretcelulita-lidzekli","9":"first","10":"outofstock","11":"taxable","12":"shipping-taxable","13":"product-type-simple"},"_links":{"self":[{"href":"https:\/\/e.kosmolat.eu\/lv\/wp-json\/wp\/v2\/product\/45929","targetHints":{"allow":["GET"]}}],"collection":[{"href":"https:\/\/e.kosmolat.eu\/lv\/wp-json\/wp\/v2\/product"}],"about":[{"href":"https:\/\/e.kosmolat.eu\/lv\/wp-json\/wp\/v2\/types\/product"}],"wp:featuredmedia":[{"embeddable":true,"href":"https:\/\/e.kosmolat.eu\/lv\/wp-json\/wp\/v2\/media\/90298"}],"wp:attachment":[{"href":"https:\/\/e.kosmolat.eu\/lv\/wp-json\/wp\/v2\/media?parent=45929"}],"wp:term":[{"taxonomy":"product_cat","embeddable":true,"href":"https:\/\/e.kosmolat.eu\/lv\/wp-json\/wp\/v2\/product_cat?post=45929"},{"taxonomy":"product_tag","embeddable":true,"href":"https:\/\/e.kosmolat.eu\/lv\/wp-json\/wp\/v2\/product_tag?post=45929"}],"curies":[{"name":"wp","href":"https:\/\/api.w.org\/{rel}","templated":true}]}}