{"id":45913,"date":"2024-02-29T05:20:10","date_gmt":"2024-02-29T05:20:10","guid":{"rendered":"https:\/\/e.kosmolat.eu\/product\/hs-crazy-body-smalki-graud-kerm-skrubis-ar-mohito-arom-300-ml\/"},"modified":"2026-04-23T12:40:05","modified_gmt":"2026-04-23T12:40:05","slug":"hs-crazy-body-smalki-graud-kerm-skrubis-ar-mohito-arom-300-ml","status":"publish","type":"product","link":"https:\/\/e.kosmolat.eu\/lv\/product\/hs-crazy-body-smalki-graud-kerm-skrubis-ar-mohito-arom-300-ml\/","title":{"rendered":"HS Crazy Body Smalki graud. \u0137erm. skrubis ar mohito arom., 300 ml"},"content":{"rendered":"<p>Satur 99% dabiskas izcelsmes sast\u0101vda\u013cu. Piem\u0113rots veg\u0101niem.<\/p>\n<p>P\u012blinga skrubis ar pat\u012bkamu mohito arom\u0101tu par\u016bp\u0113sies par j\u016bsu \u0137ermeni un noska\u0146ojumu. Skrubis padar\u012bs j\u016bsu \u0101du maigu, ide\u0101li gludu un maksim\u0101li mitrin\u0101tu.<\/p>\n<p>Dermatolo\u0123iski p\u0101rbaud\u012bts.<br \/>\n&nbsp;<\/p>\n","protected":false},"excerpt":{"rendered":"<p>Satur 99% dabiskas izcelsmes sast\u0101vda\u013cu. Piem\u0113rots veg\u0101niem. P\u012blinga skrubis ar pat\u012bkamu mohito arom\u0101tu par\u016bp\u0113sies par j\u016bsu \u0137ermeni un noska\u0146ojumu. Skrubis padar\u012bs j\u016bsu \u0101du maigu, ide\u0101li gludu un maksim\u0101li mitrin\u0101tu. Dermatolo\u0123iski p\u0101rbaud\u012bts. &nbsp;<\/p>\n","protected":false},"featured_media":90290,"template":"","meta":[],"product_cat":[1360],"product_tag":[],"class_list":{"0":"post-45913","1":"product","2":"type-product","3":"status-publish","4":"has-post-thumbnail","6":"product_brand-hiskin_pl","7":"product_cat-1360","9":"first","10":"instock","11":"taxable","12":"shipping-taxable","13":"product-type-simple"},"_links":{"self":[{"href":"https:\/\/e.kosmolat.eu\/lv\/wp-json\/wp\/v2\/product\/45913","targetHints":{"allow":["GET"]}}],"collection":[{"href":"https:\/\/e.kosmolat.eu\/lv\/wp-json\/wp\/v2\/product"}],"about":[{"href":"https:\/\/e.kosmolat.eu\/lv\/wp-json\/wp\/v2\/types\/product"}],"wp:featuredmedia":[{"embeddable":true,"href":"https:\/\/e.kosmolat.eu\/lv\/wp-json\/wp\/v2\/media\/90290"}],"wp:attachment":[{"href":"https:\/\/e.kosmolat.eu\/lv\/wp-json\/wp\/v2\/media?parent=45913"}],"wp:term":[{"taxonomy":"product_cat","embeddable":true,"href":"https:\/\/e.kosmolat.eu\/lv\/wp-json\/wp\/v2\/product_cat?post=45913"},{"taxonomy":"product_tag","embeddable":true,"href":"https:\/\/e.kosmolat.eu\/lv\/wp-json\/wp\/v2\/product_tag?post=45913"}],"curies":[{"name":"wp","href":"https:\/\/api.w.org\/{rel}","templated":true}]}}