{"id":45897,"date":"2024-02-29T05:19:33","date_gmt":"2024-02-29T05:19:33","guid":{"rendered":"https:\/\/e.kosmolat.eu\/product\/hs-crazy-body-vannas-sals-ar-zefira-aromatu-300-g\/"},"modified":"2025-09-20T02:46:42","modified_gmt":"2025-09-20T02:46:42","slug":"i_hs-crazy-body-vannas-sals-ar-zefira-aromatu-300-g","status":"publish","type":"product","link":"https:\/\/e.kosmolat.eu\/lv\/product\/i_hs-crazy-body-vannas-sals-ar-zefira-aromatu-300-g\/","title":{"rendered":"I_HS Crazy Body Vannas s\u0101ls ar zef\u012bra arom\u0101tu, 300 g"},"content":{"rendered":"<p>Satur 97% dabiskas izcelsmes sast\u0101vda\u013cu. Piem\u0113rots veg\u0101niem.<\/p>\n<p>S\u0101ls ar pat\u012bkamu zef\u012bra arom\u0101tu pal\u012bdz\u0113s atp\u016bsties p\u0113c smagas dienas.<\/p>\n<p><strong>Lieto&scaron;ana:<\/strong> izmantojiet v\u0101ci\u0146u, lai izm\u0113r\u012btu nepiecie&scaron;amo vannas s\u0101ls daudzumu. Piepildiet v\u0101ci\u0146u ar s\u0101li un ieberiet silt\u0101 vann\u0101 zem teko&scaron;a \u016bdens. Uzgaidiet, kam\u0113r s\u0101ls iz&scaron;\u0137\u012bst \u016bden\u012b un izbaudiet proced\u016bru 20-30 min\u016b&scaron;u laik\u0101.<\/p>\n<p>Dermatolo\u0123iski p\u0101rbaud\u012bts.<br \/>\n&nbsp;<\/p>\n","protected":false},"excerpt":{"rendered":"<p>Satur 97% dabiskas izcelsmes sast\u0101vda\u013cu. Piem\u0113rots veg\u0101niem. S\u0101ls ar pat\u012bkamu zef\u012bra arom\u0101tu pal\u012bdz\u0113s atp\u016bsties p\u0113c smagas dienas. Lieto&scaron;ana: izmantojiet v\u0101ci\u0146u, lai izm\u0113r\u012btu nepiecie&scaron;amo vannas s\u0101ls daudzumu. Piepildiet v\u0101ci\u0146u ar s\u0101li un ieberiet silt\u0101 vann\u0101 zem teko&scaron;a \u016bdens. Uzgaidiet, kam\u0113r s\u0101ls iz&scaron;\u0137\u012bst \u016bden\u012b un izbaudiet proced\u016bru 20-30 min\u016b&scaron;u laik\u0101. Dermatolo\u0123iski p\u0101rbaud\u012bts. &nbsp;<\/p>\n","protected":false},"featured_media":90282,"template":"","meta":[],"product_cat":[1612],"product_tag":[],"class_list":{"0":"post-45897","1":"product","2":"type-product","3":"status-publish","4":"has-post-thumbnail","6":"product_brand-hiskin_pl","7":"product_cat-putos-druska-vonios-bombos","9":"first","10":"outofstock","11":"taxable","12":"shipping-taxable","13":"product-type-simple"},"_links":{"self":[{"href":"https:\/\/e.kosmolat.eu\/lv\/wp-json\/wp\/v2\/product\/45897","targetHints":{"allow":["GET"]}}],"collection":[{"href":"https:\/\/e.kosmolat.eu\/lv\/wp-json\/wp\/v2\/product"}],"about":[{"href":"https:\/\/e.kosmolat.eu\/lv\/wp-json\/wp\/v2\/types\/product"}],"wp:featuredmedia":[{"embeddable":true,"href":"https:\/\/e.kosmolat.eu\/lv\/wp-json\/wp\/v2\/media\/90282"}],"wp:attachment":[{"href":"https:\/\/e.kosmolat.eu\/lv\/wp-json\/wp\/v2\/media?parent=45897"}],"wp:term":[{"taxonomy":"product_cat","embeddable":true,"href":"https:\/\/e.kosmolat.eu\/lv\/wp-json\/wp\/v2\/product_cat?post=45897"},{"taxonomy":"product_tag","embeddable":true,"href":"https:\/\/e.kosmolat.eu\/lv\/wp-json\/wp\/v2\/product_tag?post=45897"}],"curies":[{"name":"wp","href":"https:\/\/api.w.org\/{rel}","templated":true}]}}