{"id":45881,"date":"2024-02-29T05:18:55","date_gmt":"2024-02-29T05:18:55","guid":{"rendered":"https:\/\/e.kosmolat.eu\/product\/hs-crazy-body-mirdzos-kerm-putas-ar-zefira-arom-250-ml\/"},"modified":"2025-09-20T02:46:12","modified_gmt":"2025-09-20T02:46:12","slug":"i_hs-crazy-body-mirdzos-kerm-putas-ar-zefira-arom-250-ml","status":"publish","type":"product","link":"https:\/\/e.kosmolat.eu\/lv\/product\/i_hs-crazy-body-mirdzos-kerm-putas-ar-zefira-arom-250-ml\/","title":{"rendered":"I_HS Crazy Body Mirdzo\u0161. \u0137erm. putas ar zef\u012bra arom., 250 ml"},"content":{"rendered":"<p>Pie&scaron;\u0137iriet savai \u0101dai neparastu mirdzumu un ietiniet \u0137ermeni mitrino&scaron;\u0101s put\u0101s, kas ir pilnas ar mirdzo&scaron;\u0101m da\u013ci\u0146\u0101m! Papildus burv\u012bgam zef\u012bra arom\u0101tam j\u016bs b\u016bsiet p\u0101rsteigta ar mitrin\u0101tu, elast\u012bgu un sp\u012bd\u012bgu \u0101du.<\/p>\n<p><strong>Kas nodro&scaron;ina WOW efektu?<\/strong><\/p>\n<ul>\n<li>Mirdzo&scaron;as da\u013ci\u0146as &ndash; pie&scaron;\u0137irs \u0101dai mirdzumu un &scaron;armu.<\/li>\n<li>Alvejas sula &ndash; mitrina un nomierina \u0101du.<\/li>\n<li>Sojas pupi\u0146u&nbsp;un saulespu\u0137u e\u013c\u013cas &ndash; iee\u013c\u013co un atjauno \u0101du, atst\u0101jot uz t\u0101s aizsargpl\u0113vi.<\/li>\n<li>Glikonolaktons &ndash; stiprina \u0101das aizsargbarjeru.<\/li>\n<\/ul>\n<p><strong>Lieto&scaron;ana:<\/strong> uzkl\u0101jiet nelielu daudzumu uz sausas \u0101das. P\u0113c tam maigi iemas\u0113jiet ar ap\u013cveida kust\u012bb\u0101m, l\u012bdz t\u0101s piln\u012bb\u0101 uzs\u016bcas.<\/p>\n<p>Dermatolo\u0123iski p\u0101rbaud\u012bts.<br \/>\n&nbsp;<\/p>\n","protected":false},"excerpt":{"rendered":"<p>Pie&scaron;\u0137iriet savai \u0101dai neparastu mirdzumu un ietiniet \u0137ermeni mitrino&scaron;\u0101s put\u0101s, kas ir pilnas ar mirdzo&scaron;\u0101m da\u013ci\u0146\u0101m! Papildus burv\u012bgam zef\u012bra arom\u0101tam j\u016bs b\u016bsiet p\u0101rsteigta ar mitrin\u0101tu, elast\u012bgu un sp\u012bd\u012bgu \u0101du. Kas nodro&scaron;ina WOW efektu? Mirdzo&scaron;as da\u013ci\u0146as &ndash; pie&scaron;\u0137irs \u0101dai mirdzumu un &scaron;armu. Alvejas sula &ndash; mitrina un nomierina \u0101du. Sojas pupi\u0146u&nbsp;un saulespu\u0137u e\u013c\u013cas &ndash; iee\u013c\u013co un [&#8230;]\n","protected":false},"featured_media":90274,"template":"","meta":[],"product_cat":[1388],"product_tag":[],"class_list":{"0":"post-45881","1":"product","2":"type-product","3":"status-publish","4":"has-post-thumbnail","6":"product_brand-hiskin_pl","7":"product_cat-kermena-kremi-pienini-sviesti","9":"first","10":"outofstock","11":"taxable","12":"shipping-taxable","13":"product-type-simple"},"_links":{"self":[{"href":"https:\/\/e.kosmolat.eu\/lv\/wp-json\/wp\/v2\/product\/45881","targetHints":{"allow":["GET"]}}],"collection":[{"href":"https:\/\/e.kosmolat.eu\/lv\/wp-json\/wp\/v2\/product"}],"about":[{"href":"https:\/\/e.kosmolat.eu\/lv\/wp-json\/wp\/v2\/types\/product"}],"wp:featuredmedia":[{"embeddable":true,"href":"https:\/\/e.kosmolat.eu\/lv\/wp-json\/wp\/v2\/media\/90274"}],"wp:attachment":[{"href":"https:\/\/e.kosmolat.eu\/lv\/wp-json\/wp\/v2\/media?parent=45881"}],"wp:term":[{"taxonomy":"product_cat","embeddable":true,"href":"https:\/\/e.kosmolat.eu\/lv\/wp-json\/wp\/v2\/product_cat?post=45881"},{"taxonomy":"product_tag","embeddable":true,"href":"https:\/\/e.kosmolat.eu\/lv\/wp-json\/wp\/v2\/product_tag?post=45881"}],"curies":[{"name":"wp","href":"https:\/\/api.w.org\/{rel}","templated":true}]}}