{"id":45873,"date":"2024-02-29T05:18:35","date_gmt":"2024-02-29T05:18:35","guid":{"rendered":"https:\/\/e.kosmolat.eu\/product\/hs-crazy-body-vannas-un-dus-zel-putas-ar-pina-colada-arom-250-ml\/"},"modified":"2025-09-20T02:45:57","modified_gmt":"2025-09-20T02:45:57","slug":"i_hs-crazy-body-vannas-un-dus-zel-putas-ar-pina-colada-arom-250-ml","status":"publish","type":"product","link":"https:\/\/e.kosmolat.eu\/lv\/product\/i_hs-crazy-body-vannas-un-dus-zel-putas-ar-pina-colada-arom-250-ml\/","title":{"rendered":"I_HS Crazy Body Vannas un du\u0161. \u017eel.-putas ar Pina Colada arom., 250 ml"},"content":{"rendered":"<p>Palutiniet savu \u0101du ar vannu pilnu ar mirdzo&scaron;\u0101m da\u013ci\u0146\u0101m. Papildus burv\u012bgam Pina Colada arom\u0101tam j\u016bs b\u016bsiet p\u0101rsteigta ar mitrin\u0101tu, elast\u012bgu un sp\u012bd\u012bgu \u0101du.<\/p>\n<p><strong>Kas nodro&scaron;ina WOW efektu?<\/strong><\/p>\n<ul>\n<li>Argana&nbsp;un \u010dia s\u0113klu e\u013c\u013cas &ndash; veido aizsargpl\u0113vi uz \u0101das, atjauno un uzlabo \u0101das elast\u012bbu.<\/li>\n<li>Trehaloze, pantenols un alanto\u012bns &ndash; mitrino&scaron;u vielu komplekss, kas atbalsta \u0101das hidrolip\u012bdu barjeru. &Scaron;\u012bs tr\u012bs sast\u0101vda\u013cas nomierina \u0101du un padara to glud\u0101ku un maig\u0101ku.<\/li>\n<\/ul>\n<p><strong>Lieto&scaron;ana:<\/strong> uzkl\u0101jiet uz mitra \u0137erme\u0146a un mas\u0113jiet, l\u012bdz veidojas putas. P\u0113c tam noskalojiet vai ielejiet putas vann\u0101 zem silta teko&scaron;a \u016bdens un izbaudiet neticami relaks\u0113jo&scaron;u vannu.<\/p>\n<p>Dermatolo\u0123iski p\u0101rbaud\u012bts.<\/p>\n","protected":false},"excerpt":{"rendered":"<p>Palutiniet savu \u0101du ar vannu pilnu ar mirdzo&scaron;\u0101m da\u013ci\u0146\u0101m. Papildus burv\u012bgam Pina Colada arom\u0101tam j\u016bs b\u016bsiet p\u0101rsteigta ar mitrin\u0101tu, elast\u012bgu un sp\u012bd\u012bgu \u0101du. Kas nodro&scaron;ina WOW efektu? Argana&nbsp;un \u010dia s\u0113klu e\u013c\u013cas &ndash; veido aizsargpl\u0113vi uz \u0101das, atjauno un uzlabo \u0101das elast\u012bbu. Trehaloze, pantenols un alanto\u012bns &ndash; mitrino&scaron;u vielu komplekss, kas atbalsta \u0101das hidrolip\u012bdu barjeru. &Scaron;\u012bs [&#8230;]\n","protected":false},"featured_media":90270,"template":"","meta":[],"product_cat":[1280],"product_tag":[],"class_list":{"0":"post-45873","1":"product","2":"type-product","3":"status-publish","4":"has-post-thumbnail","6":"product_brand-hiskin_pl","7":"product_cat-dusas-zelejas-un-dusas-ellas","9":"first","10":"outofstock","11":"taxable","12":"shipping-taxable","13":"product-type-simple"},"_links":{"self":[{"href":"https:\/\/e.kosmolat.eu\/lv\/wp-json\/wp\/v2\/product\/45873","targetHints":{"allow":["GET"]}}],"collection":[{"href":"https:\/\/e.kosmolat.eu\/lv\/wp-json\/wp\/v2\/product"}],"about":[{"href":"https:\/\/e.kosmolat.eu\/lv\/wp-json\/wp\/v2\/types\/product"}],"wp:featuredmedia":[{"embeddable":true,"href":"https:\/\/e.kosmolat.eu\/lv\/wp-json\/wp\/v2\/media\/90270"}],"wp:attachment":[{"href":"https:\/\/e.kosmolat.eu\/lv\/wp-json\/wp\/v2\/media?parent=45873"}],"wp:term":[{"taxonomy":"product_cat","embeddable":true,"href":"https:\/\/e.kosmolat.eu\/lv\/wp-json\/wp\/v2\/product_cat?post=45873"},{"taxonomy":"product_tag","embeddable":true,"href":"https:\/\/e.kosmolat.eu\/lv\/wp-json\/wp\/v2\/product_tag?post=45873"}],"curies":[{"name":"wp","href":"https:\/\/api.w.org\/{rel}","templated":true}]}}