{"id":45865,"date":"2024-02-29T05:18:17","date_gmt":"2024-02-29T05:18:17","guid":{"rendered":"https:\/\/e.kosmolat.eu\/product\/hs-crazy-body-vannas-un-dus-zel-putas-ar-zefira-arom-250-ml\/"},"modified":"2025-09-20T02:45:42","modified_gmt":"2025-09-20T02:45:42","slug":"i_hs-crazy-body-vannas-un-dus-zel-putas-ar-zefira-arom-250-ml","status":"publish","type":"product","link":"https:\/\/e.kosmolat.eu\/lv\/product\/i_hs-crazy-body-vannas-un-dus-zel-putas-ar-zefira-arom-250-ml\/","title":{"rendered":"I_HS Crazy Body Vannas un du\u0161. \u017eel.-putas ar zef\u012bra arom., 250 ml"},"content":{"rendered":"<p>Palutiniet savu \u0101du ar vannu pilnu ar mirdzo&scaron;\u0101m da\u013ci\u0146\u0101m. Papildus burv\u012bgam zef\u012bra arom\u0101tam j\u016bs b\u016bsiet p\u0101rsteigta ar mitrin\u0101tu, elast\u012bgu un sp\u012bd\u012bgu \u0101du.<\/p>\n<p><strong>Kas nodro&scaron;ina WOW efektu?<\/strong><\/p>\n<ul>\n<li>Ro\u017eu \u016bdens &ndash; toniz\u0113, mitrina un nomierina \u0101du, padarot to maig\u0101ku un glud\u0101ku.<\/li>\n<li>Trehaloze &nbsp;&ndash; &nbsp;ir disahar\u012bds, kas atbild par \u0101das mitrin\u0101&scaron;anu un \u0101das aizsardz\u012bbu pret \u0101r\u0113jo faktoru kait\u012bg\u0101s ietekmes.<\/li>\n<li>R\u012bsi&nbsp;un hohobas e\u013c\u013ca&nbsp;&ndash; nodro&scaron;ina nepiecie&scaron;amo mitrin\u0101&scaron;anu, atst\u0101jot&nbsp;uz \u0101das pat\u012bkamu aizsargpl\u0113vi.<\/li>\n<\/ul>\n<p><strong>Lieto&scaron;ana:<\/strong> uzkl\u0101jiet uz mitra \u0137erme\u0146a un mas\u0113jiet, l\u012bdz veidojas putas. P\u0113c tam noskalojiet vai ielejiet putas vann\u0101 zem silta teko&scaron;a \u016bdens un izbaudiet neticami relaks\u0113jo&scaron;u vannu.<\/p>\n<p>Dermatolo\u0123iski p\u0101rbaud\u012bts.<br \/>\n&nbsp;<\/p>\n","protected":false},"excerpt":{"rendered":"<p>Palutiniet savu \u0101du ar vannu pilnu ar mirdzo&scaron;\u0101m da\u013ci\u0146\u0101m. Papildus burv\u012bgam zef\u012bra arom\u0101tam j\u016bs b\u016bsiet p\u0101rsteigta ar mitrin\u0101tu, elast\u012bgu un sp\u012bd\u012bgu \u0101du. Kas nodro&scaron;ina WOW efektu? Ro\u017eu \u016bdens &ndash; toniz\u0113, mitrina un nomierina \u0101du, padarot to maig\u0101ku un glud\u0101ku. Trehaloze &nbsp;&ndash; &nbsp;ir disahar\u012bds, kas atbild par \u0101das mitrin\u0101&scaron;anu un \u0101das aizsardz\u012bbu pret \u0101r\u0113jo faktoru kait\u012bg\u0101s [&#8230;]\n","protected":false},"featured_media":90266,"template":"","meta":[],"product_cat":[1610],"product_tag":[],"class_list":{"0":"post-45865","1":"product","2":"type-product","3":"status-publish","4":"has-post-thumbnail","6":"product_brand-hiskin_pl","7":"product_cat-vannas-putas-sali-bumbas","9":"first","10":"outofstock","11":"taxable","12":"shipping-taxable","13":"product-type-simple"},"_links":{"self":[{"href":"https:\/\/e.kosmolat.eu\/lv\/wp-json\/wp\/v2\/product\/45865","targetHints":{"allow":["GET"]}}],"collection":[{"href":"https:\/\/e.kosmolat.eu\/lv\/wp-json\/wp\/v2\/product"}],"about":[{"href":"https:\/\/e.kosmolat.eu\/lv\/wp-json\/wp\/v2\/types\/product"}],"wp:featuredmedia":[{"embeddable":true,"href":"https:\/\/e.kosmolat.eu\/lv\/wp-json\/wp\/v2\/media\/90266"}],"wp:attachment":[{"href":"https:\/\/e.kosmolat.eu\/lv\/wp-json\/wp\/v2\/media?parent=45865"}],"wp:term":[{"taxonomy":"product_cat","embeddable":true,"href":"https:\/\/e.kosmolat.eu\/lv\/wp-json\/wp\/v2\/product_cat?post=45865"},{"taxonomy":"product_tag","embeddable":true,"href":"https:\/\/e.kosmolat.eu\/lv\/wp-json\/wp\/v2\/product_tag?post=45865"}],"curies":[{"name":"wp","href":"https:\/\/api.w.org\/{rel}","templated":true}]}}