{"id":45857,"date":"2024-02-29T05:17:57","date_gmt":"2024-02-29T05:17:57","guid":{"rendered":"https:\/\/e.kosmolat.eu\/product\/hs-crazy-hair-matu-lamines-zel-loti-porain-mat-ar-avenu-arom-300-ml\/"},"modified":"2026-04-23T09:56:30","modified_gmt":"2026-04-23T09:56:30","slug":"hs-crazy-hair-matu-lamines-zel-loti-porain-mat-ar-avenu-arom-300-ml","status":"publish","type":"product","link":"https:\/\/e.kosmolat.eu\/lv\/product\/hs-crazy-hair-matu-lamines-zel-loti-porain-mat-ar-avenu-arom-300-ml\/","title":{"rendered":"HS Crazy Hair Matu lamin\u0113\u0161. \u017eel. \u013coti porain. mat. ar ave\u0146u arom., 300 ml"},"content":{"rendered":"<p>Roz\u0101 matu \u017eeleja izveidos maigu pl\u0113vi uz J\u016bsu matiem, kas pasarg\u0101s tos no meh\u0101niskiem boj\u0101jumiem, liek\u0101 mitruma un p\u0101r\u0101k augst\u0101m temperat\u016br\u0101m, k\u0101 ar\u012b padar\u012bs j\u016bsu matus neaprakst\u0101mi gludus, m\u012bkstus un sp\u012bd\u012bgus.<\/p>\n<p><strong>Kas nodro&scaron;ina WOW efektu?&nbsp;<\/strong><\/p>\n<ul>\n<li>Trehaloze, ur\u012bnviela un augu glikols<strong>&nbsp;&ndash;<\/strong>&nbsp;mitrina un uztur mitrumu matu strukt\u016br\u0101.&nbsp;<\/li>\n<li>\u010cia s\u0113klu e\u013c\u013ca &ndash;&nbsp;izl\u012bdzina matus un nov\u0113r&scaron; statisko elektr\u012bbu.<\/li>\n<li>Hidroliz\u0113tas glut\u0113na, kvie&scaron;u un auzu olbaltumvielas&nbsp;&ndash; kondicion\u0113, atjauno, nov\u0113r&scaron; statisko elektr\u012bbu un m\u012bkstina matus.&nbsp;<\/li>\n<\/ul>\n<p><strong>Lieto&scaron;ana:<\/strong> uzkl\u0101jiet nelielu \u017eelejas daudzumu uz mitriem matiem. Atst\u0101jiet uz 10-15 min\u016bt\u0113m vai ilg\u0101k, p\u0113c tam noskalojiet ar siltu \u016bdeni. Lietojiet 1-2 reizes ned\u0113\u013c\u0101.<\/p>\n<p>Dermatolo\u0123iski p\u0101rbaud\u012bts.<\/p>\n","protected":false},"excerpt":{"rendered":"<p>Roz\u0101 matu \u017eeleja izveidos maigu pl\u0113vi uz J\u016bsu matiem, kas pasarg\u0101s tos no meh\u0101niskiem boj\u0101jumiem, liek\u0101 mitruma un p\u0101r\u0101k augst\u0101m temperat\u016br\u0101m, k\u0101 ar\u012b padar\u012bs j\u016bsu matus neaprakst\u0101mi gludus, m\u012bkstus un sp\u012bd\u012bgus. Kas nodro&scaron;ina WOW efektu?&nbsp; Trehaloze, ur\u012bnviela un augu glikols&nbsp;&ndash;&nbsp;mitrina un uztur mitrumu matu strukt\u016br\u0101.&nbsp; \u010cia s\u0113klu e\u013c\u013ca &ndash;&nbsp;izl\u012bdzina matus un nov\u0113r&scaron; statisko elektr\u012bbu. Hidroliz\u0113tas [&#8230;]\n","protected":false},"featured_media":90262,"template":"","meta":[],"product_cat":[1346],"product_tag":[],"class_list":{"0":"post-45857","1":"product","2":"type-product","3":"status-publish","4":"has-post-thumbnail","6":"product_brand-hiskin_pl","7":"product_cat-1346","9":"first","10":"instock","11":"taxable","12":"shipping-taxable","13":"product-type-simple"},"_links":{"self":[{"href":"https:\/\/e.kosmolat.eu\/lv\/wp-json\/wp\/v2\/product\/45857","targetHints":{"allow":["GET"]}}],"collection":[{"href":"https:\/\/e.kosmolat.eu\/lv\/wp-json\/wp\/v2\/product"}],"about":[{"href":"https:\/\/e.kosmolat.eu\/lv\/wp-json\/wp\/v2\/types\/product"}],"wp:featuredmedia":[{"embeddable":true,"href":"https:\/\/e.kosmolat.eu\/lv\/wp-json\/wp\/v2\/media\/90262"}],"wp:attachment":[{"href":"https:\/\/e.kosmolat.eu\/lv\/wp-json\/wp\/v2\/media?parent=45857"}],"wp:term":[{"taxonomy":"product_cat","embeddable":true,"href":"https:\/\/e.kosmolat.eu\/lv\/wp-json\/wp\/v2\/product_cat?post=45857"},{"taxonomy":"product_tag","embeddable":true,"href":"https:\/\/e.kosmolat.eu\/lv\/wp-json\/wp\/v2\/product_tag?post=45857"}],"curies":[{"name":"wp","href":"https:\/\/api.w.org\/{rel}","templated":true}]}}