{"id":45849,"date":"2024-02-29T05:17:36","date_gmt":"2024-02-29T05:17:36","guid":{"rendered":"https:\/\/e.kosmolat.eu\/product\/hs-crazy-hair-matu-lamines-zel-videji-porain-mat-ar-kirsu-arom-300-ml\/"},"modified":"2025-09-20T02:45:12","modified_gmt":"2025-09-20T02:45:12","slug":"i_hs-crazy-hair-matu-lamines-zel-videji-porain-mat-ar-kirsu-arom-300-ml","status":"publish","type":"product","link":"https:\/\/e.kosmolat.eu\/lv\/product\/i_hs-crazy-hair-matu-lamines-zel-videji-porain-mat-ar-kirsu-arom-300-ml\/","title":{"rendered":"I_HS Crazy Hair Matu lamin\u0113\u0161. \u017eel. vid\u0113ji porain. mat. ar \u0137ir\u0161u arom., 300 ml"},"content":{"rendered":"<p>Matu \u017eeleja ar svaigu \u0137ir&scaron;u arom\u0101tu izveidos maigu pl\u0113vi uz j\u016bsu matiem, kas pasarg\u0101s tos no meh\u0101niskiem boj\u0101jumiem, liek\u0101 mitruma un p\u0101r\u0101k augst\u0101m temperat\u016br\u0101m. \u017delejas sast\u0101v\u0101 eso&scaron;ie prote\u012bni un mitrin\u0101t\u0101ji ir \u012bpa&scaron;i atlas\u012bti, lai r\u016bp\u0113tos par vid\u0113ji un augsti porainiem matiem, tie padar\u012bs j\u016bsu matus neaprakst\u0101mi gludus, m\u012bkstus un sp\u012bd\u012bgus.<\/p>\n<p><strong>Kas nodro&scaron;ina WOW efektu?&nbsp;<\/strong><\/p>\n<ul>\n<li>Trehaloze, ur\u012bnviela, augu glikols un glikonolaktons mitrina un uztur mitrumu matu strukt\u016br\u0101.&nbsp;<\/li>\n<li>Saldo mande\u013cu e\u013c\u013ca &ndash; aizver matu kutikulu, padarot tos glud\u0101kus.<\/li>\n<li>Hidroliz\u0113tas glut\u0113na, r\u012bsu un sojas olbaltumvielas &ndash; kondicion\u0113 un atjauno matus, nov\u0113r&scaron; statisko elektr\u012bbu, m\u012bkstina un izl\u012bdzina matus.<\/li>\n<\/ul>\n<p><strong>Lieto&scaron;ana:<\/strong> uzkl\u0101jiet nelielu \u017eelejas daudzumu uz mitriem matiem. Atst\u0101jiet uz 10-15 min\u016bt\u0113m vai ilg\u0101k, p\u0113c tam noskalojiet ar siltu \u016bdeni. Lietojiet 1-2 reizes ned\u0113\u013c\u0101.<\/p>\n<p>Dermatolo\u0123iski p\u0101rbaud\u012bts.<br \/>\n&nbsp;<\/p>\n","protected":false},"excerpt":{"rendered":"<p>Matu \u017eeleja ar svaigu \u0137ir&scaron;u arom\u0101tu izveidos maigu pl\u0113vi uz j\u016bsu matiem, kas pasarg\u0101s tos no meh\u0101niskiem boj\u0101jumiem, liek\u0101 mitruma un p\u0101r\u0101k augst\u0101m temperat\u016br\u0101m. \u017delejas sast\u0101v\u0101 eso&scaron;ie prote\u012bni un mitrin\u0101t\u0101ji ir \u012bpa&scaron;i atlas\u012bti, lai r\u016bp\u0113tos par vid\u0113ji un augsti porainiem matiem, tie padar\u012bs j\u016bsu matus neaprakst\u0101mi gludus, m\u012bkstus un sp\u012bd\u012bgus. Kas nodro&scaron;ina WOW efektu?&nbsp; Trehaloze, [&#8230;]\n","protected":false},"featured_media":90258,"template":"","meta":[],"product_cat":[1343],"product_tag":[],"class_list":{"0":"post-45849","1":"product","2":"type-product","3":"status-publish","4":"has-post-thumbnail","6":"product_brand-hiskin_pl","7":"product_cat-citi-matu-kopsanas-produkti","9":"first","10":"outofstock","11":"taxable","12":"shipping-taxable","13":"product-type-simple"},"_links":{"self":[{"href":"https:\/\/e.kosmolat.eu\/lv\/wp-json\/wp\/v2\/product\/45849","targetHints":{"allow":["GET"]}}],"collection":[{"href":"https:\/\/e.kosmolat.eu\/lv\/wp-json\/wp\/v2\/product"}],"about":[{"href":"https:\/\/e.kosmolat.eu\/lv\/wp-json\/wp\/v2\/types\/product"}],"wp:featuredmedia":[{"embeddable":true,"href":"https:\/\/e.kosmolat.eu\/lv\/wp-json\/wp\/v2\/media\/90258"}],"wp:attachment":[{"href":"https:\/\/e.kosmolat.eu\/lv\/wp-json\/wp\/v2\/media?parent=45849"}],"wp:term":[{"taxonomy":"product_cat","embeddable":true,"href":"https:\/\/e.kosmolat.eu\/lv\/wp-json\/wp\/v2\/product_cat?post=45849"},{"taxonomy":"product_tag","embeddable":true,"href":"https:\/\/e.kosmolat.eu\/lv\/wp-json\/wp\/v2\/product_tag?post=45849"}],"curies":[{"name":"wp","href":"https:\/\/api.w.org\/{rel}","templated":true}]}}