{"id":45841,"date":"2024-02-29T05:17:18","date_gmt":"2024-02-29T05:17:18","guid":{"rendered":"https:\/\/e.kosmolat.eu\/product\/hs-crazy-hair-matu-lamines-zel-zemas-porain-matiem-ar-meza-ogu-arom-300-ml\/"},"modified":"2025-09-20T02:44:57","modified_gmt":"2025-09-20T02:44:57","slug":"i_hs-crazy-hair-matu-lamines-zel-zemas-porain-matiem-ar-meza-ogu-arom-300-ml","status":"publish","type":"product","link":"https:\/\/e.kosmolat.eu\/lv\/product\/i_hs-crazy-hair-matu-lamines-zel-zemas-porain-matiem-ar-meza-ogu-arom-300-ml\/","title":{"rendered":"I_HS Crazy Hair Matu lamin\u0113\u0161. \u017eel. zemas porain. matiem ar me\u017ea ogu arom., 300 ml"},"content":{"rendered":"<p>Zil\u0101 matu \u017eeleja ar me\u017ea ogu arom\u0101tu izveidos maigu pl\u0113vi uz j\u016bsu matiem, kas pasarg\u0101s tos no meh\u0101niskiem boj\u0101jumiem, liek\u0101 mitruma un p\u0101r\u0101k augst\u0101m temperat\u016br\u0101m, k\u0101 ar\u012b padar\u012bs j\u016bsu matus neaprakst\u0101mi gludus, m\u012bkstus un sp\u012bd\u012bgus.<\/p>\n<p><strong>Kas nodro&scaron;ina WOW efektu?&nbsp;<\/strong><\/p>\n<ul>\n<li>Trehaloze, ur\u012bnviela, augu glikols un glikonolaktons &ndash;&nbsp;mitrina un uztur mitrumu matu strukt\u016br\u0101.&nbsp;<\/li>\n<li>Babas\u016b&nbsp;e\u013c\u013ca &ndash;&nbsp;atjauno, izl\u012bdzina, m\u012bkstina un pasarg\u0101 matus no apk\u0101rt\u0113j\u0101s vides negat\u012bv\u0101s ietekmes.<\/li>\n<li>Hidroliz\u0113tas zir\u0146u un d\u0101rze\u0146u olbaltumvielas &ndash; atjauno, nov\u0113r&scaron; statisko elektr\u012bbu, m\u012bkstina un izl\u012bdzina matus.<\/li>\n<\/ul>\n<p><strong>Lieto&scaron;ana: <\/strong>uzkl\u0101jiet nelielu \u017eelejas daudzumu uz mitriem matiem. Atst\u0101jiet uz 10-15 min\u016bt\u0113m vai ilg\u0101k, p\u0113c tam noskalojiet ar siltu \u016bdeni. Lietojiet 1-2 reizes ned\u0113\u013c\u0101.<\/p>\n<p>Dermatolo\u0123iski p\u0101rbaud\u012bts.<br \/>\n&nbsp;<\/p>\n","protected":false},"excerpt":{"rendered":"<p>Zil\u0101 matu \u017eeleja ar me\u017ea ogu arom\u0101tu izveidos maigu pl\u0113vi uz j\u016bsu matiem, kas pasarg\u0101s tos no meh\u0101niskiem boj\u0101jumiem, liek\u0101 mitruma un p\u0101r\u0101k augst\u0101m temperat\u016br\u0101m, k\u0101 ar\u012b padar\u012bs j\u016bsu matus neaprakst\u0101mi gludus, m\u012bkstus un sp\u012bd\u012bgus. Kas nodro&scaron;ina WOW efektu?&nbsp; Trehaloze, ur\u012bnviela, augu glikols un glikonolaktons &ndash;&nbsp;mitrina un uztur mitrumu matu strukt\u016br\u0101.&nbsp; Babas\u016b&nbsp;e\u013c\u013ca &ndash;&nbsp;atjauno, izl\u012bdzina, m\u012bkstina [&#8230;]\n","protected":false},"featured_media":90254,"template":"","meta":[],"product_cat":[1638],"product_tag":[],"class_list":{"0":"post-45841","1":"product","2":"type-product","3":"status-publish","4":"has-post-thumbnail","6":"product_brand-hiskin_pl","7":"product_cat-balzami","9":"first","10":"outofstock","11":"taxable","12":"shipping-taxable","13":"product-type-simple"},"_links":{"self":[{"href":"https:\/\/e.kosmolat.eu\/lv\/wp-json\/wp\/v2\/product\/45841","targetHints":{"allow":["GET"]}}],"collection":[{"href":"https:\/\/e.kosmolat.eu\/lv\/wp-json\/wp\/v2\/product"}],"about":[{"href":"https:\/\/e.kosmolat.eu\/lv\/wp-json\/wp\/v2\/types\/product"}],"wp:featuredmedia":[{"embeddable":true,"href":"https:\/\/e.kosmolat.eu\/lv\/wp-json\/wp\/v2\/media\/90254"}],"wp:attachment":[{"href":"https:\/\/e.kosmolat.eu\/lv\/wp-json\/wp\/v2\/media?parent=45841"}],"wp:term":[{"taxonomy":"product_cat","embeddable":true,"href":"https:\/\/e.kosmolat.eu\/lv\/wp-json\/wp\/v2\/product_cat?post=45841"},{"taxonomy":"product_tag","embeddable":true,"href":"https:\/\/e.kosmolat.eu\/lv\/wp-json\/wp\/v2\/product_tag?post=45841"}],"curies":[{"name":"wp","href":"https:\/\/api.w.org\/{rel}","templated":true}]}}