{"id":45833,"date":"2024-02-29T05:17:00","date_gmt":"2024-02-29T05:17:00","guid":{"rendered":"https:\/\/e.kosmolat.eu\/product\/hs-crazy-hair-matu-maska-ar-arbuza-arom-1000-ml\/"},"modified":"2025-09-20T02:44:39","modified_gmt":"2025-09-20T02:44:39","slug":"i_hs-crazy-hair-matu-maska-ar-arbuza-arom-1000-ml","status":"publish","type":"product","link":"https:\/\/e.kosmolat.eu\/lv\/product\/i_hs-crazy-hair-matu-maska-ar-arbuza-arom-1000-ml\/","title":{"rendered":"I_HS Crazy Hair Matu maska ar Arb\u016bza arom., 1000 ml"},"content":{"rendered":"<p>Liela apjoma matu maska ir ide\u0101li piem\u0113rota cilv\u0113kiem ar gariem matiem, jo var neuztraukties, ka t\u0101 \u0101tri beigsies. &Scaron;\u012b ir ide\u0101la formula sabalans\u0113tai matu kop&scaron;anai, jo t\u0101s pamat\u0101 ir sast\u0101vda\u013cas, kas nepiecie&scaron;amas J\u016bsu matu vesel\u012bbai un skaistumam, \u0146emot v\u0113r\u0101 PEH l\u012bdzsvaru.<\/p>\n<p><strong>Kas nodro&scaron;ina WOW efektu?&nbsp;<\/strong><\/p>\n<ul>\n<li><strong>Saulespu\u0137u e\u013c\u013ca <\/strong>&ndash; m\u012bkstina, veido aizsargpl\u0113vi uz matiem un pasarg\u0101 tos no boj\u0101jumiem.<\/li>\n<li><strong>Trehaloze <\/strong>&ndash; notur mitrumu matu strukt\u016br\u0101.<\/li>\n<li><strong>Pantenols (provitam\u012bns B5)<\/strong> &ndash; nodro&scaron;ina kondicion\u0113jo&scaron;u efektu: padara matus biez\u0101kus, mitrina, nostiprina, pie&scaron;\u0137ir sp\u012bdumu un izl\u012bdzina.<\/li>\n<\/ul>\n<p><strong>Lieto&scaron;ana:<\/strong> uzkl\u0101jiet nelielu daudzumu uz mitriem matiem un vienm\u0113r\u012bgi sadaliet, izvairoties no matu sakn\u0113m. Atst\u0101jiet uz 5 min\u016bt\u0113m vai ilg\u0101k, p\u0113c tam noskalojiet ar siltu \u016bdeni.<\/p>\n<p>Dermatolo\u0123iski p\u0101rbaud\u012bts.<br \/>\n&nbsp;<\/p>\n","protected":false},"excerpt":{"rendered":"<p>Liela apjoma matu maska ir ide\u0101li piem\u0113rota cilv\u0113kiem ar gariem matiem, jo var neuztraukties, ka t\u0101 \u0101tri beigsies. &Scaron;\u012b ir ide\u0101la formula sabalans\u0113tai matu kop&scaron;anai, jo t\u0101s pamat\u0101 ir sast\u0101vda\u013cas, kas nepiecie&scaron;amas J\u016bsu matu vesel\u012bbai un skaistumam, \u0146emot v\u0113r\u0101 PEH l\u012bdzsvaru. Kas nodro&scaron;ina WOW efektu?&nbsp; Saulespu\u0137u e\u013c\u013ca &ndash; m\u012bkstina, veido aizsargpl\u0113vi uz matiem un pasarg\u0101 [&#8230;]\n","protected":false},"featured_media":90250,"template":"","meta":[],"product_cat":[1257],"product_tag":[],"class_list":{"0":"post-45833","1":"product","2":"type-product","3":"status-publish","4":"has-post-thumbnail","6":"product_brand-hiskin_pl","7":"product_cat-1257","9":"first","10":"outofstock","11":"taxable","12":"shipping-taxable","13":"product-type-simple"},"_links":{"self":[{"href":"https:\/\/e.kosmolat.eu\/lv\/wp-json\/wp\/v2\/product\/45833","targetHints":{"allow":["GET"]}}],"collection":[{"href":"https:\/\/e.kosmolat.eu\/lv\/wp-json\/wp\/v2\/product"}],"about":[{"href":"https:\/\/e.kosmolat.eu\/lv\/wp-json\/wp\/v2\/types\/product"}],"wp:featuredmedia":[{"embeddable":true,"href":"https:\/\/e.kosmolat.eu\/lv\/wp-json\/wp\/v2\/media\/90250"}],"wp:attachment":[{"href":"https:\/\/e.kosmolat.eu\/lv\/wp-json\/wp\/v2\/media?parent=45833"}],"wp:term":[{"taxonomy":"product_cat","embeddable":true,"href":"https:\/\/e.kosmolat.eu\/lv\/wp-json\/wp\/v2\/product_cat?post=45833"},{"taxonomy":"product_tag","embeddable":true,"href":"https:\/\/e.kosmolat.eu\/lv\/wp-json\/wp\/v2\/product_tag?post=45833"}],"curies":[{"name":"wp","href":"https:\/\/api.w.org\/{rel}","templated":true}]}}