{"id":45817,"date":"2024-02-29T05:16:25","date_gmt":"2024-02-29T05:16:25","guid":{"rendered":"https:\/\/e.kosmolat.eu\/product\/hs-crazy-hair-ellu-mais-zem-un-videj-porain-matiem-ar-apelsina-aromatu-100-ml\/"},"modified":"2026-04-15T11:07:17","modified_gmt":"2026-04-15T11:07:17","slug":"hs-crazy-hair-ellu-mais-zem-un-videj-porain-matiem-ar-apelsina-aromatu-100-ml","status":"publish","type":"product","link":"https:\/\/e.kosmolat.eu\/lv\/product\/hs-crazy-hair-ellu-mais-zem-un-videj-porain-matiem-ar-apelsina-aromatu-100-ml\/","title":{"rendered":"HS Crazy Hair E\u013clu mais. zem. un vid\u0113j. porain. matiem ar apels\u012bna arom\u0101tu, 100 ml"},"content":{"rendered":"<p>E\u013c\u013cu mais\u012bjums sast\u0101v tikai no dab\u012bg\u0101m augu e\u013c\u013c\u0101m, un taj\u0101 eso&scaron;\u0101s tauksk\u0101bes ir \u012bpa&scaron;i piem\u0113rotas zemas &nbsp;un vid\u0113jas porain\u012bbas matiem. Dabiskas izcelsmes augu e\u013c\u013cas pal\u012bdz uztur\u0113t matu mitrumu, k\u0101 rezult\u0101t\u0101 mati k\u013c\u016bst vesel\u012bg\u0101ki, m\u012bkst\u0101ki un glud\u0101ki.<\/p>\n<p><strong>Kas nodro&scaron;ina WOW efektu?<\/strong><\/p>\n<ul>\n<li>Mais\u012bjums no 4 augu e\u013c\u013c\u0101m &ndash; r\u012bsu, saulespu\u0137u, avokado un saldo mande\u013cu e\u013c\u013cas. Liel\u0101s da\u013ci\u0146as mais\u012bjuma sast\u0101v\u0101 lieliski aizpilda telpu starp matu kutikul\u0101m, padarot matus m\u012bkst\u0101kus un iev\u0113rojami glud\u0101kus. Turkl\u0101t mais\u012bjums ir bag\u0101tas ar omega-9 polinepies\u0101tin\u0101taj\u0101m tauksk\u0101b\u0113m.<\/li>\n<li>Apels\u012bnu e\u013c\u013ca &#8211; tai piem\u012bt aromterapeitiska iedarb\u012bba, t\u0101 piepild\u012bs J\u016bs ar ener\u0123iju, uzlabos garast\u0101vokli un padar\u012bs matus m\u012bkst\u0101kus un sp\u012bd\u012bg\u0101kus.<\/li>\n<\/ul>\n<p><strong>Lieto&scaron;ana: <\/strong>uzkl\u0101jiet nelielu daudzumu e\u013c\u013cas uz plaukst\u0101m un sadaliet uz sausiem matiem. Atst\u0101jiet uz 30-60 min\u016bt\u0113m, p\u0113c tam izskalojiet ar siltu \u016bdeni. Var atst\u0101t uz nakti.<\/p>\n<p><strong>Noder\u012bgi padomi:<\/strong><\/p>\n<ul>\n<li>L\u012bdzekli ieteicams kombin\u0113t ar &scaron;\u012bs pa&scaron;as l\u012bnijas kondicionieri.<\/li>\n<li>Lai efekt\u012bvi nomazg\u0101tu e\u013c\u013cu no matiem, ieteicams emul\u0123\u0113t e\u013c\u013cu ar kondicionieri. Uzkl\u0101jiet nepiecie&scaron;amo kondicioniera daudzumu uz mitriem matiem 20 min\u016btes pirms matu mazg\u0101&scaron;anas ar &scaron;amp\u016bnu.<\/li>\n<\/ul>\n<p>Dermatolo\u0123iski p\u0101rbaud\u012bts.<br \/>\n&nbsp;<\/p>\n","protected":false},"excerpt":{"rendered":"<p>E\u013c\u013cu mais\u012bjums sast\u0101v tikai no dab\u012bg\u0101m augu e\u013c\u013c\u0101m, un taj\u0101 eso&scaron;\u0101s tauksk\u0101bes ir \u012bpa&scaron;i piem\u0113rotas zemas &nbsp;un vid\u0113jas porain\u012bbas matiem. Dabiskas izcelsmes augu e\u013c\u013cas pal\u012bdz uztur\u0113t matu mitrumu, k\u0101 rezult\u0101t\u0101 mati k\u013c\u016bst vesel\u012bg\u0101ki, m\u012bkst\u0101ki un glud\u0101ki. Kas nodro&scaron;ina WOW efektu? Mais\u012bjums no 4 augu e\u013c\u013c\u0101m &ndash; r\u012bsu, saulespu\u0137u, avokado un saldo mande\u013cu e\u013c\u013cas. Liel\u0101s da\u013ci\u0146as [&#8230;]\n","protected":false},"featured_media":90242,"template":"","meta":[],"product_cat":[2182],"product_tag":[],"class_list":{"0":"post-45817","1":"product","2":"type-product","3":"status-publish","4":"has-post-thumbnail","6":"product_brand-hiskin_pl","7":"product_cat-bez-kategorijas-ru","9":"first","10":"instock","11":"taxable","12":"shipping-taxable","13":"product-type-simple"},"_links":{"self":[{"href":"https:\/\/e.kosmolat.eu\/lv\/wp-json\/wp\/v2\/product\/45817","targetHints":{"allow":["GET"]}}],"collection":[{"href":"https:\/\/e.kosmolat.eu\/lv\/wp-json\/wp\/v2\/product"}],"about":[{"href":"https:\/\/e.kosmolat.eu\/lv\/wp-json\/wp\/v2\/types\/product"}],"wp:featuredmedia":[{"embeddable":true,"href":"https:\/\/e.kosmolat.eu\/lv\/wp-json\/wp\/v2\/media\/90242"}],"wp:attachment":[{"href":"https:\/\/e.kosmolat.eu\/lv\/wp-json\/wp\/v2\/media?parent=45817"}],"wp:term":[{"taxonomy":"product_cat","embeddable":true,"href":"https:\/\/e.kosmolat.eu\/lv\/wp-json\/wp\/v2\/product_cat?post=45817"},{"taxonomy":"product_tag","embeddable":true,"href":"https:\/\/e.kosmolat.eu\/lv\/wp-json\/wp\/v2\/product_tag?post=45817"}],"curies":[{"name":"wp","href":"https:\/\/api.w.org\/{rel}","templated":true}]}}