{"id":45801,"date":"2024-02-29T05:15:55","date_gmt":"2024-02-29T05:15:55","guid":{"rendered":"https:\/\/e.kosmolat.eu\/product\/hs-crazy-hair-proteina-kondic-ar-sokolades-aromatu-250-ml\/"},"modified":"2026-04-23T07:46:26","modified_gmt":"2026-04-23T07:46:26","slug":"hs-crazy-hair-proteina-kondic-ar-sokolades-aromatu-250-ml","status":"publish","type":"product","link":"https:\/\/e.kosmolat.eu\/lv\/product\/hs-crazy-hair-proteina-kondic-ar-sokolades-aromatu-250-ml\/","title":{"rendered":"HS Crazy Hair Prote\u012bna kondic.  ar \u0161okol\u0101des arom\u0101tu, 250 ml"},"content":{"rendered":"<p>Prote\u012bnu kondicionieris pie&scaron;\u0137irs J\u016bsu matiem vesel\u012bgu apjomu un sp\u012bdumu, k\u0101 ar\u012b padar\u012bs tos vizu\u0101li m\u012bkst\u0101kus un glud\u0101kus. \u012apa&scaron;i piem\u0113rots cirtainiem, cietiem un bieziem matiem.<\/p>\n<p><strong>PEH l\u012bdzsvars:<\/strong><br \/>\nProdukta sast\u0101vs ir izstr\u0101d\u0101ts, lai uztur\u0113tu l\u012bdzsvaru starp olbaltumviel\u0101m, m\u012bkstin\u0101t\u0101jiem un mitrin\u0101t\u0101jiem (PEH) &#8211; trim galvenajiem matu kop&scaron;anas elementiem.<\/p>\n<p><strong>Kas nodro&scaron;ina WOW efektu?&nbsp;<\/strong><\/p>\n<ul>\n<li>Sast\u0101v\u0101 eso&scaron;ie hidroliz\u0113tie r\u012bsu, kukur\u016bzas un kvie&scaron;u prote\u012bni&nbsp;&ndash;&nbsp;nov\u0113r&scaron; matu elektriz\u0113&scaron;anos, m\u012bkstina un padara matus glud\u0101kus.<\/li>\n<li>Argin\u012bns<strong>&nbsp;&ndash;<\/strong>&nbsp;ir dabiskas izcelsmes aminosk\u0101be. Argin\u012bns pie&scaron;\u0137ir matiem papildu apjomu un stimul\u0113 to aug&scaron;anu, veicinot akt\u012bvo vielu iek\u013c\u016b&scaron;anu galvas \u0101d\u0101.<\/li>\n<\/ul>\n<p><strong>Lieto&scaron;ana:<\/strong> uzkl\u0101t nelielu produkta daudzumu uz mitriem, no \u016bdens izspiestiem matiem. P\u0113c da\u017e\u0101m min\u016bt\u0113m noskalot. Lai sasniegtu lab\u0101kus rezult\u0101tus, atst\u0101t uz 20-30 min\u016bt\u0113m.<\/p>\n<p>Dermatolo\u0123iski p\u0101rbaud\u012bts.<br \/>\n&nbsp;<\/p>\n","protected":false},"excerpt":{"rendered":"<p>Prote\u012bnu kondicionieris pie&scaron;\u0137irs J\u016bsu matiem vesel\u012bgu apjomu un sp\u012bdumu, k\u0101 ar\u012b padar\u012bs tos vizu\u0101li m\u012bkst\u0101kus un glud\u0101kus. \u012apa&scaron;i piem\u0113rots cirtainiem, cietiem un bieziem matiem. PEH l\u012bdzsvars: Produkta sast\u0101vs ir izstr\u0101d\u0101ts, lai uztur\u0113tu l\u012bdzsvaru starp olbaltumviel\u0101m, m\u012bkstin\u0101t\u0101jiem un mitrin\u0101t\u0101jiem (PEH) &#8211; trim galvenajiem matu kop&scaron;anas elementiem. Kas nodro&scaron;ina WOW efektu?&nbsp; Sast\u0101v\u0101 eso&scaron;ie hidroliz\u0113tie r\u012bsu, kukur\u016bzas un [&#8230;]\n","protected":false},"featured_media":90234,"template":"","meta":[],"product_cat":[1639],"product_tag":[],"class_list":{"0":"post-45801","1":"product","2":"type-product","3":"status-publish","4":"has-post-thumbnail","6":"product_brand-hiskin_pl","7":"product_cat-1639","9":"first","10":"instock","11":"taxable","12":"shipping-taxable","13":"product-type-simple"},"_links":{"self":[{"href":"https:\/\/e.kosmolat.eu\/lv\/wp-json\/wp\/v2\/product\/45801","targetHints":{"allow":["GET"]}}],"collection":[{"href":"https:\/\/e.kosmolat.eu\/lv\/wp-json\/wp\/v2\/product"}],"about":[{"href":"https:\/\/e.kosmolat.eu\/lv\/wp-json\/wp\/v2\/types\/product"}],"wp:featuredmedia":[{"embeddable":true,"href":"https:\/\/e.kosmolat.eu\/lv\/wp-json\/wp\/v2\/media\/90234"}],"wp:attachment":[{"href":"https:\/\/e.kosmolat.eu\/lv\/wp-json\/wp\/v2\/media?parent=45801"}],"wp:term":[{"taxonomy":"product_cat","embeddable":true,"href":"https:\/\/e.kosmolat.eu\/lv\/wp-json\/wp\/v2\/product_cat?post=45801"},{"taxonomy":"product_tag","embeddable":true,"href":"https:\/\/e.kosmolat.eu\/lv\/wp-json\/wp\/v2\/product_tag?post=45801"}],"curies":[{"name":"wp","href":"https:\/\/api.w.org\/{rel}","templated":true}]}}