{"id":45793,"date":"2024-02-29T05:15:40","date_gmt":"2024-02-29T05:15:40","guid":{"rendered":"https:\/\/e.kosmolat.eu\/product\/hs-crazy-hair-mitrinoss-kondic-ar-kosl-gumijas-arom-250-ml\/"},"modified":"2025-09-20T02:43:28","modified_gmt":"2025-09-20T02:43:28","slug":"i_hs-crazy-hair-mitrinoss-kondic-ar-kosl-gumijas-arom-250-ml","status":"publish","type":"product","link":"https:\/\/e.kosmolat.eu\/lv\/product\/i_hs-crazy-hair-mitrinoss-kondic-ar-kosl-gumijas-arom-250-ml\/","title":{"rendered":"I_HS Crazy Hair Mitrino\u0161s kondic. ar ko\u0161\u013c. gumijas arom., 250 ml"},"content":{"rendered":"<p>Kondicioniera sast\u0101v\u0101 ir daudz mitrin\u0101t\u0101ju, jeb t\u0101du sast\u0101vda\u013cu, kuru uzdevums ir notur\u0113t mitrumu matu strukt\u016br\u0101. &Scaron;ie sp\u0113c\u012bgie mitrin\u0101t\u0101ji padar\u012bs J\u016bsu matus elast\u012bg\u0101kus, glud\u0101kus un sp\u012bd\u012bg\u0101kus.<\/p>\n<p><strong>PEH l\u012bdzsvars:<\/strong><br \/>\nProdukta sast\u0101vs ir izstr\u0101d\u0101ts, lai uztur\u0113tu l\u012bdzsvaru starp olbaltumviel\u0101m, m\u012bkstin\u0101t\u0101jiem un mitrin\u0101t\u0101jiem (PEH) &#8211; trim galvenajiem matu kop&scaron;anas elementiem.<\/p>\n<p><strong>Kas nodro&scaron;ina WOW efektu?&nbsp;<\/strong><\/p>\n<ul>\n<li>Propandiolis&nbsp;&ndash;&nbsp;dabiska augu izcelsmes sast\u0101vda\u013ca. Tas aizsarg\u0101 matus no mitruma zuduma un sniedz matiem&nbsp;dzi\u013cu un ilgsto&scaron;u mitrin\u0101&scaron;anu (l\u012bdz 72 stund\u0101m).&nbsp;<\/li>\n<li>Trehaloze, ur\u012bnviela un alvejas sula&nbsp;&ndash;&nbsp;sp\u0113c\u012bgi mitrin\u0101t\u0101ji, kuru kombin\u0101cija papildina formulas&nbsp;\u012bpa&scaron;i mitrino&scaron;u efektu.&nbsp;<\/li>\n<li>Gard\u0113nijas ekstrakts&nbsp;un rozes hidrol\u0101ts&nbsp;&ndash;&nbsp;stiprina matu saknes un efekt\u012bvi atjauno matu strukt\u016bru, padarot tos ide\u0101li gludus.<\/li>\n<\/ul>\n<p><strong>Lieto&scaron;ana:<\/strong> uzkl\u0101t nelielu produkta daudzumu uz mitriem, no \u016bdens izspiestiem matiem. P\u0113c da\u017e\u0101m min\u016bt\u0113m noskalot. Lai sasniegtu lab\u0101kus rezult\u0101tus, atst\u0101t uz 20-30 min\u016bt\u0113m.<\/p>\n<p>Dermatolo\u0123iski p\u0101rbaud\u012bts.<br \/>\n&nbsp;<\/p>\n","protected":false},"excerpt":{"rendered":"<p>Kondicioniera sast\u0101v\u0101 ir daudz mitrin\u0101t\u0101ju, jeb t\u0101du sast\u0101vda\u013cu, kuru uzdevums ir notur\u0113t mitrumu matu strukt\u016br\u0101. &Scaron;ie sp\u0113c\u012bgie mitrin\u0101t\u0101ji padar\u012bs J\u016bsu matus elast\u012bg\u0101kus, glud\u0101kus un sp\u012bd\u012bg\u0101kus. PEH l\u012bdzsvars: Produkta sast\u0101vs ir izstr\u0101d\u0101ts, lai uztur\u0113tu l\u012bdzsvaru starp olbaltumviel\u0101m, m\u012bkstin\u0101t\u0101jiem un mitrin\u0101t\u0101jiem (PEH) &#8211; trim galvenajiem matu kop&scaron;anas elementiem. Kas nodro&scaron;ina WOW efektu?&nbsp; Propandiolis&nbsp;&ndash;&nbsp;dabiska augu izcelsmes sast\u0101vda\u013ca. Tas [&#8230;]\n","protected":false},"featured_media":90230,"template":"","meta":[],"product_cat":[1638],"product_tag":[],"class_list":{"0":"post-45793","1":"product","2":"type-product","3":"status-publish","4":"has-post-thumbnail","6":"product_brand-hiskin_pl","7":"product_cat-balzami","9":"first","10":"outofstock","11":"taxable","12":"shipping-taxable","13":"product-type-simple"},"_links":{"self":[{"href":"https:\/\/e.kosmolat.eu\/lv\/wp-json\/wp\/v2\/product\/45793","targetHints":{"allow":["GET"]}}],"collection":[{"href":"https:\/\/e.kosmolat.eu\/lv\/wp-json\/wp\/v2\/product"}],"about":[{"href":"https:\/\/e.kosmolat.eu\/lv\/wp-json\/wp\/v2\/types\/product"}],"wp:featuredmedia":[{"embeddable":true,"href":"https:\/\/e.kosmolat.eu\/lv\/wp-json\/wp\/v2\/media\/90230"}],"wp:attachment":[{"href":"https:\/\/e.kosmolat.eu\/lv\/wp-json\/wp\/v2\/media?parent=45793"}],"wp:term":[{"taxonomy":"product_cat","embeddable":true,"href":"https:\/\/e.kosmolat.eu\/lv\/wp-json\/wp\/v2\/product_cat?post=45793"},{"taxonomy":"product_tag","embeddable":true,"href":"https:\/\/e.kosmolat.eu\/lv\/wp-json\/wp\/v2\/product_tag?post=45793"}],"curies":[{"name":"wp","href":"https:\/\/api.w.org\/{rel}","templated":true}]}}