{"id":45785,"date":"2024-02-29T05:15:24","date_gmt":"2024-02-29T05:15:24","guid":{"rendered":"https:\/\/e.kosmolat.eu\/product\/hs-crazy-hair-mikstinoss-kondicionier-ar-bananu-arom-250-ml\/"},"modified":"2026-04-23T09:56:15","modified_gmt":"2026-04-23T09:56:15","slug":"hs-crazy-hair-mikstinoss-kondicionier-ar-bananu-arom-250-ml","status":"publish","type":"product","link":"https:\/\/e.kosmolat.eu\/lv\/product\/hs-crazy-hair-mikstinoss-kondicionier-ar-bananu-arom-250-ml\/","title":{"rendered":"HS Crazy Hair M\u012bkstino\u0161s kondicionier. ar ban\u0101nu arom., 250 ml"},"content":{"rendered":"<p>Pateicoties mitrino&scaron;\u0101m sast\u0101vda\u013c\u0101m un e\u013c\u013c\u0101m, &scaron;is maigais kondicionieris veido aizsargsl\u0101ni ap matiem, padarot tos neaprakst\u0101mi gludus. \u012apa&scaron;i piem\u0113rots porainiem, sausiem un boj\u0101tiem matiem.<\/p>\n<p><strong>PEH l\u012bdzsvars:<\/strong><br \/>\nProdukta sast\u0101vs ir izstr\u0101d\u0101ts, lai uztur\u0113tu l\u012bdzsvaru starp olbaltumviel\u0101m, m\u012bkstin\u0101t\u0101jiem un mitrin\u0101t\u0101jiem (PEH) &#8211; trim galvenajiem matu kop&scaron;anas elementiem.<\/p>\n<p><strong>Kas nodro&scaron;ina WOW efektu?&nbsp;<\/strong><\/p>\n<ul>\n<li>Emolientu mais\u012bjums &ndash; barojo&scaron;s saulespu\u0137u, avokado, saldo mande\u013cu un &scaron;\u012b sviesta augu e\u013c\u013cu mais\u012bjums. Pie&scaron;\u0137ir matiem vesel\u012bgu sp\u012bdumu un aizsarg\u0101 tos no \u0101r\u0113jo faktoru negat\u012bv\u0101s ietekmes, piem\u0113ram, pies\u0101r\u0146ojuma.<\/li>\n<li>Mango un ban\u0101nu ekstrakts &ndash; baro matus, pie&scaron;\u0137irot tiem m\u012bkstumu un sp\u012bdumu.<\/li>\n<li>Gard\u0113nijas ekstarkts&nbsp;&ndash;&nbsp;nov\u0113r&scaron; matu elektriz\u0113&scaron;anos.<\/li>\n<\/ul>\n<p><strong>Lieto&scaron;ana:<\/strong> uzkl\u0101t nelielu produkta daudzumu uz mitriem, no \u016bdens izspiestiem matiem. P\u0113c da\u017e\u0101m min\u016bt\u0113m noskalot. Lai sasniegtu lab\u0101kus rezult\u0101tus, atst\u0101t uz 20-30 min\u016bt\u0113m.<\/p>\n<p>Dermatolo\u0123iski p\u0101rbaud\u012bts.<br \/>\n&nbsp;<\/p>\n","protected":false},"excerpt":{"rendered":"<p>Pateicoties mitrino&scaron;\u0101m sast\u0101vda\u013c\u0101m un e\u013c\u013c\u0101m, &scaron;is maigais kondicionieris veido aizsargsl\u0101ni ap matiem, padarot tos neaprakst\u0101mi gludus. \u012apa&scaron;i piem\u0113rots porainiem, sausiem un boj\u0101tiem matiem. PEH l\u012bdzsvars: Produkta sast\u0101vs ir izstr\u0101d\u0101ts, lai uztur\u0113tu l\u012bdzsvaru starp olbaltumviel\u0101m, m\u012bkstin\u0101t\u0101jiem un mitrin\u0101t\u0101jiem (PEH) &#8211; trim galvenajiem matu kop&scaron;anas elementiem. Kas nodro&scaron;ina WOW efektu?&nbsp; Emolientu mais\u012bjums &ndash; barojo&scaron;s saulespu\u0137u, avokado, saldo [&#8230;]\n","protected":false},"featured_media":90226,"template":"","meta":[],"product_cat":[1639],"product_tag":[],"class_list":{"0":"post-45785","1":"product","2":"type-product","3":"status-publish","4":"has-post-thumbnail","6":"product_brand-hiskin_pl","7":"product_cat-1639","9":"first","10":"instock","11":"taxable","12":"shipping-taxable","13":"product-type-simple"},"_links":{"self":[{"href":"https:\/\/e.kosmolat.eu\/lv\/wp-json\/wp\/v2\/product\/45785","targetHints":{"allow":["GET"]}}],"collection":[{"href":"https:\/\/e.kosmolat.eu\/lv\/wp-json\/wp\/v2\/product"}],"about":[{"href":"https:\/\/e.kosmolat.eu\/lv\/wp-json\/wp\/v2\/types\/product"}],"wp:featuredmedia":[{"embeddable":true,"href":"https:\/\/e.kosmolat.eu\/lv\/wp-json\/wp\/v2\/media\/90226"}],"wp:attachment":[{"href":"https:\/\/e.kosmolat.eu\/lv\/wp-json\/wp\/v2\/media?parent=45785"}],"wp:term":[{"taxonomy":"product_cat","embeddable":true,"href":"https:\/\/e.kosmolat.eu\/lv\/wp-json\/wp\/v2\/product_cat?post=45785"},{"taxonomy":"product_tag","embeddable":true,"href":"https:\/\/e.kosmolat.eu\/lv\/wp-json\/wp\/v2\/product_tag?post=45785"}],"curies":[{"name":"wp","href":"https:\/\/api.w.org\/{rel}","templated":true}]}}