{"id":45777,"date":"2024-02-29T05:14:33","date_gmt":"2024-02-29T05:14:33","guid":{"rendered":"https:\/\/e.kosmolat.eu\/product\/hs-crazy-hair-dzili-attiross-sampuns-ar-avenu-un-mell-aromatu-300-ml\/"},"modified":"2026-04-23T09:55:57","modified_gmt":"2026-04-23T09:55:57","slug":"hs-crazy-hair-dzili-attiross-sampuns-ar-avenu-un-mell-aromatu-300-ml","status":"publish","type":"product","link":"https:\/\/e.kosmolat.eu\/lv\/product\/hs-crazy-hair-dzili-attiross-sampuns-ar-avenu-un-mell-aromatu-300-ml\/","title":{"rendered":"HS Crazy Hair Dzi\u013ci att\u012bro\u0161s \u0161amp\u016bns ar ave\u0146u un mell. arom\u0101tu, 300 ml"},"content":{"rendered":"<p>Intens\u012bvs &scaron;amp\u016bns dzi\u013cai galvas \u0101das un matu att\u012br\u012b&scaron;anai. Satur dzi\u013ci att\u012bro&scaron;as, ta\u010du \u0101dai draudz\u012bgas putojo&scaron;as sast\u0101vda\u013cas. Tas efekt\u012bvi att\u012bra galvas \u0101du un matus no net\u012brumiem, liek\u0101 sebuma un kosm\u0113tikas atlikumiem. Padara matus gais\u012bgus, p\u016bkainus un sagatavotus n\u0101kamajiem kop&scaron;anas so\u013ciem.<\/p>\n<p><strong>Galvas \u0101das lip\u012bdu l\u012bdzsvars:<\/strong><br \/>\nR\u016bp\u012bgi izstr\u0101d\u0101ta att\u012bro&scaron;o komponentu un akt\u012bvo sast\u0101vda\u013cu kombin\u0101cija normaliz\u0113 galvas \u0101das lip\u012bdu l\u012bdzsvaru.<\/p>\n<p><strong>K\u0101 tas darbojas?&nbsp;<\/strong><br \/>\nN\u0101trija kokosulf\u0101ts (SCS) un kokamidopropilbeta\u012bns &#8211; efekt\u012bva anjonu un amfot\u0113ro t\u012br\u012b&scaron;anas komponentu kombin\u0101cija, kas r\u016bp\u012bgi att\u012bra galvas \u0101du un pace\u013c matus pie sakn\u0113m.<\/p>\n<p><strong>Kas nodro&scaron;ina WOW efektu?<\/strong><br \/>\nR\u012bsu, kukur\u016bzas un kvie&scaron;u olbaltumvielas &ndash; &nbsp;augu olbaltumvielas ir lielisks papildin\u0101jums matu kop&scaron;anai, tie \u0101tri iek\u013c\u016bst matu strukt\u016br\u0101 un atjauno matus, pasarg\u0101jot tos no boj\u0101jumiem. Trehaloze, pantenols un ur\u012bnviela &ndash; nodro&scaron;ina superhidrat\u0101ciju un uztur mitrumu matu strukt\u016br\u0101.<\/p>\n<p><strong>Lieto&scaron;ana: <\/strong>uzkl\u0101t &scaron;amp\u016bnu uz rok\u0101m un maigi iemas\u0113t mitros matos un galvas \u0101d\u0101. Saputot un r\u016bp\u012bgi noskalot ar siltu \u016bdeni.<\/p>\n<p><strong>Noder\u012bgi padomi!&nbsp;<\/strong><\/p>\n<ul>\n<li>Ir ieteicams mazg\u0101t tikai galvu. Nav nepiecie&scaron;ams uzkl\u0101t &scaron;amp\u016bnu vis\u0101 matu garum\u0101.<\/li>\n<li>Maig\u0101kai att\u012br\u012b&scaron;anai pirms lieto&scaron;anas at&scaron;\u0137aidiet &scaron;amp\u016bnu ar \u016bdeni. To var izdar\u012bt rok\u0101s, pievienojot nedaudz \u016bdens vai at&scaron;\u0137aidot &scaron;amp\u016bnu b\u013cod\u0101 ar nelielu \u016bdens daudzumu.<\/li>\n<\/ul>\n<p>Dermatolo\u0123iski p\u0101rbaud\u012bts.<br \/>\n&nbsp;<\/p>\n","protected":false},"excerpt":{"rendered":"<p>Intens\u012bvs &scaron;amp\u016bns dzi\u013cai galvas \u0101das un matu att\u012br\u012b&scaron;anai. Satur dzi\u013ci att\u012bro&scaron;as, ta\u010du \u0101dai draudz\u012bgas putojo&scaron;as sast\u0101vda\u013cas. Tas efekt\u012bvi att\u012bra galvas \u0101du un matus no net\u012brumiem, liek\u0101 sebuma un kosm\u0113tikas atlikumiem. Padara matus gais\u012bgus, p\u016bkainus un sagatavotus n\u0101kamajiem kop&scaron;anas so\u013ciem. Galvas \u0101das lip\u012bdu l\u012bdzsvars: R\u016bp\u012bgi izstr\u0101d\u0101ta att\u012bro&scaron;o komponentu un akt\u012bvo sast\u0101vda\u013cu kombin\u0101cija normaliz\u0113 galvas \u0101das lip\u012bdu [&#8230;]\n","protected":false},"featured_media":78063,"template":"","meta":[],"product_cat":[1252],"product_tag":[],"class_list":{"0":"post-45777","1":"product","2":"type-product","3":"status-publish","4":"has-post-thumbnail","6":"product_brand-hiskin_pl","7":"product_cat-1252","9":"first","10":"instock","11":"taxable","12":"shipping-taxable","13":"product-type-simple"},"_links":{"self":[{"href":"https:\/\/e.kosmolat.eu\/lv\/wp-json\/wp\/v2\/product\/45777","targetHints":{"allow":["GET"]}}],"collection":[{"href":"https:\/\/e.kosmolat.eu\/lv\/wp-json\/wp\/v2\/product"}],"about":[{"href":"https:\/\/e.kosmolat.eu\/lv\/wp-json\/wp\/v2\/types\/product"}],"wp:featuredmedia":[{"embeddable":true,"href":"https:\/\/e.kosmolat.eu\/lv\/wp-json\/wp\/v2\/media\/78063"}],"wp:attachment":[{"href":"https:\/\/e.kosmolat.eu\/lv\/wp-json\/wp\/v2\/media?parent=45777"}],"wp:term":[{"taxonomy":"product_cat","embeddable":true,"href":"https:\/\/e.kosmolat.eu\/lv\/wp-json\/wp\/v2\/product_cat?post=45777"},{"taxonomy":"product_tag","embeddable":true,"href":"https:\/\/e.kosmolat.eu\/lv\/wp-json\/wp\/v2\/product_tag?post=45777"}],"curies":[{"name":"wp","href":"https:\/\/api.w.org\/{rel}","templated":true}]}}