{"id":45753,"date":"2024-02-29T05:13:12","date_gmt":"2024-02-29T05:13:12","guid":{"rendered":"https:\/\/e.kosmolat.eu\/product\/konturzimulis-party-lupam-tonis-39\/"},"modified":"2025-09-19T22:18:37","modified_gmt":"2025-09-19T22:18:37","slug":"bd-party-kosmetiskais-konturzimulis-39-tonis","status":"publish","type":"product","link":"https:\/\/e.kosmolat.eu\/lv\/product\/bd-party-kosmetiskais-konturzimulis-39-tonis\/","title":{"rendered":"BD Party Kosm\u0113tiskais konturz\u012bmulis, 39 tonis"},"content":{"rendered":"<p>Uzglab\u0101t temperat\u016br\u0101 no -5 &deg;\u0421 l\u012bdz +35 &deg;\u0421 saus\u0101 viet\u0101 prom no apkures ier\u012bc\u0113m, sarg\u0101jot no tie&scaron;iem saules stariem.<\/p>\n","protected":false},"excerpt":{"rendered":"<p>Uzglab\u0101t temperat\u016br\u0101 no -5 &deg;\u0421 l\u012bdz +35 &deg;\u0421 saus\u0101 viet\u0101 prom no apkures ier\u012bc\u0113m, sarg\u0101jot no tie&scaron;iem saules stariem.<\/p>\n","protected":false},"featured_media":85982,"template":"","meta":[],"product_cat":[1285],"product_tag":[],"class_list":{"0":"post-45753","1":"product","2":"type-product","3":"status-publish","4":"has-post-thumbnail","6":"product_brand-belordizain_by","7":"product_cat-lupu-zimuli","9":"first","10":"outofstock","11":"taxable","12":"shipping-taxable","13":"product-type-simple"},"_links":{"self":[{"href":"https:\/\/e.kosmolat.eu\/lv\/wp-json\/wp\/v2\/product\/45753","targetHints":{"allow":["GET"]}}],"collection":[{"href":"https:\/\/e.kosmolat.eu\/lv\/wp-json\/wp\/v2\/product"}],"about":[{"href":"https:\/\/e.kosmolat.eu\/lv\/wp-json\/wp\/v2\/types\/product"}],"wp:featuredmedia":[{"embeddable":true,"href":"https:\/\/e.kosmolat.eu\/lv\/wp-json\/wp\/v2\/media\/85982"}],"wp:attachment":[{"href":"https:\/\/e.kosmolat.eu\/lv\/wp-json\/wp\/v2\/media?parent=45753"}],"wp:term":[{"taxonomy":"product_cat","embeddable":true,"href":"https:\/\/e.kosmolat.eu\/lv\/wp-json\/wp\/v2\/product_cat?post=45753"},{"taxonomy":"product_tag","embeddable":true,"href":"https:\/\/e.kosmolat.eu\/lv\/wp-json\/wp\/v2\/product_tag?post=45753"}],"curies":[{"name":"wp","href":"https:\/\/api.w.org\/{rel}","templated":true}]}}