{"id":45737,"date":"2024-02-29T05:12:44","date_gmt":"2024-02-29T05:12:44","guid":{"rendered":"https:\/\/e.kosmolat.eu\/product\/bd-color-mania-acu-enas-palete-nr-034\/"},"modified":"2025-09-19T18:00:26","modified_gmt":"2025-09-19T18:00:26","slug":"bd-color-mania-acu-enas-palete-034","status":"publish","type":"product","link":"https:\/\/e.kosmolat.eu\/lv\/product\/bd-color-mania-acu-enas-palete-034\/","title":{"rendered":"BD COLOR MANIA Acu \u0113nas Palete 034"},"content":{"rendered":"<p>Uzglab\u0101t temperat\u016br\u0101, kas nav zem\u0101ka par 0 &deg;C un nav augst\u0101ka par 25 &deg;C, saus\u0101s telp\u0101s t\u0101l\u0101k no apkures iek\u0101rt\u0101m. Sarg\u0101t no tie\u0161iem saules stariem.<br \/>\nP\u0113c atv\u0113r\u0161anas izlietot 12 m\u0113ne\u0161u laik\u0101.<\/p>\n","protected":false},"excerpt":{"rendered":"<p>Uzglab\u0101t temperat\u016br\u0101, kas nav zem\u0101ka par 0 &deg;C un nav augst\u0101ka par 25 &deg;C, saus\u0101s telp\u0101s t\u0101l\u0101k no apkures iek\u0101rt\u0101m. Sarg\u0101t no tie\u0161iem saules stariem. P\u0113c atv\u0113r\u0161anas izlietot 12 m\u0113ne\u0161u laik\u0101.<\/p>\n","protected":false},"featured_media":81346,"template":"","meta":[],"product_cat":[1293],"product_tag":[],"class_list":{"0":"post-45737","1":"product","2":"type-product","3":"status-publish","4":"has-post-thumbnail","6":"product_brand-belordizain_by","7":"product_cat-acu-enas","9":"first","10":"outofstock","11":"taxable","12":"shipping-taxable","13":"product-type-simple"},"_links":{"self":[{"href":"https:\/\/e.kosmolat.eu\/lv\/wp-json\/wp\/v2\/product\/45737","targetHints":{"allow":["GET"]}}],"collection":[{"href":"https:\/\/e.kosmolat.eu\/lv\/wp-json\/wp\/v2\/product"}],"about":[{"href":"https:\/\/e.kosmolat.eu\/lv\/wp-json\/wp\/v2\/types\/product"}],"wp:featuredmedia":[{"embeddable":true,"href":"https:\/\/e.kosmolat.eu\/lv\/wp-json\/wp\/v2\/media\/81346"}],"wp:attachment":[{"href":"https:\/\/e.kosmolat.eu\/lv\/wp-json\/wp\/v2\/media?parent=45737"}],"wp:term":[{"taxonomy":"product_cat","embeddable":true,"href":"https:\/\/e.kosmolat.eu\/lv\/wp-json\/wp\/v2\/product_cat?post=45737"},{"taxonomy":"product_tag","embeddable":true,"href":"https:\/\/e.kosmolat.eu\/lv\/wp-json\/wp\/v2\/product_tag?post=45737"}],"curies":[{"name":"wp","href":"https:\/\/api.w.org\/{rel}","templated":true}]}}