{"id":45713,"date":"2024-02-29T05:12:01","date_gmt":"2024-02-29T05:12:01","guid":{"rendered":"https:\/\/e.kosmolat.eu\/product\/bd-uzacu-zimulis-party-tonis-105\/"},"modified":"2025-09-19T17:16:30","modified_gmt":"2025-09-19T17:16:30","slug":"bd-uzacu-zimulis-party-tonis-105","status":"publish","type":"product","link":"https:\/\/e.kosmolat.eu\/lv\/product\/bd-uzacu-zimulis-party-tonis-105\/","title":{"rendered":"BD Uzacu z\u012bmulis Party, tonis 105"},"content":{"rendered":"<p>Uzglab\u0101t horizont\u0101l\u0101 st\u0101vokl\u012b, temperat\u016br\u0101 no -5 &ordm;C l\u012bdz +35 &ordm;C.<\/p>\n","protected":false},"excerpt":{"rendered":"<p>Uzglab\u0101t horizont\u0101l\u0101 st\u0101vokl\u012b, temperat\u016br\u0101 no -5 &ordm;C l\u012bdz +35 &ordm;C.<\/p>\n","protected":false},"featured_media":80634,"template":"","meta":[],"product_cat":[1262],"product_tag":[],"class_list":{"0":"post-45713","1":"product","2":"type-product","3":"status-publish","4":"has-post-thumbnail","6":"product_brand-belordizain_by","7":"product_cat-zimuli-laineri","9":"first","10":"outofstock","11":"taxable","12":"shipping-taxable","13":"product-type-simple"},"_links":{"self":[{"href":"https:\/\/e.kosmolat.eu\/lv\/wp-json\/wp\/v2\/product\/45713","targetHints":{"allow":["GET"]}}],"collection":[{"href":"https:\/\/e.kosmolat.eu\/lv\/wp-json\/wp\/v2\/product"}],"about":[{"href":"https:\/\/e.kosmolat.eu\/lv\/wp-json\/wp\/v2\/types\/product"}],"wp:featuredmedia":[{"embeddable":true,"href":"https:\/\/e.kosmolat.eu\/lv\/wp-json\/wp\/v2\/media\/80634"}],"wp:attachment":[{"href":"https:\/\/e.kosmolat.eu\/lv\/wp-json\/wp\/v2\/media?parent=45713"}],"wp:term":[{"taxonomy":"product_cat","embeddable":true,"href":"https:\/\/e.kosmolat.eu\/lv\/wp-json\/wp\/v2\/product_cat?post=45713"},{"taxonomy":"product_tag","embeddable":true,"href":"https:\/\/e.kosmolat.eu\/lv\/wp-json\/wp\/v2\/product_tag?post=45713"}],"curies":[{"name":"wp","href":"https:\/\/api.w.org\/{rel}","templated":true}]}}