{"id":45653,"date":"2024-02-29T05:07:50","date_gmt":"2024-02-29T05:07:50","guid":{"rendered":"https:\/\/e.kosmolat.eu\/product\/bd-sk-matetas-acu-enas-nude-harmony-tonis-4\/"},"modified":"2026-04-10T10:55:17","modified_gmt":"2026-04-10T10:55:17","slug":"bd-sk-matetas-acu-enas-4-nude-harmony","status":"publish","type":"product","link":"https:\/\/e.kosmolat.eu\/lv\/product\/bd-sk-matetas-acu-enas-4-nude-harmony\/","title":{"rendered":"BD \u0160\u0137.mat\u0113tas acu \u0113nas 4 Nude Harmony"},"content":{"rendered":"<p>Uzglab\u0101t temperat\u016br\u0101 no +5 &deg;\u0421 l\u012bdz +30 &deg;\u0421 saus\u0101 viet\u0101 prom no apkures ier\u012bc\u0113m, sarg\u0101jot no tie&scaron;iem saules stariem.<\/p>\n","protected":false},"excerpt":{"rendered":"<p>Uzglab\u0101t temperat\u016br\u0101 no +5 &deg;\u0421 l\u012bdz +30 &deg;\u0421 saus\u0101 viet\u0101 prom no apkures ier\u012bc\u0113m, sarg\u0101jot no tie&scaron;iem saules stariem.<\/p>\n","protected":false},"featured_media":88018,"template":"","meta":[],"product_cat":[1293],"product_tag":[],"class_list":{"0":"post-45653","1":"product","2":"type-product","3":"status-publish","4":"has-post-thumbnail","6":"product_brand-belordizain_by","7":"product_cat-acu-enas","9":"first","10":"outofstock","11":"taxable","12":"shipping-taxable","13":"product-type-simple"},"_links":{"self":[{"href":"https:\/\/e.kosmolat.eu\/lv\/wp-json\/wp\/v2\/product\/45653","targetHints":{"allow":["GET"]}}],"collection":[{"href":"https:\/\/e.kosmolat.eu\/lv\/wp-json\/wp\/v2\/product"}],"about":[{"href":"https:\/\/e.kosmolat.eu\/lv\/wp-json\/wp\/v2\/types\/product"}],"wp:featuredmedia":[{"embeddable":true,"href":"https:\/\/e.kosmolat.eu\/lv\/wp-json\/wp\/v2\/media\/88018"}],"wp:attachment":[{"href":"https:\/\/e.kosmolat.eu\/lv\/wp-json\/wp\/v2\/media?parent=45653"}],"wp:term":[{"taxonomy":"product_cat","embeddable":true,"href":"https:\/\/e.kosmolat.eu\/lv\/wp-json\/wp\/v2\/product_cat?post=45653"},{"taxonomy":"product_tag","embeddable":true,"href":"https:\/\/e.kosmolat.eu\/lv\/wp-json\/wp\/v2\/product_tag?post=45653"}],"curies":[{"name":"wp","href":"https:\/\/api.w.org\/{rel}","templated":true}]}}