{"id":45613,"date":"2024-02-29T05:06:32","date_gmt":"2024-02-29T05:06:32","guid":{"rendered":"https:\/\/e.kosmolat.eu\/product\/bd-intellect-skropstu-tusa-level-up-volume\/"},"modified":"2025-09-19T23:39:13","modified_gmt":"2025-09-19T23:39:13","slug":"bd-intellect-skropstu-tusa-level-up-volume","status":"publish","type":"product","link":"https:\/\/e.kosmolat.eu\/lv\/product\/bd-intellect-skropstu-tusa-level-up-volume\/","title":{"rendered":"BD Intellect Skropstu tu\u0161a Level Up Volume"},"content":{"rendered":"<p>Uzglab\u0101t temperat\u016br\u0101 no +5 &deg;C l\u012bdz +25 &deg;C, prom no apkures ier\u012bc\u0113m, sarg\u0101jot no tie\u0161iem saules stariem.<\/p>\n","protected":false},"excerpt":{"rendered":"<p>Uzglab\u0101t temperat\u016br\u0101 no +5 &deg;C l\u012bdz +25 &deg;C, prom no apkures ier\u012bc\u0113m, sarg\u0101jot no tie\u0161iem saules stariem.<\/p>\n","protected":false},"featured_media":87262,"template":"","meta":[],"product_cat":[1380],"product_tag":[],"class_list":{"0":"post-45613","1":"product","2":"type-product","3":"status-publish","4":"has-post-thumbnail","6":"product_brand-belordizain_by","7":"product_cat-tusas","9":"first","10":"outofstock","11":"taxable","12":"shipping-taxable","13":"product-type-simple"},"_links":{"self":[{"href":"https:\/\/e.kosmolat.eu\/lv\/wp-json\/wp\/v2\/product\/45613","targetHints":{"allow":["GET"]}}],"collection":[{"href":"https:\/\/e.kosmolat.eu\/lv\/wp-json\/wp\/v2\/product"}],"about":[{"href":"https:\/\/e.kosmolat.eu\/lv\/wp-json\/wp\/v2\/types\/product"}],"wp:featuredmedia":[{"embeddable":true,"href":"https:\/\/e.kosmolat.eu\/lv\/wp-json\/wp\/v2\/media\/87262"}],"wp:attachment":[{"href":"https:\/\/e.kosmolat.eu\/lv\/wp-json\/wp\/v2\/media?parent=45613"}],"wp:term":[{"taxonomy":"product_cat","embeddable":true,"href":"https:\/\/e.kosmolat.eu\/lv\/wp-json\/wp\/v2\/product_cat?post=45613"},{"taxonomy":"product_tag","embeddable":true,"href":"https:\/\/e.kosmolat.eu\/lv\/wp-json\/wp\/v2\/product_tag?post=45613"}],"curies":[{"name":"wp","href":"https:\/\/api.w.org\/{rel}","templated":true}]}}