{"id":45609,"date":"2024-02-29T05:06:19","date_gmt":"2024-02-29T05:06:19","guid":{"rendered":"https:\/\/e.kosmolat.eu\/product\/so-smooch-parfim-udens-hot-pink-30-ml\/"},"modified":"2026-04-22T10:44:38","modified_gmt":"2026-04-22T10:44:38","slug":"so-smooch-parfim-udens-hot-pink-30-ml","status":"publish","type":"product","link":"https:\/\/e.kosmolat.eu\/lv\/product\/so-smooch-parfim-udens-hot-pink-30-ml\/","title":{"rendered":"So\u2026? Smooch Parfim.\u016bdens Hot Pink, 30 ml"},"content":{"rendered":"<p><strong>Piesardz\u012bbas pas\u0101kumi: <\/strong>Viegli uzliesmojo\u0161s, l\u012bdz iz\u017e\u016bst. Nelietot uguns, liesmas vai karstuma avotu tuvum\u0101.<\/p>\n","protected":false},"excerpt":{"rendered":"<p>Piesardz\u012bbas pas\u0101kumi: Viegli uzliesmojo\u0161s, l\u012bdz iz\u017e\u016bst. Nelietot uguns, liesmas vai karstuma avotu tuvum\u0101.<\/p>\n","protected":false},"featured_media":97153,"template":"","meta":[],"product_cat":[1447],"product_tag":[],"class_list":{"0":"post-45609","1":"product","2":"type-product","3":"status-publish","4":"has-post-thumbnail","6":"product_brand-incos_gb","7":"product_cat-kvepalai-ir-tualetinis-vanduo-moterims","9":"first","10":"instock","11":"taxable","12":"shipping-taxable","13":"product-type-simple"},"_links":{"self":[{"href":"https:\/\/e.kosmolat.eu\/lv\/wp-json\/wp\/v2\/product\/45609","targetHints":{"allow":["GET"]}}],"collection":[{"href":"https:\/\/e.kosmolat.eu\/lv\/wp-json\/wp\/v2\/product"}],"about":[{"href":"https:\/\/e.kosmolat.eu\/lv\/wp-json\/wp\/v2\/types\/product"}],"wp:featuredmedia":[{"embeddable":true,"href":"https:\/\/e.kosmolat.eu\/lv\/wp-json\/wp\/v2\/media\/97153"}],"wp:attachment":[{"href":"https:\/\/e.kosmolat.eu\/lv\/wp-json\/wp\/v2\/media?parent=45609"}],"wp:term":[{"taxonomy":"product_cat","embeddable":true,"href":"https:\/\/e.kosmolat.eu\/lv\/wp-json\/wp\/v2\/product_cat?post=45609"},{"taxonomy":"product_tag","embeddable":true,"href":"https:\/\/e.kosmolat.eu\/lv\/wp-json\/wp\/v2\/product_tag?post=45609"}],"curies":[{"name":"wp","href":"https:\/\/api.w.org\/{rel}","templated":true}]}}