{"id":45605,"date":"2024-02-29T05:06:06","date_gmt":"2024-02-29T05:06:06","guid":{"rendered":"https:\/\/e.kosmolat.eu\/product\/dilis-bijou-siev-smarzudens-vanilla-intense-18-ml\/"},"modified":"2025-09-20T01:48:02","modified_gmt":"2025-09-20T01:48:02","slug":"dilis-bijou-siev-smarzudens-vanilla-intense-18-ml","status":"publish","type":"product","link":"https:\/\/e.kosmolat.eu\/lv\/product\/dilis-bijou-siev-smarzudens-vanilla-intense-18-ml\/","title":{"rendered":"Dilis Bijou Siev. Smar\u017e\u016bdens Vanilla Intense, 18 ml"},"content":{"rendered":"<p>Uzglab\u0101t temperat\u016br\u0101 no +5 &deg;C l\u012bdz +25 &deg;C, sarg\u0101jot no tie&scaron;iem saules stariem un siltuma avotiem.&nbsp;<\/p>\n<p><strong>Piesardz\u012bbas pas\u0101kumi:<\/strong> tikai \u0101r\u012bgai lieto&scaron;anai. Izvair\u012bties no iek\u013c\u016b&scaron;anas ac\u012bs. Neizsmidzin\u0101t atkl\u0101tas liesmas tuvum\u0101. Produkta lieto&scaron;ana iek&scaron;\u0137\u012bgi ir b\u012bstama dz\u012bv\u012bbai un vesel\u012bbai.<\/p>\n<p>Etilspirta tilpuma da\u013ca 80% tilp.<br \/>\n&nbsp;<\/p>\n","protected":false},"excerpt":{"rendered":"<p>Uzglab\u0101t temperat\u016br\u0101 no +5 &deg;C l\u012bdz +25 &deg;C, sarg\u0101jot no tie&scaron;iem saules stariem un siltuma avotiem.&nbsp; Piesardz\u012bbas pas\u0101kumi: tikai \u0101r\u012bgai lieto&scaron;anai. Izvair\u012bties no iek\u013c\u016b&scaron;anas ac\u012bs. Neizsmidzin\u0101t atkl\u0101tas liesmas tuvum\u0101. Produkta lieto&scaron;ana iek&scaron;\u0137\u012bgi ir b\u012bstama dz\u012bv\u012bbai un vesel\u012bbai. Etilspirta tilpuma da\u013ca 80% tilp. &nbsp;<\/p>\n","protected":false},"featured_media":89334,"template":"","meta":[],"product_cat":[1445],"product_tag":[],"class_list":{"0":"post-45605","1":"product","2":"type-product","3":"status-publish","4":"has-post-thumbnail","6":"product_brand-dilis-kosmetik_by","7":"product_cat-sieviesu-smarzas-un-tualetes-udeni","9":"first","10":"outofstock","11":"taxable","12":"shipping-taxable","13":"product-type-simple"},"_links":{"self":[{"href":"https:\/\/e.kosmolat.eu\/lv\/wp-json\/wp\/v2\/product\/45605","targetHints":{"allow":["GET"]}}],"collection":[{"href":"https:\/\/e.kosmolat.eu\/lv\/wp-json\/wp\/v2\/product"}],"about":[{"href":"https:\/\/e.kosmolat.eu\/lv\/wp-json\/wp\/v2\/types\/product"}],"wp:featuredmedia":[{"embeddable":true,"href":"https:\/\/e.kosmolat.eu\/lv\/wp-json\/wp\/v2\/media\/89334"}],"wp:attachment":[{"href":"https:\/\/e.kosmolat.eu\/lv\/wp-json\/wp\/v2\/media?parent=45605"}],"wp:term":[{"taxonomy":"product_cat","embeddable":true,"href":"https:\/\/e.kosmolat.eu\/lv\/wp-json\/wp\/v2\/product_cat?post=45605"},{"taxonomy":"product_tag","embeddable":true,"href":"https:\/\/e.kosmolat.eu\/lv\/wp-json\/wp\/v2\/product_tag?post=45605"}],"curies":[{"name":"wp","href":"https:\/\/api.w.org\/{rel}","templated":true}]}}