{"id":45585,"date":"2024-02-29T05:05:00","date_gmt":"2024-02-29T05:05:00","guid":{"rendered":"https:\/\/e.kosmolat.eu\/product\/bd-uzacu-zimulis-party-tonis-107\/"},"modified":"2025-09-20T01:33:02","modified_gmt":"2025-09-20T01:33:02","slug":"bd-uzacu-zimulis-party-tonis-107","status":"publish","type":"product","link":"https:\/\/e.kosmolat.eu\/lv\/product\/bd-uzacu-zimulis-party-tonis-107\/","title":{"rendered":"BD Uzacu z\u012bmulis Party, tonis 107"},"content":{"rendered":"<p>Uzglab\u0101t horizont\u0101l\u0101 st\u0101vokl\u012b, temperat\u016br\u0101 no -5 &ordm;C l\u012bdz +35 &ordm;C.<\/p>\n","protected":false},"excerpt":{"rendered":"<p>Uzglab\u0101t horizont\u0101l\u0101 st\u0101vokl\u012b, temperat\u016br\u0101 no -5 &ordm;C l\u012bdz +35 &ordm;C.<\/p>\n","protected":false},"featured_media":89094,"template":"","meta":[],"product_cat":[1262],"product_tag":[],"class_list":{"0":"post-45585","1":"product","2":"type-product","3":"status-publish","4":"has-post-thumbnail","6":"product_brand-belordizain_by","7":"product_cat-zimuli-laineri","9":"first","10":"outofstock","11":"taxable","12":"shipping-taxable","13":"product-type-simple"},"_links":{"self":[{"href":"https:\/\/e.kosmolat.eu\/lv\/wp-json\/wp\/v2\/product\/45585","targetHints":{"allow":["GET"]}}],"collection":[{"href":"https:\/\/e.kosmolat.eu\/lv\/wp-json\/wp\/v2\/product"}],"about":[{"href":"https:\/\/e.kosmolat.eu\/lv\/wp-json\/wp\/v2\/types\/product"}],"wp:featuredmedia":[{"embeddable":true,"href":"https:\/\/e.kosmolat.eu\/lv\/wp-json\/wp\/v2\/media\/89094"}],"wp:attachment":[{"href":"https:\/\/e.kosmolat.eu\/lv\/wp-json\/wp\/v2\/media?parent=45585"}],"wp:term":[{"taxonomy":"product_cat","embeddable":true,"href":"https:\/\/e.kosmolat.eu\/lv\/wp-json\/wp\/v2\/product_cat?post=45585"},{"taxonomy":"product_tag","embeddable":true,"href":"https:\/\/e.kosmolat.eu\/lv\/wp-json\/wp\/v2\/product_tag?post=45585"}],"curies":[{"name":"wp","href":"https:\/\/api.w.org\/{rel}","templated":true}]}}