{"id":45535,"date":"2024-02-24T05:01:23","date_gmt":"2024-02-24T05:01:23","guid":{"rendered":"https:\/\/e.kosmolat.eu\/product\/omega-369-krems-sviests-sejai-intensiva-adas-atjaunosana-48g\/"},"modified":"2025-09-19T19:39:06","modified_gmt":"2025-09-19T19:39:06","slug":"omega-369-krems-sviests-sejai-intensiva-adas-atjaunosana-48g","status":"publish","type":"product","link":"https:\/\/e.kosmolat.eu\/lv\/product\/omega-369-krems-sviests-sejai-intensiva-adas-atjaunosana-48g\/","title":{"rendered":"OMEGA 369 Kr\u0113ms-sviests sejai Intens\u012bv\u0101 \u0101das atjauno\u0161ana, 48g"},"content":{"rendered":"<p>100% organisk\u0101 e\u013c\u013ca Inca Omega Oil pal\u012bdz normaliz\u0113t apmai\u0146as procesus un atgriezt \u0101dai jaun\u012bbu un skaistumu: rezultat\u012bvi samazina kairin\u0101jumu, pies\u0101tinot \u0161\u016bnas ar Omega 3-6-9 tauksk\u0101b\u0113m; izl\u012bdzina grumbi\u0146as un atgrie\u017e \u0101dai tvirtumu; efekt\u012bvi pretojas priek\u0161laic\u012bgai noveco\u0161anai.\n<\/p>\n<p>Omega Plus \u2013 saulespu\u0137u, kukur\u016bzas, kun\u017euta, makad\u0101mijas un ol\u012bvu v\u0113rt\u012bgu e\u013c\u013cukomplekss \u2013 nodro\u0161ina \u0101das lip\u012bdu barjera atjauno\u0161anu, rezultat\u012bvi samazina t\u0101s sausumu un savilkt\u012bbu, veicina \u0161\u016bnu re\u0123ener\u0101ciju, \u201cdz\u0113\u0161ot\u201d noguruma un stresa p\u0113das un piepildot \u0101du ar skaistumu un mirdzumu.\n<\/p>\n<p>\u0160\u012b un kokosriekstu sviesti aizpilda barojo\u0161u vielu tr\u016bkumu, atjauno \u0101das bl\u012bvumu un gludumu.\n<\/p>\n<p>Bag\u0101t\u012bga bieza kr\u0113ma tekst\u016bra optim\u0101li der\u0113s saus\u0101s, \u013coti saus\u0101s un jut\u012bg\u0101s \u0101das kop\u0161anai. Lieto\u0161ana:\n<\/p>\n<p>Vakar\u0101 (30 min\u016btes pirms miega) uzkl\u0101t kr\u0113mu pa mas\u0101\u017eas l\u012bnij\u0101m uz att\u012br\u012btas sejas un kakla \u0101das.<\/p>\n","protected":false},"excerpt":{"rendered":"<p>100% organisk\u0101 e\u013c\u013ca Inca Omega Oil pal\u012bdz normaliz\u0113t apmai\u0146as procesus un atgriezt \u0101dai jaun\u012bbu un skaistumu: rezultat\u012bvi samazina kairin\u0101jumu, pies\u0101tinot \u0161\u016bnas ar Omega 3-6-9 tauksk\u0101b\u0113m; izl\u012bdzina grumbi\u0146as un atgrie\u017e \u0101dai tvirtumu; efekt\u012bvi pretojas priek\u0161laic\u012bgai noveco\u0161anai. Omega Plus \u2013 saulespu\u0137u, kukur\u016bzas, kun\u017euta, makad\u0101mijas un ol\u012bvu v\u0113rt\u012bgu e\u013c\u013cukomplekss \u2013 nodro\u0161ina \u0101das lip\u012bdu barjera atjauno\u0161anu, rezultat\u012bvi samazina t\u0101s [&#8230;]\n","protected":false},"featured_media":83038,"template":"","meta":[],"product_cat":[1322],"product_tag":[],"class_list":{"0":"post-45535","1":"product","2":"type-product","3":"status-publish","4":"has-post-thumbnail","6":"product_brand-belkosmex_by","7":"product_cat-veido-kremai","9":"first","10":"outofstock","11":"taxable","12":"shipping-taxable","13":"product-type-simple"},"_links":{"self":[{"href":"https:\/\/e.kosmolat.eu\/lv\/wp-json\/wp\/v2\/product\/45535","targetHints":{"allow":["GET"]}}],"collection":[{"href":"https:\/\/e.kosmolat.eu\/lv\/wp-json\/wp\/v2\/product"}],"about":[{"href":"https:\/\/e.kosmolat.eu\/lv\/wp-json\/wp\/v2\/types\/product"}],"wp:featuredmedia":[{"embeddable":true,"href":"https:\/\/e.kosmolat.eu\/lv\/wp-json\/wp\/v2\/media\/83038"}],"wp:attachment":[{"href":"https:\/\/e.kosmolat.eu\/lv\/wp-json\/wp\/v2\/media?parent=45535"}],"wp:term":[{"taxonomy":"product_cat","embeddable":true,"href":"https:\/\/e.kosmolat.eu\/lv\/wp-json\/wp\/v2\/product_cat?post=45535"},{"taxonomy":"product_tag","embeddable":true,"href":"https:\/\/e.kosmolat.eu\/lv\/wp-json\/wp\/v2\/product_tag?post=45535"}],"curies":[{"name":"wp","href":"https:\/\/api.w.org\/{rel}","templated":true}]}}