{"id":45502,"date":"2024-02-23T05:03:23","date_gmt":"2024-02-23T05:03:23","guid":{"rendered":"https:\/\/e.kosmolat.eu\/product\/shik-nectar-roku-un-kerm-kr-mellenu-ekstr-un-auzu-piens-75-ml\/"},"modified":"2026-04-21T10:30:19","modified_gmt":"2026-04-21T10:30:19","slug":"shik-nectar-roku-un-kerm-kr-mellenu-ekstr-un-auzu-piens-75-ml","status":"publish","type":"product","link":"https:\/\/e.kosmolat.eu\/lv\/product\/shik-nectar-roku-un-kerm-kr-mellenu-ekstr-un-auzu-piens-75-ml\/","title":{"rendered":"SHIK Nectar Roku un \u0137erm.kr. Melle\u0146u ekstr.un auzu piens, 75 ml"},"content":{"rendered":"<p>Kr\u0113ma formul\u0101 ietilpst melle\u0146u ekstrakts, auzu piens, glicer\u012bns, alanto\u012bns un pantenols. Kr\u0113mam ir izteikts ogu arom\u0101ts, k\u0101 ar\u012b samtaina tekst\u016bra, kas \u013cauj kr\u0113mam \u0101tri ies\u016bkties, neradot lip\u012bguma saj\u016btu. Melle\u0146u ekstrakts un auzu piens acumirkl\u012b m\u012bkstina \u0101du, padarot to z\u012bdainu un maigu. Glicer\u012bns mitrina \u0101du, veidojot aizsargpl\u0113vi uz \u0101das virsmas. Alanto\u012bns uzlabo \u0101das aizsargfunkcijas, ir efekt\u012bvs kairin\u0101juma gad\u012bjum\u0101. Pantenols pal\u012bdz nov\u0113rst sausumu, mazina \u0101das raupjumu, lob\u012b\u0161anos un uzlabo t\u0101s elast\u012bbu.<\/p>\n<p><strong>Lieto\u0161ana:<\/strong> ar viegl\u0101m mas\u0101\u017eas kust\u012bb\u0101m uzkl\u0101t uz \u0101das, l\u012bdz tas piln\u012bb\u0101 uzs\u016bcas.&nbsp;<\/p>\n<p><strong>Piesardz\u012bbas pas\u0101kumi:<\/strong> tikai \u0101r\u012bgai lieto\u0161anai; ja iek\u013c\u016bst ac\u012bs, izskalot ar lielu daudzumu teko\u0161a \u016bdens.<\/p>\n<p><strong>Der\u012bguma termi\u0146\u0161:<\/strong> 36 m\u0113ne\u0161i.<\/p>\n<p><strong>Uzglab\u0101\u0161anas noteikumi: <\/strong>uzglab\u0101t temperat\u016br\u0101 no +5 &deg;\u0421 l\u012bdz +25 &deg;\u0421, sarg\u0101jot no tie\u0161iem saules stariem.<br \/>\n&nbsp;<\/p>\n","protected":false},"excerpt":{"rendered":"<p>Kr\u0113ma formul\u0101 ietilpst melle\u0146u ekstrakts, auzu piens, glicer\u012bns, alanto\u012bns un pantenols. Kr\u0113mam ir izteikts ogu arom\u0101ts, k\u0101 ar\u012b samtaina tekst\u016bra, kas \u013cauj kr\u0113mam \u0101tri ies\u016bkties, neradot lip\u012bguma saj\u016btu. Melle\u0146u ekstrakts un auzu piens acumirkl\u012b m\u012bkstina \u0101du, padarot to z\u012bdainu un maigu. Glicer\u012bns mitrina \u0101du, veidojot aizsargpl\u0113vi uz \u0101das virsmas. Alanto\u012bns uzlabo \u0101das aizsargfunkcijas, ir efekt\u012bvs [&#8230;]\n","protected":false},"featured_media":99445,"template":"","meta":[],"product_cat":[1999],"product_tag":[],"class_list":{"0":"post-45502","1":"product","2":"type-product","3":"status-publish","4":"has-post-thumbnail","6":"product_brand-slobozanskij-milovar_ua","7":"product_cat-bez-kategorijas","9":"first","10":"instock","11":"taxable","12":"shipping-taxable","13":"product-type-simple"},"_links":{"self":[{"href":"https:\/\/e.kosmolat.eu\/lv\/wp-json\/wp\/v2\/product\/45502","targetHints":{"allow":["GET"]}}],"collection":[{"href":"https:\/\/e.kosmolat.eu\/lv\/wp-json\/wp\/v2\/product"}],"about":[{"href":"https:\/\/e.kosmolat.eu\/lv\/wp-json\/wp\/v2\/types\/product"}],"wp:featuredmedia":[{"embeddable":true,"href":"https:\/\/e.kosmolat.eu\/lv\/wp-json\/wp\/v2\/media\/99445"}],"wp:attachment":[{"href":"https:\/\/e.kosmolat.eu\/lv\/wp-json\/wp\/v2\/media?parent=45502"}],"wp:term":[{"taxonomy":"product_cat","embeddable":true,"href":"https:\/\/e.kosmolat.eu\/lv\/wp-json\/wp\/v2\/product_cat?post=45502"},{"taxonomy":"product_tag","embeddable":true,"href":"https:\/\/e.kosmolat.eu\/lv\/wp-json\/wp\/v2\/product_tag?post=45502"}],"curies":[{"name":"wp","href":"https:\/\/api.w.org\/{rel}","templated":true}]}}