{"id":45486,"date":"2024-02-23T05:02:42","date_gmt":"2024-02-23T05:02:42","guid":{"rendered":"https:\/\/e.kosmolat.eu\/product\/shik-uti-puti-tual-ziepes-berniem-ar-kumelites-ekstr-75-g\/"},"modified":"2026-04-20T10:44:25","modified_gmt":"2026-04-20T10:44:25","slug":"shik-uti-puti-tual-ziepes-berniem-ar-kumelites-ekstr-75-g","status":"publish","type":"product","link":"https:\/\/e.kosmolat.eu\/lv\/product\/shik-uti-puti-tual-ziepes-berniem-ar-kumelites-ekstr-75-g\/","title":{"rendered":"Shik Uti-puti Tual.ziepes b\u0113rniem ar kumel\u012btes ekstr., 75 g"},"content":{"rendered":"<p><strong>Uzglab\u0101&scaron;anas termi\u0146&scaron;:<\/strong> 5 gadi no izgatavo&scaron;anas datuma.<\/p>\n<p>Uzglab\u0101t saus\u0101, sl\u0113gt\u0101, labi v\u0113din\u0101m\u0101 telp\u0101.<br \/>\n&nbsp;<\/p>\n","protected":false},"excerpt":{"rendered":"<p>Uzglab\u0101&scaron;anas termi\u0146&scaron;: 5 gadi no izgatavo&scaron;anas datuma. Uzglab\u0101t saus\u0101, sl\u0113gt\u0101, labi v\u0113din\u0101m\u0101 telp\u0101. &nbsp;<\/p>\n","protected":false},"featured_media":89594,"template":"","meta":[],"product_cat":[1797],"product_tag":[],"class_list":{"0":"post-45486","1":"product","2":"type-product","3":"status-publish","4":"has-post-thumbnail","6":"product_brand-slobozanskij-milovar_ua","7":"product_cat-dusas-zelejas-ziepes-putas","9":"first","10":"outofstock","11":"taxable","12":"shipping-taxable","13":"product-type-simple"},"_links":{"self":[{"href":"https:\/\/e.kosmolat.eu\/lv\/wp-json\/wp\/v2\/product\/45486","targetHints":{"allow":["GET"]}}],"collection":[{"href":"https:\/\/e.kosmolat.eu\/lv\/wp-json\/wp\/v2\/product"}],"about":[{"href":"https:\/\/e.kosmolat.eu\/lv\/wp-json\/wp\/v2\/types\/product"}],"wp:featuredmedia":[{"embeddable":true,"href":"https:\/\/e.kosmolat.eu\/lv\/wp-json\/wp\/v2\/media\/89594"}],"wp:attachment":[{"href":"https:\/\/e.kosmolat.eu\/lv\/wp-json\/wp\/v2\/media?parent=45486"}],"wp:term":[{"taxonomy":"product_cat","embeddable":true,"href":"https:\/\/e.kosmolat.eu\/lv\/wp-json\/wp\/v2\/product_cat?post=45486"},{"taxonomy":"product_tag","embeddable":true,"href":"https:\/\/e.kosmolat.eu\/lv\/wp-json\/wp\/v2\/product_tag?post=45486"}],"curies":[{"name":"wp","href":"https:\/\/api.w.org\/{rel}","templated":true}]}}